{"id":9771,"date":"2021-11-16T16:01:54","date_gmt":"2021-11-16T14:01:54","guid":{"rendered":"https:\/\/www.dexeuscampus.com\/dexeus-alumni\/"},"modified":"2026-02-26T12:42:56","modified_gmt":"2026-02-26T11:42:56","slug":"dexeus-alumni","status":"publish","type":"page","link":"https:\/\/www.dexeuscampus.com\/ca\/dexeus-alumni\/","title":{"rendered":"Dexeus Alumni"},"content":{"rendered":"\t\t<div data-elementor-type=\"wp-post\" data-elementor-id=\"9771\" class=\"elementor elementor-9771 elementor-58\" data-elementor-post-type=\"page\">\n\t\t\t\t\t\t<section class=\"elementor-section elementor-top-section elementor-element elementor-element-93b793a elementor-section-full_width elementor-section-height-default elementor-section-height-default\" data-id=\"93b793a\" data-element_type=\"section\" data-e-type=\"section\">\n\t\t\t\t\t\t<div class=\"elementor-container elementor-column-gap-no\">\n\t\t\t\t\t<div class=\"elementor-column elementor-col-100 elementor-top-column elementor-element elementor-element-4e19b6f\" data-id=\"4e19b6f\" data-element_type=\"column\" data-e-type=\"column\">\n\t\t\t<div class=\"elementor-widget-wrap elementor-element-populated\">\n\t\t\t\t\t\t<div class=\"elementor-element elementor-element-8a6bc31 elementor--h-position-left elementor--v-position-middle elementor-arrows-position-inside elementor-pagination-position-inside elementor-invisible elementor-widget elementor-widget-slides\" data-id=\"8a6bc31\" data-element_type=\"widget\" data-e-type=\"widget\" data-settings=\"{&quot;_animation&quot;:&quot;fadeIn&quot;,&quot;navigation&quot;:&quot;both&quot;,&quot;autoplay&quot;:&quot;yes&quot;,&quot;pause_on_hover&quot;:&quot;yes&quot;,&quot;pause_on_interaction&quot;:&quot;yes&quot;,&quot;autoplay_speed&quot;:5000,&quot;infinite&quot;:&quot;yes&quot;,&quot;transition&quot;:&quot;slide&quot;,&quot;transition_speed&quot;:500}\" data-widget_type=\"slides.default\">\n\t\t\t\t<div class=\"elementor-widget-container\">\n\t\t\t\t\t\t\t\t\t<div class=\"elementor-swiper\">\n\t\t\t\t\t<div class=\"elementor-slides-wrapper elementor-main-swiper swiper\" role=\"region\" aria-roledescription=\"carousel\" aria-label=\"Diapositives\" dir=\"ltr\" data-animation=\"fadeInDown\">\n\t\t\t\t<div class=\"swiper-wrapper elementor-slides\">\n\t\t\t\t\t\t\t\t\t\t<div class=\"elementor-repeater-item-457b31e swiper-slide\" role=\"group\" aria-roledescription=\"slide\"><div class=\"swiper-slide-bg\" role=\"img\" aria-label=\"Dexeus Alumni\"><\/div><div class=\"elementor-background-overlay\"><\/div><div class=\"swiper-slide-inner\" ><div class=\"swiper-slide-contents\"><div class=\"elementor-slide-heading\">Dexeus Alumni<\/div><div class=\"elementor-slide-description\"><p>Dexeus Alumni \u00e9s un col\u00b7lectiu de m\u00e9s de 500 professionals formats a l'Escola Dexeus d'Obstetr\u00edcia i Ginecologia<\/p>\n<\/div><\/div><\/div><\/div>\t\t\t\t<\/div>\n\t\t\t\t\t\t\t<\/div>\n\t\t\t\t<\/div>\n\t\t\t\t\t\t\t\t<\/div>\n\t\t\t\t<\/div>\n\t\t\t\t\t<\/div>\n\t\t<\/div>\n\t\t\t\t\t<\/div>\n\t\t<\/section>\n\t\t\t\t<section class=\"elementor-section elementor-top-section elementor-element elementor-element-af75721 elementor-section-boxed elementor-section-height-default elementor-section-height-default\" data-id=\"af75721\" data-element_type=\"section\" data-e-type=\"section\" id=\"breadcrumbs\">\n\t\t\t\t\t\t<div class=\"elementor-container elementor-column-gap-default\">\n\t\t\t\t\t<div class=\"elementor-column elementor-col-100 elementor-top-column elementor-element elementor-element-9017761\" data-id=\"9017761\" data-element_type=\"column\" data-e-type=\"column\">\n\t\t\t<div class=\"elementor-widget-wrap elementor-element-populated\">\n\t\t\t\t\t\t<div class=\"elementor-element elementor-element-189442c elementor-widget elementor-widget-global elementor-global-15972 elementor-widget-shortcode\" data-id=\"189442c\" data-element_type=\"widget\" data-e-type=\"widget\" data-widget_type=\"shortcode.default\">\n\t\t\t\t<div class=\"elementor-widget-container\">\n\t\t\t\t\t<a href=\"https:\/\/www.dexeuscampus.com\/ca\/\" rel=\"nofollow\">Inici<\/a>&nbsp;&nbsp;&#187;&nbsp;&nbsp;Dexeus Alumni\t\t<div class=\"elementor-shortcode\"><\/div>\n\t\t\t\t\t\t<\/div>\n\t\t\t\t<\/div>\n\t\t\t\t\t<\/div>\n\t\t<\/div>\n\t\t\t\t\t<\/div>\n\t\t<\/section>\n\t\t\t\t<section class=\"elementor-section elementor-top-section elementor-element elementor-element-17e35e1 elementor-section-boxed elementor-section-height-default elementor-section-height-default\" data-id=\"17e35e1\" data-element_type=\"section\" data-e-type=\"section\">\n\t\t\t\t\t\t<div class=\"elementor-container elementor-column-gap-default\">\n\t\t\t\t\t<div class=\"elementor-column elementor-col-66 elementor-top-column elementor-element elementor-element-68fa079\" data-id=\"68fa079\" data-element_type=\"column\" data-e-type=\"column\">\n\t\t\t<div class=\"elementor-widget-wrap elementor-element-populated\">\n\t\t\t\t\t\t<div class=\"elementor-element elementor-element-542f0ef elementor-widget elementor-widget-heading\" data-id=\"542f0ef\" data-element_type=\"widget\" data-e-type=\"widget\" data-widget_type=\"heading.default\">\n\t\t\t\t<div class=\"elementor-widget-container\">\n\t\t\t\t\t<h2 class=\"elementor-heading-title elementor-size-default\">Un llegat hist\u00f2ric i un projecte de futur<\/h2>\t\t\t\t<\/div>\n\t\t\t\t<\/div>\n\t\t\t\t<div class=\"elementor-element elementor-element-d321b12 elementor-widget elementor-widget-text-editor\" data-id=\"d321b12\" data-element_type=\"widget\" data-e-type=\"widget\" data-widget_type=\"text-editor.default\">\n\t\t\t\t<div class=\"elementor-widget-container\">\n\t\t\t\t\t\t\t\t\t<p>Dexeus Alumni agrupa actualment m\u00e9s de 500 persones, les quals constitueixen el col\u00b7lectiu de professionals que treballen o s\u2019han format, total o parcialment, en el Departament d&#8217;Obstetr\u00edcia, Ginecologia i Reproducci\u00f3 de Dexeus Dona.<\/p>\n<p>Dexeus Alumni \u00e9s el llegat d&#8217;una escola amb m\u00e9s de 80 anys d&#8217;hist\u00f2ria que no t\u00e9 comparaci\u00f3 en la medicina europea. Tamb\u00e9 \u00e9s un l\u2019il\u00b7lusionant projecte de futur d\u2019un grup professional i hum\u00e0 basat en relacions de cooperaci\u00f3 i suport mutu.<\/p>\n<p>Dexeus Alumni \u00e9s una eina que potencia el networking cient\u00edfic i assistencial dels seus membres i els seus entorns hospitalaris, i que tamb\u00e9 col\u00b7labora estretament amb les companyies asseguradores i els serveis de sanitat p\u00fablica.<\/p>\n<p>Si voleu m\u00e9s informaci\u00f3 contacteu amb:<br \/><a href=\"mailto:dexeusalumni@dexeus.com\">dexeusalumni@dexeus.com<\/a><\/p>\n\t\t\t\t\t\t\t\t<\/div>\n\t\t\t\t<\/div>\n\t\t\t\t\t<\/div>\n\t\t<\/div>\n\t\t\t\t<div class=\"elementor-column elementor-col-33 elementor-top-column elementor-element elementor-element-facc90c\" data-id=\"facc90c\" data-element_type=\"column\" data-e-type=\"column\">\n\t\t\t<div class=\"elementor-widget-wrap elementor-element-populated\">\n\t\t\t\t\t<div class=\"elementor-background-overlay\"><\/div>\n\t\t\t\t\t\t<div class=\"elementor-element elementor-element-a5583e6 elementor-widget elementor-widget-image\" data-id=\"a5583e6\" data-element_type=\"widget\" data-e-type=\"widget\" data-widget_type=\"image.default\">\n\t\t\t\t<div class=\"elementor-widget-container\">\n\t\t\t\t\t\t\t\t\t\t\t\t\t\t\t<img fetchpriority=\"high\" decoding=\"async\" width=\"870\" height=\"744\" src=\"https:\/\/www.dexeuscampus.com\/wp-content\/uploads\/2021\/12\/Logo-Dexeus-Alumni-2021.png\" class=\"attachment-full size-full wp-image-10540\" alt=\"Logo Dexeus Alumni\" srcset=\"https:\/\/www.dexeuscampus.com\/wp-content\/uploads\/2021\/12\/Logo-Dexeus-Alumni-2021.png 870w, https:\/\/www.dexeuscampus.com\/wp-content\/uploads\/2021\/12\/Logo-Dexeus-Alumni-2021-300x257.png 300w, https:\/\/www.dexeuscampus.com\/wp-content\/uploads\/2021\/12\/Logo-Dexeus-Alumni-2021-768x657.png 768w, https:\/\/www.dexeuscampus.com\/wp-content\/uploads\/2021\/12\/Logo-Dexeus-Alumni-2021-600x513.png 600w\" sizes=\"(max-width: 870px) 100vw, 870px\" \/>\t\t\t\t\t\t\t\t\t\t\t\t\t\t\t<\/div>\n\t\t\t\t<\/div>\n\t\t\t\t\t<\/div>\n\t\t<\/div>\n\t\t\t\t\t<\/div>\n\t\t<\/section>\n\t\t\t\t<section class=\"elementor-section elementor-top-section elementor-element elementor-element-587e408 elementor-section-boxed elementor-section-height-default elementor-section-height-default\" data-id=\"587e408\" data-element_type=\"section\" data-e-type=\"section\">\n\t\t\t\t\t\t<div class=\"elementor-container elementor-column-gap-no\">\n\t\t\t\t\t<div class=\"elementor-column elementor-col-100 elementor-top-column elementor-element elementor-element-721236a\" data-id=\"721236a\" data-element_type=\"column\" data-e-type=\"column\">\n\t\t\t<div class=\"elementor-widget-wrap elementor-element-populated\">\n\t\t\t\t\t\t<div class=\"elementor-element elementor-element-d7f05af elementor-widget elementor-widget-gallery\" data-id=\"d7f05af\" data-element_type=\"widget\" data-e-type=\"widget\" data-settings=\"{&quot;columns&quot;:3,&quot;columns_tablet&quot;:3,&quot;lazyload&quot;:&quot;yes&quot;,&quot;gallery_layout&quot;:&quot;grid&quot;,&quot;columns_mobile&quot;:1,&quot;gap&quot;:{&quot;unit&quot;:&quot;px&quot;,&quot;size&quot;:10,&quot;sizes&quot;:[]},&quot;gap_tablet&quot;:{&quot;unit&quot;:&quot;px&quot;,&quot;size&quot;:10,&quot;sizes&quot;:[]},&quot;gap_mobile_extra&quot;:{&quot;unit&quot;:&quot;px&quot;,&quot;size&quot;:10,&quot;sizes&quot;:[]},&quot;gap_mobile&quot;:{&quot;unit&quot;:&quot;px&quot;,&quot;size&quot;:10,&quot;sizes&quot;:[]},&quot;link_to&quot;:&quot;file&quot;,&quot;aspect_ratio&quot;:&quot;3:2&quot;,&quot;content_hover_animation&quot;:&quot;fade-in&quot;}\" data-widget_type=\"gallery.default\">\n\t\t\t\t<div class=\"elementor-widget-container\">\n\t\t\t\t\t\t\t<div class=\"elementor-gallery__container\">\n\t\t\t\t\t\t\t<a class=\"e-gallery-item elementor-gallery-item elementor-animated-content\" href=\"https:\/\/www.dexeuscampus.com\/wp-content\/uploads\/2021\/05\/Alumni-4.jpg\" data-elementor-open-lightbox=\"yes\" data-elementor-lightbox-slideshow=\"d7f05af\" data-elementor-lightbox-title=\"Alumni-4\" data-e-action-hash=\"#elementor-action%3Aaction%3Dlightbox%26settings%3DeyJpZCI6MjM4MywidXJsIjoiaHR0cHM6XC9cL3d3dy5kZXhldXNjYW1wdXMuY29tXC93cC1jb250ZW50XC91cGxvYWRzXC8yMDIxXC8wNVwvQWx1bW5pLTQuanBnIiwic2xpZGVzaG93IjoiZDdmMDVhZiJ9\">\n\t\t\t\t\t<div class=\"e-gallery-image elementor-gallery-item__image\" data-thumbnail=\"https:\/\/www.dexeuscampus.com\/wp-content\/uploads\/2021\/05\/Alumni-4.jpg\" data-width=\"517\" data-height=\"331\" aria-label=\"Dexeus Alumni\" role=\"img\" ><\/div>\n\t\t\t\t\t\t\t\t\t\t\t\t\t\t<\/a>\n\t\t\t\t\t\t\t<a class=\"e-gallery-item elementor-gallery-item elementor-animated-content\" href=\"https:\/\/www.dexeuscampus.com\/wp-content\/uploads\/2021\/05\/Alumni-5.jpg\" data-elementor-open-lightbox=\"yes\" data-elementor-lightbox-slideshow=\"d7f05af\" data-elementor-lightbox-title=\"Alumni-5\" data-e-action-hash=\"#elementor-action%3Aaction%3Dlightbox%26settings%3DeyJpZCI6MjM4NiwidXJsIjoiaHR0cHM6XC9cL3d3dy5kZXhldXNjYW1wdXMuY29tXC93cC1jb250ZW50XC91cGxvYWRzXC8yMDIxXC8wNVwvQWx1bW5pLTUuanBnIiwic2xpZGVzaG93IjoiZDdmMDVhZiJ9\">\n\t\t\t\t\t<div class=\"e-gallery-image elementor-gallery-item__image\" data-thumbnail=\"https:\/\/www.dexeuscampus.com\/wp-content\/uploads\/2021\/05\/Alumni-5.jpg\" data-width=\"709\" data-height=\"532\" aria-label=\"Dexeus Alumni\" role=\"img\" ><\/div>\n\t\t\t\t\t\t\t\t\t\t\t\t\t\t<\/a>\n\t\t\t\t\t\t\t<a class=\"e-gallery-item elementor-gallery-item elementor-animated-content\" href=\"https:\/\/www.dexeuscampus.com\/wp-content\/uploads\/2021\/05\/Alumni-6.jpg\" data-elementor-open-lightbox=\"yes\" data-elementor-lightbox-slideshow=\"d7f05af\" data-elementor-lightbox-title=\"Alumni-6\" data-e-action-hash=\"#elementor-action%3Aaction%3Dlightbox%26settings%3DeyJpZCI6MjM4OSwidXJsIjoiaHR0cHM6XC9cL3d3dy5kZXhldXNjYW1wdXMuY29tXC93cC1jb250ZW50XC91cGxvYWRzXC8yMDIxXC8wNVwvQWx1bW5pLTYuanBnIiwic2xpZGVzaG93IjoiZDdmMDVhZiJ9\">\n\t\t\t\t\t<div class=\"e-gallery-image elementor-gallery-item__image\" data-thumbnail=\"https:\/\/www.dexeuscampus.com\/wp-content\/uploads\/2021\/05\/Alumni-6-1024x683.jpg\" data-width=\"800\" data-height=\"534\" aria-label=\"Dexeus Alumni\" role=\"img\" ><\/div>\n\t\t\t\t\t\t\t\t\t\t\t\t\t\t<\/a>\n\t\t\t\t\t<\/div>\n\t\t\t\t\t<\/div>\n\t\t\t\t<\/div>\n\t\t\t\t\t<\/div>\n\t\t<\/div>\n\t\t\t\t\t<\/div>\n\t\t<\/section>\n\t\t\t\t<\/div>\n\t\t","protected":false},"excerpt":{"rendered":"<p>Dexeus Alumni Dexeus Alumni \u00e9s un col\u00b7lectiu de m\u00e9s de 500 professionals formats a l&#8217;Escola Dexeus d&#8217;Obstetr\u00edcia i Ginecologia Un llegat hist\u00f2ric i un projecte de futur Dexeus Alumni agrupa actualment m\u00e9s de 500 persones, les quals constitueixen el col\u00b7lectiu de professionals que treballen o s\u2019han format, total o parcialment, en el Departament d&#8217;Obstetr\u00edcia, Ginecologia [&hellip;]<\/p>\n","protected":false},"author":1,"featured_media":2195,"parent":0,"menu_order":0,"comment_status":"closed","ping_status":"closed","template":"elementor_header_footer","meta":{"footnotes":""},"class_list":["post-9771","page","type-page","status-publish","has-post-thumbnail","hentry"],"yoast_head":"<!-- This site is optimized with the Yoast SEO plugin v27.5 - https:\/\/yoast.com\/product\/yoast-seo-wordpress\/ -->\n<title>Dexeus Alumni - Dexeus Campus<\/title>\n<meta name=\"description\" content=\"Dexeus AlumniDexeus Alumni \u00e9s un col\u00b7lectiu de m\u00e9s de 500 professionals formats a l&#039;Escola Dexeus d&#039;Obstetr\u00edcia i Ginecologia Un llegat hist\u00f2ric i un\" \/>\n<meta name=\"robots\" content=\"index, follow, max-snippet:-1, max-image-preview:large, max-video-preview:-1\" \/>\n<link rel=\"canonical\" href=\"https:\/\/www.dexeuscampus.com\/ca\/dexeus-alumni\/\" \/>\n<meta property=\"og:locale\" content=\"ca_ES\" \/>\n<meta property=\"og:type\" content=\"article\" \/>\n<meta property=\"og:title\" content=\"Dexeus Alumni - Dexeus Campus\" \/>\n<meta property=\"og:description\" content=\"Dexeus AlumniDexeus Alumni \u00e9s un col\u00b7lectiu de m\u00e9s de 500 professionals formats a l&#039;Escola Dexeus d&#039;Obstetr\u00edcia i Ginecologia Un llegat hist\u00f2ric i un\" \/>\n<meta property=\"og:url\" content=\"https:\/\/www.dexeuscampus.com\/ca\/dexeus-alumni\/\" \/>\n<meta property=\"og:site_name\" content=\"Dexeus Campus\" \/>\n<meta property=\"article:publisher\" content=\"https:\/\/www.facebook.com\/CampusDexeus\" \/>\n<meta property=\"article:modified_time\" content=\"2026-02-26T11:42:56+00:00\" \/>\n<meta property=\"og:image\" content=\"https:\/\/www.dexeuscampus.com\/wp-content\/uploads\/2021\/05\/Dexeus-Alumni-3.jpg\" \/>\n\t<meta property=\"og:image:width\" content=\"1600\" \/>\n\t<meta property=\"og:image:height\" content=\"1200\" \/>\n\t<meta property=\"og:image:type\" content=\"image\/jpeg\" \/>\n<meta name=\"twitter:card\" content=\"summary_large_image\" \/>\n<meta name=\"twitter:site\" content=\"@DexeusCampus\" \/>\n<meta name=\"twitter:label1\" content=\"Temps estimat de lectura\" \/>\n\t<meta name=\"twitter:data1\" content=\"1 minut\" \/>\n<script type=\"application\/ld+json\" class=\"yoast-schema-graph\">{\"@context\":\"https:\\\/\\\/schema.org\",\"@graph\":[{\"@type\":\"WebPage\",\"@id\":\"https:\\\/\\\/www.dexeuscampus.com\\\/ca\\\/dexeus-alumni\\\/\",\"url\":\"https:\\\/\\\/www.dexeuscampus.com\\\/ca\\\/dexeus-alumni\\\/\",\"name\":\"Dexeus Alumni - Dexeus Campus\",\"isPartOf\":{\"@id\":\"https:\\\/\\\/www.dexeuscampus.com\\\/ca\\\/#website\"},\"primaryImageOfPage\":{\"@id\":\"https:\\\/\\\/www.dexeuscampus.com\\\/ca\\\/dexeus-alumni\\\/#primaryimage\"},\"image\":{\"@id\":\"https:\\\/\\\/www.dexeuscampus.com\\\/ca\\\/dexeus-alumni\\\/#primaryimage\"},\"thumbnailUrl\":\"https:\\\/\\\/www.dexeuscampus.com\\\/wp-content\\\/uploads\\\/2021\\\/05\\\/Dexeus-Alumni-3.jpg\",\"datePublished\":\"2021-11-16T14:01:54+00:00\",\"dateModified\":\"2026-02-26T11:42:56+00:00\",\"description\":\"Dexeus AlumniDexeus Alumni \u00e9s un col\u00b7lectiu de m\u00e9s de 500 professionals formats a l'Escola Dexeus d'Obstetr\u00edcia i Ginecologia Un llegat hist\u00f2ric i un\",\"breadcrumb\":{\"@id\":\"https:\\\/\\\/www.dexeuscampus.com\\\/ca\\\/dexeus-alumni\\\/#breadcrumb\"},\"inLanguage\":\"ca\",\"potentialAction\":[{\"@type\":\"ReadAction\",\"target\":[\"https:\\\/\\\/www.dexeuscampus.com\\\/ca\\\/dexeus-alumni\\\/\"]}]},{\"@type\":\"ImageObject\",\"inLanguage\":\"ca\",\"@id\":\"https:\\\/\\\/www.dexeuscampus.com\\\/ca\\\/dexeus-alumni\\\/#primaryimage\",\"url\":\"https:\\\/\\\/www.dexeuscampus.com\\\/wp-content\\\/uploads\\\/2021\\\/05\\\/Dexeus-Alumni-3.jpg\",\"contentUrl\":\"https:\\\/\\\/www.dexeuscampus.com\\\/wp-content\\\/uploads\\\/2021\\\/05\\\/Dexeus-Alumni-3.jpg\",\"width\":1600,\"height\":1200,\"caption\":\"Dexeus Alumni\"},{\"@type\":\"BreadcrumbList\",\"@id\":\"https:\\\/\\\/www.dexeuscampus.com\\\/ca\\\/dexeus-alumni\\\/#breadcrumb\",\"itemListElement\":[{\"@type\":\"ListItem\",\"position\":1,\"name\":\"Portada\",\"item\":\"https:\\\/\\\/www.dexeuscampus.com\\\/ca\\\/inici\\\/\"},{\"@type\":\"ListItem\",\"position\":2,\"name\":\"Dexeus Alumni\"}]},{\"@type\":\"WebSite\",\"@id\":\"https:\\\/\\\/www.dexeuscampus.com\\\/ca\\\/#website\",\"url\":\"https:\\\/\\\/www.dexeuscampus.com\\\/ca\\\/\",\"name\":\"Dexeus Campus\",\"description\":\"Plataforma online dirigida a los profesionales especializados en obstetricia, ginecolog\u00eda y reproducci\u00f3n\",\"publisher\":{\"@id\":\"https:\\\/\\\/www.dexeuscampus.com\\\/ca\\\/#organization\"},\"potentialAction\":[{\"@type\":\"SearchAction\",\"target\":{\"@type\":\"EntryPoint\",\"urlTemplate\":\"https:\\\/\\\/www.dexeuscampus.com\\\/ca\\\/?s={search_term_string}\"},\"query-input\":{\"@type\":\"PropertyValueSpecification\",\"valueRequired\":true,\"valueName\":\"search_term_string\"}}],\"inLanguage\":\"ca\"},{\"@type\":\"Organization\",\"@id\":\"https:\\\/\\\/www.dexeuscampus.com\\\/ca\\\/#organization\",\"name\":\"DEXEUS CAMPUS. FUNDACI\u00d3 DEXEUS DONA\",\"url\":\"https:\\\/\\\/www.dexeuscampus.com\\\/ca\\\/\",\"logo\":{\"@type\":\"ImageObject\",\"inLanguage\":\"ca\",\"@id\":\"https:\\\/\\\/www.dexeuscampus.com\\\/ca\\\/#\\\/schema\\\/logo\\\/image\\\/\",\"url\":\"https:\\\/\\\/www.dexeuscampus.com\\\/wp-content\\\/uploads\\\/2021\\\/03\\\/Logo-Campus-Dexeus.png\",\"contentUrl\":\"https:\\\/\\\/www.dexeuscampus.com\\\/wp-content\\\/uploads\\\/2021\\\/03\\\/Logo-Campus-Dexeus.png\",\"width\":2068,\"height\":1773,\"caption\":\"DEXEUS CAMPUS. FUNDACI\u00d3 DEXEUS DONA\"},\"image\":{\"@id\":\"https:\\\/\\\/www.dexeuscampus.com\\\/ca\\\/#\\\/schema\\\/logo\\\/image\\\/\"},\"sameAs\":[\"https:\\\/\\\/www.facebook.com\\\/CampusDexeus\",\"https:\\\/\\\/x.com\\\/DexeusCampus\",\"https:\\\/\\\/www.youtube.com\\\/user\\\/DexeusCampus\",\"https:\\\/\\\/vimeo.com\\\/dexeuscampus\",\"https:\\\/\\\/www.linkedin.com\\\/company\\\/dexeusmujer\"]}]}<\/script>\n<!-- \/ Yoast SEO plugin. -->","yoast_head_json":{"title":"Dexeus Alumni - Dexeus Campus","description":"Dexeus AlumniDexeus Alumni \u00e9s un col\u00b7lectiu de m\u00e9s de 500 professionals formats a l'Escola Dexeus d'Obstetr\u00edcia i Ginecologia Un llegat hist\u00f2ric i un","robots":{"index":"index","follow":"follow","max-snippet":"max-snippet:-1","max-image-preview":"max-image-preview:large","max-video-preview":"max-video-preview:-1"},"canonical":"https:\/\/www.dexeuscampus.com\/ca\/dexeus-alumni\/","og_locale":"ca_ES","og_type":"article","og_title":"Dexeus Alumni - Dexeus Campus","og_description":"Dexeus AlumniDexeus Alumni \u00e9s un col\u00b7lectiu de m\u00e9s de 500 professionals formats a l'Escola Dexeus d'Obstetr\u00edcia i Ginecologia Un llegat hist\u00f2ric i un","og_url":"https:\/\/www.dexeuscampus.com\/ca\/dexeus-alumni\/","og_site_name":"Dexeus Campus","article_publisher":"https:\/\/www.facebook.com\/CampusDexeus","article_modified_time":"2026-02-26T11:42:56+00:00","og_image":[{"width":1600,"height":1200,"url":"https:\/\/www.dexeuscampus.com\/wp-content\/uploads\/2021\/05\/Dexeus-Alumni-3.jpg","type":"image\/jpeg"}],"twitter_card":"summary_large_image","twitter_site":"@DexeusCampus","twitter_misc":{"Temps estimat de lectura":"1 minut"},"schema":{"@context":"https:\/\/schema.org","@graph":[{"@type":"WebPage","@id":"https:\/\/www.dexeuscampus.com\/ca\/dexeus-alumni\/","url":"https:\/\/www.dexeuscampus.com\/ca\/dexeus-alumni\/","name":"Dexeus Alumni - Dexeus Campus","isPartOf":{"@id":"https:\/\/www.dexeuscampus.com\/ca\/#website"},"primaryImageOfPage":{"@id":"https:\/\/www.dexeuscampus.com\/ca\/dexeus-alumni\/#primaryimage"},"image":{"@id":"https:\/\/www.dexeuscampus.com\/ca\/dexeus-alumni\/#primaryimage"},"thumbnailUrl":"https:\/\/www.dexeuscampus.com\/wp-content\/uploads\/2021\/05\/Dexeus-Alumni-3.jpg","datePublished":"2021-11-16T14:01:54+00:00","dateModified":"2026-02-26T11:42:56+00:00","description":"Dexeus AlumniDexeus Alumni \u00e9s un col\u00b7lectiu de m\u00e9s de 500 professionals formats a l'Escola Dexeus d'Obstetr\u00edcia i Ginecologia Un llegat hist\u00f2ric i un","breadcrumb":{"@id":"https:\/\/www.dexeuscampus.com\/ca\/dexeus-alumni\/#breadcrumb"},"inLanguage":"ca","potentialAction":[{"@type":"ReadAction","target":["https:\/\/www.dexeuscampus.com\/ca\/dexeus-alumni\/"]}]},{"@type":"ImageObject","inLanguage":"ca","@id":"https:\/\/www.dexeuscampus.com\/ca\/dexeus-alumni\/#primaryimage","url":"https:\/\/www.dexeuscampus.com\/wp-content\/uploads\/2021\/05\/Dexeus-Alumni-3.jpg","contentUrl":"https:\/\/www.dexeuscampus.com\/wp-content\/uploads\/2021\/05\/Dexeus-Alumni-3.jpg","width":1600,"height":1200,"caption":"Dexeus Alumni"},{"@type":"BreadcrumbList","@id":"https:\/\/www.dexeuscampus.com\/ca\/dexeus-alumni\/#breadcrumb","itemListElement":[{"@type":"ListItem","position":1,"name":"Portada","item":"https:\/\/www.dexeuscampus.com\/ca\/inici\/"},{"@type":"ListItem","position":2,"name":"Dexeus Alumni"}]},{"@type":"WebSite","@id":"https:\/\/www.dexeuscampus.com\/ca\/#website","url":"https:\/\/www.dexeuscampus.com\/ca\/","name":"Dexeus Campus","description":"Plataforma online dirigida a los profesionales especializados en obstetricia, ginecolog\u00eda y reproducci\u00f3n","publisher":{"@id":"https:\/\/www.dexeuscampus.com\/ca\/#organization"},"potentialAction":[{"@type":"SearchAction","target":{"@type":"EntryPoint","urlTemplate":"https:\/\/www.dexeuscampus.com\/ca\/?s={search_term_string}"},"query-input":{"@type":"PropertyValueSpecification","valueRequired":true,"valueName":"search_term_string"}}],"inLanguage":"ca"},{"@type":"Organization","@id":"https:\/\/www.dexeuscampus.com\/ca\/#organization","name":"DEXEUS CAMPUS. FUNDACI\u00d3 DEXEUS DONA","url":"https:\/\/www.dexeuscampus.com\/ca\/","logo":{"@type":"ImageObject","inLanguage":"ca","@id":"https:\/\/www.dexeuscampus.com\/ca\/#\/schema\/logo\/image\/","url":"https:\/\/www.dexeuscampus.com\/wp-content\/uploads\/2021\/03\/Logo-Campus-Dexeus.png","contentUrl":"https:\/\/www.dexeuscampus.com\/wp-content\/uploads\/2021\/03\/Logo-Campus-Dexeus.png","width":2068,"height":1773,"caption":"DEXEUS CAMPUS. FUNDACI\u00d3 DEXEUS DONA"},"image":{"@id":"https:\/\/www.dexeuscampus.com\/ca\/#\/schema\/logo\/image\/"},"sameAs":["https:\/\/www.facebook.com\/CampusDexeus","https:\/\/x.com\/DexeusCampus","https:\/\/www.youtube.com\/user\/DexeusCampus","https:\/\/vimeo.com\/dexeuscampus","https:\/\/www.linkedin.com\/company\/dexeusmujer"]}]}},"_links":{"self":[{"href":"https:\/\/www.dexeuscampus.com\/ca\/wp-json\/wp\/v2\/pages\/9771","targetHints":{"allow":["GET"]}}],"collection":[{"href":"https:\/\/www.dexeuscampus.com\/ca\/wp-json\/wp\/v2\/pages"}],"about":[{"href":"https:\/\/www.dexeuscampus.com\/ca\/wp-json\/wp\/v2\/types\/page"}],"author":[{"embeddable":true,"href":"https:\/\/www.dexeuscampus.com\/ca\/wp-json\/wp\/v2\/users\/1"}],"replies":[{"embeddable":true,"href":"https:\/\/www.dexeuscampus.com\/ca\/wp-json\/wp\/v2\/comments?post=9771"}],"version-history":[{"count":1,"href":"https:\/\/www.dexeuscampus.com\/ca\/wp-json\/wp\/v2\/pages\/9771\/revisions"}],"predecessor-version":[{"id":37902,"href":"https:\/\/www.dexeuscampus.com\/ca\/wp-json\/wp\/v2\/pages\/9771\/revisions\/37902"}],"wp:featuredmedia":[{"embeddable":true,"href":"https:\/\/www.dexeuscampus.com\/ca\/wp-json\/wp\/v2\/media\/2195"}],"wp:attachment":[{"href":"https:\/\/www.dexeuscampus.com\/ca\/wp-json\/wp\/v2\/media?parent=9771"}],"curies":[{"name":"wp","href":"https:\/\/api.w.org\/{rel}","templated":true}]}}