{"id":15884,"date":"2022-06-14T18:19:39","date_gmt":"2022-06-14T17:19:39","guid":{"rendered":"https:\/\/www.dexeuscampus.com\/?post_type=product&#038;p=15884"},"modified":"2024-03-21T17:28:35","modified_gmt":"2024-03-21T16:28:35","slug":"colposcopia-patologia-tracte-genital-inferior-2022","status":"publish","type":"product","link":"https:\/\/www.dexeuscampus.com\/ca\/activitats\/colposcopia-patologia-tracte-genital-inferior-2022\/","title":{"rendered":"Actualitzaci\u00f3 en colposc\u00f2pia i patologia del tracte genital inferior &#8211; 2022"},"content":{"rendered":"<p>El curs pret\u00e9n aportar<strong> una visi\u00f3 global sobre <\/strong><strong>colposcopia i patologia del tracte genital inferior.<\/strong> La modificaci\u00f3n del instrumental, la introducci\u00f3n de nuevas t\u00e9cnicas e indicaciones, as\u00ed como la incorporaci\u00f3n de nuevos algoritmos tanto en la prevenci\u00f3n como en el diagn\u00f3stico y el tratamiento comportan cambios sustanciales que deben ser conocidos en profundidad para aplicarlos en la pr\u00e1ctica diaria. Tambi\u00e9n, dada su importancia en el futuro en la ginecolog\u00eda moderna, se ha incluido un tema sobre el <strong>papel de la ginecolog\u00eda reparativa<\/strong> en esta \u00e1rea<strong>.<\/strong> <\/p>\n","protected":false},"excerpt":{"rendered":"<p>El curs pret\u00e9n aportar una visi\u00f3 global sobre colposcopia i patologia del tracte genital inferior. La modificaci\u00f3n del instrumental, la introducci\u00f3n de nuevas t\u00e9cnicas e indicaciones, as\u00ed como la incorporaci\u00f3n de nuevos algoritmos tanto en la prevenci\u00f3n como en el diagn\u00f3stico y el tratamiento comportan cambios sustanciales que deben ser conocidos en profundidad para aplicarlos [&hellip;]<\/p>\n","protected":false},"featured_media":18333,"comment_status":"open","ping_status":"closed","template":"","meta":[],"product_brand":[],"product_cat":[27],"product_tag":[],"modalidad":[167],"area":[168],"idioma":[166],"estado-del-curso":[444],"class_list":{"0":"post-15884","1":"product","2":"type-product","3":"status-publish","4":"has-post-thumbnail","6":"product_cat-sense-categoria","7":"modalidad-online-ca","8":"area-ginecologia-ca","9":"idioma-espanyol","10":"estado-del-curso-historico","12":"first","13":"outofstock","14":"featured","15":"virtual","16":"purchasable","17":"product-type-simple"},"yoast_head":"<!-- This site is optimized with the Yoast SEO plugin v27.3 - https:\/\/yoast.com\/product\/yoast-seo-wordpress\/ -->\n<title>Actualitzaci\u00f3 en colposc\u00f2pia i patologia del tracte genital inferior - 2022 - Dexeus Campus<\/title>\n<meta name=\"description\" content=\"El curs pret\u00e9n aportar una visi\u00f3 global sobre colposcopia i patologia del tracte genital inferior. La modificaci\u00f3n del instrumental, la introducci\u00f3n de\" \/>\n<meta name=\"robots\" content=\"index, follow, max-snippet:-1, max-image-preview:large, max-video-preview:-1\" \/>\n<link rel=\"canonical\" href=\"https:\/\/www.dexeuscampus.com\/ca\/activitats\/colposcopia-patologia-tracte-genital-inferior-2022\/\" \/>\n<meta property=\"og:locale\" content=\"ca_ES\" \/>\n<meta property=\"og:type\" content=\"article\" \/>\n<meta property=\"og:title\" content=\"Actualitzaci\u00f3 en colposc\u00f2pia i patologia del tracte genital inferior - 2022 - Dexeus Campus\" \/>\n<meta property=\"og:description\" content=\"El curs pret\u00e9n aportar una visi\u00f3 global sobre colposcopia i patologia del tracte genital inferior. La modificaci\u00f3n del instrumental, la introducci\u00f3n de\" \/>\n<meta property=\"og:url\" content=\"https:\/\/www.dexeuscampus.com\/ca\/activitats\/colposcopia-patologia-tracte-genital-inferior-2022\/\" \/>\n<meta property=\"og:site_name\" content=\"Dexeus Campus\" \/>\n<meta property=\"article:publisher\" content=\"https:\/\/www.facebook.com\/CampusDexeus\" \/>\n<meta property=\"article:modified_time\" content=\"2024-03-21T16:28:35+00:00\" \/>\n<meta property=\"og:image\" content=\"https:\/\/www.dexeuscampus.com\/wp-content\/uploads\/2022\/06\/colposcopia-patologia-cervical-2022-ok.jpg\" \/>\n\t<meta property=\"og:image:width\" content=\"452\" \/>\n\t<meta property=\"og:image:height\" content=\"567\" \/>\n\t<meta property=\"og:image:type\" content=\"image\/jpeg\" \/>\n<meta name=\"twitter:card\" content=\"summary_large_image\" \/>\n<meta name=\"twitter:site\" content=\"@DexeusCampus\" \/>\n<meta name=\"twitter:label1\" content=\"Temps estimat de lectura\" \/>\n\t<meta name=\"twitter:data1\" content=\"4 minuts\" \/>\n<script type=\"application\/ld+json\" class=\"yoast-schema-graph\">{\"@context\":\"https:\\\/\\\/schema.org\",\"@graph\":[{\"@type\":\"WebPage\",\"@id\":\"https:\\\/\\\/www.dexeuscampus.com\\\/ca\\\/activitats\\\/colposcopia-patologia-tracte-genital-inferior-2022\\\/\",\"url\":\"https:\\\/\\\/www.dexeuscampus.com\\\/ca\\\/activitats\\\/colposcopia-patologia-tracte-genital-inferior-2022\\\/\",\"name\":\"Actualitzaci\u00f3 en colposc\u00f2pia i patologia del tracte genital inferior - 2022 - Dexeus Campus\",\"isPartOf\":{\"@id\":\"https:\\\/\\\/www.dexeuscampus.com\\\/ca\\\/#website\"},\"primaryImageOfPage\":{\"@id\":\"https:\\\/\\\/www.dexeuscampus.com\\\/ca\\\/activitats\\\/colposcopia-patologia-tracte-genital-inferior-2022\\\/#primaryimage\"},\"image\":{\"@id\":\"https:\\\/\\\/www.dexeuscampus.com\\\/ca\\\/activitats\\\/colposcopia-patologia-tracte-genital-inferior-2022\\\/#primaryimage\"},\"thumbnailUrl\":\"https:\\\/\\\/www.dexeuscampus.com\\\/wp-content\\\/uploads\\\/2022\\\/06\\\/colposcopia-patologia-cervical-2022-ok.jpg\",\"datePublished\":\"2022-06-14T17:19:39+00:00\",\"dateModified\":\"2024-03-21T16:28:35+00:00\",\"description\":\"El curs pret\u00e9n aportar una visi\u00f3 global sobre colposcopia i patologia del tracte genital inferior. La modificaci\u00f3n del instrumental, la introducci\u00f3n de\",\"breadcrumb\":{\"@id\":\"https:\\\/\\\/www.dexeuscampus.com\\\/ca\\\/activitats\\\/colposcopia-patologia-tracte-genital-inferior-2022\\\/#breadcrumb\"},\"inLanguage\":\"ca\",\"potentialAction\":[{\"@type\":\"ReadAction\",\"target\":[\"https:\\\/\\\/www.dexeuscampus.com\\\/ca\\\/activitats\\\/colposcopia-patologia-tracte-genital-inferior-2022\\\/\"]}]},{\"@type\":\"ImageObject\",\"inLanguage\":\"ca\",\"@id\":\"https:\\\/\\\/www.dexeuscampus.com\\\/ca\\\/activitats\\\/colposcopia-patologia-tracte-genital-inferior-2022\\\/#primaryimage\",\"url\":\"https:\\\/\\\/www.dexeuscampus.com\\\/wp-content\\\/uploads\\\/2022\\\/06\\\/colposcopia-patologia-cervical-2022-ok.jpg\",\"contentUrl\":\"https:\\\/\\\/www.dexeuscampus.com\\\/wp-content\\\/uploads\\\/2022\\\/06\\\/colposcopia-patologia-cervical-2022-ok.jpg\",\"width\":452,\"height\":567},{\"@type\":\"BreadcrumbList\",\"@id\":\"https:\\\/\\\/www.dexeuscampus.com\\\/ca\\\/activitats\\\/colposcopia-patologia-tracte-genital-inferior-2022\\\/#breadcrumb\",\"itemListElement\":[{\"@type\":\"ListItem\",\"position\":1,\"name\":\"Portada\",\"item\":\"https:\\\/\\\/www.dexeuscampus.com\\\/ca\\\/inici\\\/\"},{\"@type\":\"ListItem\",\"position\":2,\"name\":\"Tienda\",\"item\":\"https:\\\/\\\/www.dexeuscampus.com\\\/ca\\\/tienda-2\\\/\"},{\"@type\":\"ListItem\",\"position\":3,\"name\":\"Actualitzaci\u00f3 en colposc\u00f2pia i patologia del tracte genital inferior &#8211; 2022\"}]},{\"@type\":\"WebSite\",\"@id\":\"https:\\\/\\\/www.dexeuscampus.com\\\/ca\\\/#website\",\"url\":\"https:\\\/\\\/www.dexeuscampus.com\\\/ca\\\/\",\"name\":\"Dexeus Campus\",\"description\":\"Plataforma online dirigida a los profesionales especializados en obstetricia, ginecolog\u00eda y reproducci\u00f3n\",\"publisher\":{\"@id\":\"https:\\\/\\\/www.dexeuscampus.com\\\/ca\\\/#organization\"},\"potentialAction\":[{\"@type\":\"SearchAction\",\"target\":{\"@type\":\"EntryPoint\",\"urlTemplate\":\"https:\\\/\\\/www.dexeuscampus.com\\\/ca\\\/?s={search_term_string}\"},\"query-input\":{\"@type\":\"PropertyValueSpecification\",\"valueRequired\":true,\"valueName\":\"search_term_string\"}}],\"inLanguage\":\"ca\"},{\"@type\":\"Organization\",\"@id\":\"https:\\\/\\\/www.dexeuscampus.com\\\/ca\\\/#organization\",\"name\":\"DEXEUS CAMPUS. FUNDACI\u00d3 DEXEUS DONA\",\"url\":\"https:\\\/\\\/www.dexeuscampus.com\\\/ca\\\/\",\"logo\":{\"@type\":\"ImageObject\",\"inLanguage\":\"ca\",\"@id\":\"https:\\\/\\\/www.dexeuscampus.com\\\/ca\\\/#\\\/schema\\\/logo\\\/image\\\/\",\"url\":\"https:\\\/\\\/www.dexeuscampus.com\\\/wp-content\\\/uploads\\\/2021\\\/03\\\/Logo-Campus-Dexeus.png\",\"contentUrl\":\"https:\\\/\\\/www.dexeuscampus.com\\\/wp-content\\\/uploads\\\/2021\\\/03\\\/Logo-Campus-Dexeus.png\",\"width\":2068,\"height\":1773,\"caption\":\"DEXEUS CAMPUS. FUNDACI\u00d3 DEXEUS DONA\"},\"image\":{\"@id\":\"https:\\\/\\\/www.dexeuscampus.com\\\/ca\\\/#\\\/schema\\\/logo\\\/image\\\/\"},\"sameAs\":[\"https:\\\/\\\/www.facebook.com\\\/CampusDexeus\",\"https:\\\/\\\/x.com\\\/DexeusCampus\",\"https:\\\/\\\/www.youtube.com\\\/user\\\/DexeusCampus\",\"https:\\\/\\\/vimeo.com\\\/dexeuscampus\",\"https:\\\/\\\/www.linkedin.com\\\/company\\\/dexeusmujer\"]}]}<\/script>\n<!-- \/ Yoast SEO plugin. -->","yoast_head_json":{"title":"Actualitzaci\u00f3 en colposc\u00f2pia i patologia del tracte genital inferior - 2022 - Dexeus Campus","description":"El curs pret\u00e9n aportar una visi\u00f3 global sobre colposcopia i patologia del tracte genital inferior. La modificaci\u00f3n del instrumental, la introducci\u00f3n de","robots":{"index":"index","follow":"follow","max-snippet":"max-snippet:-1","max-image-preview":"max-image-preview:large","max-video-preview":"max-video-preview:-1"},"canonical":"https:\/\/www.dexeuscampus.com\/ca\/activitats\/colposcopia-patologia-tracte-genital-inferior-2022\/","og_locale":"ca_ES","og_type":"article","og_title":"Actualitzaci\u00f3 en colposc\u00f2pia i patologia del tracte genital inferior - 2022 - Dexeus Campus","og_description":"El curs pret\u00e9n aportar una visi\u00f3 global sobre colposcopia i patologia del tracte genital inferior. La modificaci\u00f3n del instrumental, la introducci\u00f3n de","og_url":"https:\/\/www.dexeuscampus.com\/ca\/activitats\/colposcopia-patologia-tracte-genital-inferior-2022\/","og_site_name":"Dexeus Campus","article_publisher":"https:\/\/www.facebook.com\/CampusDexeus","article_modified_time":"2024-03-21T16:28:35+00:00","og_image":[{"width":452,"height":567,"url":"https:\/\/www.dexeuscampus.com\/wp-content\/uploads\/2022\/06\/colposcopia-patologia-cervical-2022-ok.jpg","type":"image\/jpeg"}],"twitter_card":"summary_large_image","twitter_site":"@DexeusCampus","twitter_misc":{"Temps estimat de lectura":"4 minuts"},"schema":{"@context":"https:\/\/schema.org","@graph":[{"@type":"WebPage","@id":"https:\/\/www.dexeuscampus.com\/ca\/activitats\/colposcopia-patologia-tracte-genital-inferior-2022\/","url":"https:\/\/www.dexeuscampus.com\/ca\/activitats\/colposcopia-patologia-tracte-genital-inferior-2022\/","name":"Actualitzaci\u00f3 en colposc\u00f2pia i patologia del tracte genital inferior - 2022 - Dexeus Campus","isPartOf":{"@id":"https:\/\/www.dexeuscampus.com\/ca\/#website"},"primaryImageOfPage":{"@id":"https:\/\/www.dexeuscampus.com\/ca\/activitats\/colposcopia-patologia-tracte-genital-inferior-2022\/#primaryimage"},"image":{"@id":"https:\/\/www.dexeuscampus.com\/ca\/activitats\/colposcopia-patologia-tracte-genital-inferior-2022\/#primaryimage"},"thumbnailUrl":"https:\/\/www.dexeuscampus.com\/wp-content\/uploads\/2022\/06\/colposcopia-patologia-cervical-2022-ok.jpg","datePublished":"2022-06-14T17:19:39+00:00","dateModified":"2024-03-21T16:28:35+00:00","description":"El curs pret\u00e9n aportar una visi\u00f3 global sobre colposcopia i patologia del tracte genital inferior. La modificaci\u00f3n del instrumental, la introducci\u00f3n de","breadcrumb":{"@id":"https:\/\/www.dexeuscampus.com\/ca\/activitats\/colposcopia-patologia-tracte-genital-inferior-2022\/#breadcrumb"},"inLanguage":"ca","potentialAction":[{"@type":"ReadAction","target":["https:\/\/www.dexeuscampus.com\/ca\/activitats\/colposcopia-patologia-tracte-genital-inferior-2022\/"]}]},{"@type":"ImageObject","inLanguage":"ca","@id":"https:\/\/www.dexeuscampus.com\/ca\/activitats\/colposcopia-patologia-tracte-genital-inferior-2022\/#primaryimage","url":"https:\/\/www.dexeuscampus.com\/wp-content\/uploads\/2022\/06\/colposcopia-patologia-cervical-2022-ok.jpg","contentUrl":"https:\/\/www.dexeuscampus.com\/wp-content\/uploads\/2022\/06\/colposcopia-patologia-cervical-2022-ok.jpg","width":452,"height":567},{"@type":"BreadcrumbList","@id":"https:\/\/www.dexeuscampus.com\/ca\/activitats\/colposcopia-patologia-tracte-genital-inferior-2022\/#breadcrumb","itemListElement":[{"@type":"ListItem","position":1,"name":"Portada","item":"https:\/\/www.dexeuscampus.com\/ca\/inici\/"},{"@type":"ListItem","position":2,"name":"Tienda","item":"https:\/\/www.dexeuscampus.com\/ca\/tienda-2\/"},{"@type":"ListItem","position":3,"name":"Actualitzaci\u00f3 en colposc\u00f2pia i patologia del tracte genital inferior &#8211; 2022"}]},{"@type":"WebSite","@id":"https:\/\/www.dexeuscampus.com\/ca\/#website","url":"https:\/\/www.dexeuscampus.com\/ca\/","name":"Dexeus Campus","description":"Plataforma online dirigida a los profesionales especializados en obstetricia, ginecolog\u00eda y reproducci\u00f3n","publisher":{"@id":"https:\/\/www.dexeuscampus.com\/ca\/#organization"},"potentialAction":[{"@type":"SearchAction","target":{"@type":"EntryPoint","urlTemplate":"https:\/\/www.dexeuscampus.com\/ca\/?s={search_term_string}"},"query-input":{"@type":"PropertyValueSpecification","valueRequired":true,"valueName":"search_term_string"}}],"inLanguage":"ca"},{"@type":"Organization","@id":"https:\/\/www.dexeuscampus.com\/ca\/#organization","name":"DEXEUS CAMPUS. FUNDACI\u00d3 DEXEUS DONA","url":"https:\/\/www.dexeuscampus.com\/ca\/","logo":{"@type":"ImageObject","inLanguage":"ca","@id":"https:\/\/www.dexeuscampus.com\/ca\/#\/schema\/logo\/image\/","url":"https:\/\/www.dexeuscampus.com\/wp-content\/uploads\/2021\/03\/Logo-Campus-Dexeus.png","contentUrl":"https:\/\/www.dexeuscampus.com\/wp-content\/uploads\/2021\/03\/Logo-Campus-Dexeus.png","width":2068,"height":1773,"caption":"DEXEUS CAMPUS. FUNDACI\u00d3 DEXEUS DONA"},"image":{"@id":"https:\/\/www.dexeuscampus.com\/ca\/#\/schema\/logo\/image\/"},"sameAs":["https:\/\/www.facebook.com\/CampusDexeus","https:\/\/x.com\/DexeusCampus","https:\/\/www.youtube.com\/user\/DexeusCampus","https:\/\/vimeo.com\/dexeuscampus","https:\/\/www.linkedin.com\/company\/dexeusmujer"]}]}},"_links":{"self":[{"href":"https:\/\/www.dexeuscampus.com\/ca\/wp-json\/wp\/v2\/product\/15884","targetHints":{"allow":["GET"]}}],"collection":[{"href":"https:\/\/www.dexeuscampus.com\/ca\/wp-json\/wp\/v2\/product"}],"about":[{"href":"https:\/\/www.dexeuscampus.com\/ca\/wp-json\/wp\/v2\/types\/product"}],"replies":[{"embeddable":true,"href":"https:\/\/www.dexeuscampus.com\/ca\/wp-json\/wp\/v2\/comments?post=15884"}],"wp:featuredmedia":[{"embeddable":true,"href":"https:\/\/www.dexeuscampus.com\/ca\/wp-json\/wp\/v2\/media\/18333"}],"wp:attachment":[{"href":"https:\/\/www.dexeuscampus.com\/ca\/wp-json\/wp\/v2\/media?parent=15884"}],"wp:term":[{"taxonomy":"product_brand","embeddable":true,"href":"https:\/\/www.dexeuscampus.com\/ca\/wp-json\/wp\/v2\/product_brand?post=15884"},{"taxonomy":"product_cat","embeddable":true,"href":"https:\/\/www.dexeuscampus.com\/ca\/wp-json\/wp\/v2\/product_cat?post=15884"},{"taxonomy":"product_tag","embeddable":true,"href":"https:\/\/www.dexeuscampus.com\/ca\/wp-json\/wp\/v2\/product_tag?post=15884"},{"taxonomy":"modalidad","embeddable":true,"href":"https:\/\/www.dexeuscampus.com\/ca\/wp-json\/wp\/v2\/modalidad?post=15884"},{"taxonomy":"area","embeddable":true,"href":"https:\/\/www.dexeuscampus.com\/ca\/wp-json\/wp\/v2\/area?post=15884"},{"taxonomy":"idioma","embeddable":true,"href":"https:\/\/www.dexeuscampus.com\/ca\/wp-json\/wp\/v2\/idioma?post=15884"},{"taxonomy":"estado-del-curso","embeddable":true,"href":"https:\/\/www.dexeuscampus.com\/ca\/wp-json\/wp\/v2\/estado-del-curso?post=15884"}],"curies":[{"name":"wp","href":"https:\/\/api.w.org\/{rel}","templated":true}]}}