{"id":24284,"date":"2023-03-21T12:37:23","date_gmt":"2023-03-21T11:37:23","guid":{"rendered":"https:\/\/www.dexeuscampus.com\/?post_type=product&#038;p=24284"},"modified":"2024-03-08T13:58:07","modified_gmt":"2024-03-08T12:58:07","slug":"cribratge-genetic-gestion-reaccions","status":"publish","type":"product","link":"https:\/\/www.dexeuscampus.com\/ca\/activitats\/cribratge-genetic-gestion-reaccions\/","title":{"rendered":"Cribratge gen\u00e8tic en donants i Gesti\u00f3 de reaccions adverses greus &#8211; 2023"},"content":{"rendered":"<p>Curs d&#8217;aplicaci\u00f3 pr\u00e0ctica que aprofundeix en la valoraci\u00f3 i l&#8217;acceptaci\u00f3 dels candidats en programes de donaci\u00f3 i bancs de g\u00e0metes considerant els riscos gen\u00e8tics per a la descend\u00e8ncia.<\/p>\n","protected":false},"excerpt":{"rendered":"<p>Curs d&#8217;aplicaci\u00f3 pr\u00e0ctica que aprofundeix en la valoraci\u00f3 i l&#8217;acceptaci\u00f3 dels candidats en programes de donaci\u00f3 i bancs de g\u00e0metes considerant els riscos gen\u00e8tics per a la descend\u00e8ncia.<\/p>\n","protected":false},"featured_media":24287,"comment_status":"open","ping_status":"closed","template":"","meta":[],"product_brand":[],"product_cat":[27],"product_tag":[],"modalidad":[167],"area":[170],"idioma":[166],"estado-del-curso":[444],"class_list":{"0":"post-24284","1":"product","2":"type-product","3":"status-publish","4":"has-post-thumbnail","6":"product_cat-sense-categoria","7":"modalidad-online-ca","8":"area-biologia-de-la-reproduccio","9":"idioma-espanyol","10":"estado-del-curso-historico","12":"first","13":"outofstock","14":"featured","15":"virtual","16":"purchasable","17":"product-type-simple"},"yoast_head":"<!-- This site is optimized with the Yoast SEO plugin v27.3 - https:\/\/yoast.com\/product\/yoast-seo-wordpress\/ -->\n<title>Cribratge gen\u00e8tic en donants i Gesti\u00f3 de reaccions adverses greus - 2023 - Dexeus Campus<\/title>\n<meta name=\"description\" content=\"Curs d&#039;aplicaci\u00f3 pr\u00e0ctica que aprofundeix en la valoraci\u00f3 i l&#039;acceptaci\u00f3 dels candidats en programes de donaci\u00f3 i bancs de g\u00e0metes considerant els riscos\" \/>\n<meta name=\"robots\" content=\"index, follow, max-snippet:-1, max-image-preview:large, max-video-preview:-1\" \/>\n<link rel=\"canonical\" href=\"https:\/\/www.dexeuscampus.com\/ca\/activitats\/cribratge-genetic-gestion-reaccions\/\" \/>\n<meta property=\"og:locale\" content=\"ca_ES\" \/>\n<meta property=\"og:type\" content=\"article\" \/>\n<meta property=\"og:title\" content=\"Cribratge gen\u00e8tic en donants i Gesti\u00f3 de reaccions adverses greus - 2023 - Dexeus Campus\" \/>\n<meta property=\"og:description\" content=\"Curs d&#039;aplicaci\u00f3 pr\u00e0ctica que aprofundeix en la valoraci\u00f3 i l&#039;acceptaci\u00f3 dels candidats en programes de donaci\u00f3 i bancs de g\u00e0metes considerant els riscos\" \/>\n<meta property=\"og:url\" content=\"https:\/\/www.dexeuscampus.com\/ca\/activitats\/cribratge-genetic-gestion-reaccions\/\" \/>\n<meta property=\"og:site_name\" content=\"Dexeus Campus\" \/>\n<meta property=\"article:publisher\" content=\"https:\/\/www.facebook.com\/CampusDexeus\" \/>\n<meta property=\"article:modified_time\" content=\"2024-03-08T12:58:07+00:00\" \/>\n<meta property=\"og:image\" content=\"https:\/\/www.dexeuscampus.com\/wp-content\/uploads\/2023\/03\/cribado-genetico-gestion-reacciones.jpg\" \/>\n\t<meta property=\"og:image:width\" content=\"1000\" \/>\n\t<meta property=\"og:image:height\" content=\"681\" \/>\n\t<meta property=\"og:image:type\" content=\"image\/jpeg\" \/>\n<meta name=\"twitter:card\" content=\"summary_large_image\" \/>\n<meta name=\"twitter:site\" content=\"@DexeusCampus\" \/>\n<meta name=\"twitter:label1\" content=\"Temps estimat de lectura\" \/>\n\t<meta name=\"twitter:data1\" content=\"1 minut\" \/>\n<script type=\"application\/ld+json\" class=\"yoast-schema-graph\">{\"@context\":\"https:\\\/\\\/schema.org\",\"@graph\":[{\"@type\":\"WebPage\",\"@id\":\"https:\\\/\\\/www.dexeuscampus.com\\\/ca\\\/activitats\\\/cribratge-genetic-gestion-reaccions\\\/\",\"url\":\"https:\\\/\\\/www.dexeuscampus.com\\\/ca\\\/activitats\\\/cribratge-genetic-gestion-reaccions\\\/\",\"name\":\"Cribratge gen\u00e8tic en donants i Gesti\u00f3 de reaccions adverses greus - 2023 - Dexeus Campus\",\"isPartOf\":{\"@id\":\"https:\\\/\\\/www.dexeuscampus.com\\\/ca\\\/#website\"},\"primaryImageOfPage\":{\"@id\":\"https:\\\/\\\/www.dexeuscampus.com\\\/ca\\\/activitats\\\/cribratge-genetic-gestion-reaccions\\\/#primaryimage\"},\"image\":{\"@id\":\"https:\\\/\\\/www.dexeuscampus.com\\\/ca\\\/activitats\\\/cribratge-genetic-gestion-reaccions\\\/#primaryimage\"},\"thumbnailUrl\":\"https:\\\/\\\/www.dexeuscampus.com\\\/wp-content\\\/uploads\\\/2023\\\/03\\\/cribado-genetico-gestion-reacciones.jpg\",\"datePublished\":\"2023-03-21T11:37:23+00:00\",\"dateModified\":\"2024-03-08T12:58:07+00:00\",\"description\":\"Curs d'aplicaci\u00f3 pr\u00e0ctica que aprofundeix en la valoraci\u00f3 i l'acceptaci\u00f3 dels candidats en programes de donaci\u00f3 i bancs de g\u00e0metes considerant els riscos\",\"breadcrumb\":{\"@id\":\"https:\\\/\\\/www.dexeuscampus.com\\\/ca\\\/activitats\\\/cribratge-genetic-gestion-reaccions\\\/#breadcrumb\"},\"inLanguage\":\"ca\",\"potentialAction\":[{\"@type\":\"ReadAction\",\"target\":[\"https:\\\/\\\/www.dexeuscampus.com\\\/ca\\\/activitats\\\/cribratge-genetic-gestion-reaccions\\\/\"]}]},{\"@type\":\"ImageObject\",\"inLanguage\":\"ca\",\"@id\":\"https:\\\/\\\/www.dexeuscampus.com\\\/ca\\\/activitats\\\/cribratge-genetic-gestion-reaccions\\\/#primaryimage\",\"url\":\"https:\\\/\\\/www.dexeuscampus.com\\\/wp-content\\\/uploads\\\/2023\\\/03\\\/cribado-genetico-gestion-reacciones.jpg\",\"contentUrl\":\"https:\\\/\\\/www.dexeuscampus.com\\\/wp-content\\\/uploads\\\/2023\\\/03\\\/cribado-genetico-gestion-reacciones.jpg\",\"width\":1000,\"height\":681,\"caption\":\"Cribado gen\u00e9tico en donantes y Gesti\u00f3n de reacciones adversas graves\"},{\"@type\":\"BreadcrumbList\",\"@id\":\"https:\\\/\\\/www.dexeuscampus.com\\\/ca\\\/activitats\\\/cribratge-genetic-gestion-reaccions\\\/#breadcrumb\",\"itemListElement\":[{\"@type\":\"ListItem\",\"position\":1,\"name\":\"Portada\",\"item\":\"https:\\\/\\\/www.dexeuscampus.com\\\/ca\\\/inici\\\/\"},{\"@type\":\"ListItem\",\"position\":2,\"name\":\"Tienda\",\"item\":\"https:\\\/\\\/www.dexeuscampus.com\\\/ca\\\/tienda-2\\\/\"},{\"@type\":\"ListItem\",\"position\":3,\"name\":\"Cribratge gen\u00e8tic en donants i Gesti\u00f3 de reaccions adverses greus &#8211; 2023\"}]},{\"@type\":\"WebSite\",\"@id\":\"https:\\\/\\\/www.dexeuscampus.com\\\/ca\\\/#website\",\"url\":\"https:\\\/\\\/www.dexeuscampus.com\\\/ca\\\/\",\"name\":\"Dexeus Campus\",\"description\":\"Plataforma online dirigida a los profesionales especializados en obstetricia, ginecolog\u00eda y reproducci\u00f3n\",\"publisher\":{\"@id\":\"https:\\\/\\\/www.dexeuscampus.com\\\/ca\\\/#organization\"},\"potentialAction\":[{\"@type\":\"SearchAction\",\"target\":{\"@type\":\"EntryPoint\",\"urlTemplate\":\"https:\\\/\\\/www.dexeuscampus.com\\\/ca\\\/?s={search_term_string}\"},\"query-input\":{\"@type\":\"PropertyValueSpecification\",\"valueRequired\":true,\"valueName\":\"search_term_string\"}}],\"inLanguage\":\"ca\"},{\"@type\":\"Organization\",\"@id\":\"https:\\\/\\\/www.dexeuscampus.com\\\/ca\\\/#organization\",\"name\":\"DEXEUS CAMPUS. FUNDACI\u00d3 DEXEUS DONA\",\"url\":\"https:\\\/\\\/www.dexeuscampus.com\\\/ca\\\/\",\"logo\":{\"@type\":\"ImageObject\",\"inLanguage\":\"ca\",\"@id\":\"https:\\\/\\\/www.dexeuscampus.com\\\/ca\\\/#\\\/schema\\\/logo\\\/image\\\/\",\"url\":\"https:\\\/\\\/www.dexeuscampus.com\\\/wp-content\\\/uploads\\\/2021\\\/03\\\/Logo-Campus-Dexeus.png\",\"contentUrl\":\"https:\\\/\\\/www.dexeuscampus.com\\\/wp-content\\\/uploads\\\/2021\\\/03\\\/Logo-Campus-Dexeus.png\",\"width\":2068,\"height\":1773,\"caption\":\"DEXEUS CAMPUS. FUNDACI\u00d3 DEXEUS DONA\"},\"image\":{\"@id\":\"https:\\\/\\\/www.dexeuscampus.com\\\/ca\\\/#\\\/schema\\\/logo\\\/image\\\/\"},\"sameAs\":[\"https:\\\/\\\/www.facebook.com\\\/CampusDexeus\",\"https:\\\/\\\/x.com\\\/DexeusCampus\",\"https:\\\/\\\/www.youtube.com\\\/user\\\/DexeusCampus\",\"https:\\\/\\\/vimeo.com\\\/dexeuscampus\",\"https:\\\/\\\/www.linkedin.com\\\/company\\\/dexeusmujer\"]}]}<\/script>\n<!-- \/ Yoast SEO plugin. -->","yoast_head_json":{"title":"Cribratge gen\u00e8tic en donants i Gesti\u00f3 de reaccions adverses greus - 2023 - Dexeus Campus","description":"Curs d'aplicaci\u00f3 pr\u00e0ctica que aprofundeix en la valoraci\u00f3 i l'acceptaci\u00f3 dels candidats en programes de donaci\u00f3 i bancs de g\u00e0metes considerant els riscos","robots":{"index":"index","follow":"follow","max-snippet":"max-snippet:-1","max-image-preview":"max-image-preview:large","max-video-preview":"max-video-preview:-1"},"canonical":"https:\/\/www.dexeuscampus.com\/ca\/activitats\/cribratge-genetic-gestion-reaccions\/","og_locale":"ca_ES","og_type":"article","og_title":"Cribratge gen\u00e8tic en donants i Gesti\u00f3 de reaccions adverses greus - 2023 - Dexeus Campus","og_description":"Curs d'aplicaci\u00f3 pr\u00e0ctica que aprofundeix en la valoraci\u00f3 i l'acceptaci\u00f3 dels candidats en programes de donaci\u00f3 i bancs de g\u00e0metes considerant els riscos","og_url":"https:\/\/www.dexeuscampus.com\/ca\/activitats\/cribratge-genetic-gestion-reaccions\/","og_site_name":"Dexeus Campus","article_publisher":"https:\/\/www.facebook.com\/CampusDexeus","article_modified_time":"2024-03-08T12:58:07+00:00","og_image":[{"width":1000,"height":681,"url":"https:\/\/www.dexeuscampus.com\/wp-content\/uploads\/2023\/03\/cribado-genetico-gestion-reacciones.jpg","type":"image\/jpeg"}],"twitter_card":"summary_large_image","twitter_site":"@DexeusCampus","twitter_misc":{"Temps estimat de lectura":"1 minut"},"schema":{"@context":"https:\/\/schema.org","@graph":[{"@type":"WebPage","@id":"https:\/\/www.dexeuscampus.com\/ca\/activitats\/cribratge-genetic-gestion-reaccions\/","url":"https:\/\/www.dexeuscampus.com\/ca\/activitats\/cribratge-genetic-gestion-reaccions\/","name":"Cribratge gen\u00e8tic en donants i Gesti\u00f3 de reaccions adverses greus - 2023 - Dexeus Campus","isPartOf":{"@id":"https:\/\/www.dexeuscampus.com\/ca\/#website"},"primaryImageOfPage":{"@id":"https:\/\/www.dexeuscampus.com\/ca\/activitats\/cribratge-genetic-gestion-reaccions\/#primaryimage"},"image":{"@id":"https:\/\/www.dexeuscampus.com\/ca\/activitats\/cribratge-genetic-gestion-reaccions\/#primaryimage"},"thumbnailUrl":"https:\/\/www.dexeuscampus.com\/wp-content\/uploads\/2023\/03\/cribado-genetico-gestion-reacciones.jpg","datePublished":"2023-03-21T11:37:23+00:00","dateModified":"2024-03-08T12:58:07+00:00","description":"Curs d'aplicaci\u00f3 pr\u00e0ctica que aprofundeix en la valoraci\u00f3 i l'acceptaci\u00f3 dels candidats en programes de donaci\u00f3 i bancs de g\u00e0metes considerant els riscos","breadcrumb":{"@id":"https:\/\/www.dexeuscampus.com\/ca\/activitats\/cribratge-genetic-gestion-reaccions\/#breadcrumb"},"inLanguage":"ca","potentialAction":[{"@type":"ReadAction","target":["https:\/\/www.dexeuscampus.com\/ca\/activitats\/cribratge-genetic-gestion-reaccions\/"]}]},{"@type":"ImageObject","inLanguage":"ca","@id":"https:\/\/www.dexeuscampus.com\/ca\/activitats\/cribratge-genetic-gestion-reaccions\/#primaryimage","url":"https:\/\/www.dexeuscampus.com\/wp-content\/uploads\/2023\/03\/cribado-genetico-gestion-reacciones.jpg","contentUrl":"https:\/\/www.dexeuscampus.com\/wp-content\/uploads\/2023\/03\/cribado-genetico-gestion-reacciones.jpg","width":1000,"height":681,"caption":"Cribado gen\u00e9tico en donantes y Gesti\u00f3n de reacciones adversas graves"},{"@type":"BreadcrumbList","@id":"https:\/\/www.dexeuscampus.com\/ca\/activitats\/cribratge-genetic-gestion-reaccions\/#breadcrumb","itemListElement":[{"@type":"ListItem","position":1,"name":"Portada","item":"https:\/\/www.dexeuscampus.com\/ca\/inici\/"},{"@type":"ListItem","position":2,"name":"Tienda","item":"https:\/\/www.dexeuscampus.com\/ca\/tienda-2\/"},{"@type":"ListItem","position":3,"name":"Cribratge gen\u00e8tic en donants i Gesti\u00f3 de reaccions adverses greus &#8211; 2023"}]},{"@type":"WebSite","@id":"https:\/\/www.dexeuscampus.com\/ca\/#website","url":"https:\/\/www.dexeuscampus.com\/ca\/","name":"Dexeus Campus","description":"Plataforma online dirigida a los profesionales especializados en obstetricia, ginecolog\u00eda y reproducci\u00f3n","publisher":{"@id":"https:\/\/www.dexeuscampus.com\/ca\/#organization"},"potentialAction":[{"@type":"SearchAction","target":{"@type":"EntryPoint","urlTemplate":"https:\/\/www.dexeuscampus.com\/ca\/?s={search_term_string}"},"query-input":{"@type":"PropertyValueSpecification","valueRequired":true,"valueName":"search_term_string"}}],"inLanguage":"ca"},{"@type":"Organization","@id":"https:\/\/www.dexeuscampus.com\/ca\/#organization","name":"DEXEUS CAMPUS. FUNDACI\u00d3 DEXEUS DONA","url":"https:\/\/www.dexeuscampus.com\/ca\/","logo":{"@type":"ImageObject","inLanguage":"ca","@id":"https:\/\/www.dexeuscampus.com\/ca\/#\/schema\/logo\/image\/","url":"https:\/\/www.dexeuscampus.com\/wp-content\/uploads\/2021\/03\/Logo-Campus-Dexeus.png","contentUrl":"https:\/\/www.dexeuscampus.com\/wp-content\/uploads\/2021\/03\/Logo-Campus-Dexeus.png","width":2068,"height":1773,"caption":"DEXEUS CAMPUS. FUNDACI\u00d3 DEXEUS DONA"},"image":{"@id":"https:\/\/www.dexeuscampus.com\/ca\/#\/schema\/logo\/image\/"},"sameAs":["https:\/\/www.facebook.com\/CampusDexeus","https:\/\/x.com\/DexeusCampus","https:\/\/www.youtube.com\/user\/DexeusCampus","https:\/\/vimeo.com\/dexeuscampus","https:\/\/www.linkedin.com\/company\/dexeusmujer"]}]}},"_links":{"self":[{"href":"https:\/\/www.dexeuscampus.com\/ca\/wp-json\/wp\/v2\/product\/24284","targetHints":{"allow":["GET"]}}],"collection":[{"href":"https:\/\/www.dexeuscampus.com\/ca\/wp-json\/wp\/v2\/product"}],"about":[{"href":"https:\/\/www.dexeuscampus.com\/ca\/wp-json\/wp\/v2\/types\/product"}],"replies":[{"embeddable":true,"href":"https:\/\/www.dexeuscampus.com\/ca\/wp-json\/wp\/v2\/comments?post=24284"}],"wp:featuredmedia":[{"embeddable":true,"href":"https:\/\/www.dexeuscampus.com\/ca\/wp-json\/wp\/v2\/media\/24287"}],"wp:attachment":[{"href":"https:\/\/www.dexeuscampus.com\/ca\/wp-json\/wp\/v2\/media?parent=24284"}],"wp:term":[{"taxonomy":"product_brand","embeddable":true,"href":"https:\/\/www.dexeuscampus.com\/ca\/wp-json\/wp\/v2\/product_brand?post=24284"},{"taxonomy":"product_cat","embeddable":true,"href":"https:\/\/www.dexeuscampus.com\/ca\/wp-json\/wp\/v2\/product_cat?post=24284"},{"taxonomy":"product_tag","embeddable":true,"href":"https:\/\/www.dexeuscampus.com\/ca\/wp-json\/wp\/v2\/product_tag?post=24284"},{"taxonomy":"modalidad","embeddable":true,"href":"https:\/\/www.dexeuscampus.com\/ca\/wp-json\/wp\/v2\/modalidad?post=24284"},{"taxonomy":"area","embeddable":true,"href":"https:\/\/www.dexeuscampus.com\/ca\/wp-json\/wp\/v2\/area?post=24284"},{"taxonomy":"idioma","embeddable":true,"href":"https:\/\/www.dexeuscampus.com\/ca\/wp-json\/wp\/v2\/idioma?post=24284"},{"taxonomy":"estado-del-curso","embeddable":true,"href":"https:\/\/www.dexeuscampus.com\/ca\/wp-json\/wp\/v2\/estado-del-curso?post=24284"}],"curies":[{"name":"wp","href":"https:\/\/api.w.org\/{rel}","templated":true}]}}