{"id":26469,"date":"2023-09-12T12:30:36","date_gmt":"2023-09-12T11:30:36","guid":{"rendered":"https:\/\/www.dexeuscampus.com\/?post_type=product&#038;p=26469"},"modified":"2024-03-21T17:13:21","modified_gmt":"2024-03-21T16:13:21","slug":"patologia-mamaria-benigna-i-preneoplasica","status":"publish","type":"product","link":"https:\/\/www.dexeuscampus.com\/ca\/activitats\/patologia-mamaria-benigna-i-preneoplasica\/","title":{"rendered":"Patologia mam\u00e0ria benigna i preneopl\u00e0sica &#8211; 2023"},"content":{"rendered":"<p>Curs online per a aprofundir (des dels seus aspectes cl\u00ednics generals, de diagn\u00f2stic i de tractament) en les lesions benignes de la mama m\u00e9s habituals.<\/p>\n<p>La patolog\u00eda mamaria benigna y preneopl\u00e1sica constituye un amplio grupo de enfermedades con unas caracter\u00edsticas cl\u00ednicas, diagn\u00f3sticas y de tratamiento diferenciales.<\/p>\n<p>Es un motivo de consulta muy com\u00fan, m\u00e1s del 80% de las pacientes que acuden al m\u00e9dico por un problema mamario corresponder\u00e1 a un proceso benigno.<\/p>\n<p>Muchas de las patolog\u00edas benignas mamarias pueden crear dudas diagn\u00f3sticas con lesiones preinvasivas, lesiones preinfiltrantes y c\u00e1ncer.<\/p>\n<p>Este hecho obliga al profesional dedicado a la patolog\u00eda mamaria a conocer en profundidad (desde sus aspectos cl\u00ednicos generales, de diagn\u00f3stico y de tratamiento) las lesiones benignas de la mama m\u00e1s habituales que puedan generar dudas en el momento de establecer un diagn\u00f3stico diferencial.<\/p>\n","protected":false},"excerpt":{"rendered":"<p>Curs online per a aprofundir (des dels seus aspectes cl\u00ednics generals, de diagn\u00f2stic i de tractament) en les lesions benignes de la mama m\u00e9s habituals. La patolog\u00eda mamaria benigna y preneopl\u00e1sica constituye un amplio grupo de enfermedades con unas caracter\u00edsticas cl\u00ednicas, diagn\u00f3sticas y de tratamiento diferenciales. Es un motivo de consulta muy com\u00fan, m\u00e1s del [&hellip;]<\/p>\n","protected":false},"featured_media":26957,"comment_status":"open","ping_status":"closed","template":"","meta":[],"product_brand":[],"product_cat":[27],"product_tag":[],"modalidad":[167],"area":[169,168],"idioma":[166],"estado-del-curso":[444],"class_list":{"0":"post-26469","1":"product","2":"type-product","3":"status-publish","4":"has-post-thumbnail","6":"product_cat-sense-categoria","7":"modalidad-online-ca","8":"area-diagnostic-ginecologic-per-la-imatge","9":"area-ginecologia-ca","10":"idioma-espanyol","11":"estado-del-curso-historico","13":"first","14":"outofstock","15":"featured","16":"virtual","17":"purchasable","18":"product-type-simple"},"yoast_head":"<!-- This site is optimized with the Yoast SEO plugin v27.3 - https:\/\/yoast.com\/product\/yoast-seo-wordpress\/ -->\n<title>Patologia mam\u00e0ria benigna i preneopl\u00e0sica - 2023 - Dexeus Campus<\/title>\n<meta name=\"description\" content=\"Curs online per a aprofundir (des dels seus aspectes cl\u00ednics generals, de diagn\u00f2stic i de tractament) en les lesions benignes de la mama m\u00e9s habituals.\" \/>\n<meta name=\"robots\" content=\"index, follow, max-snippet:-1, max-image-preview:large, max-video-preview:-1\" \/>\n<link rel=\"canonical\" href=\"https:\/\/www.dexeuscampus.com\/ca\/activitats\/patologia-mamaria-benigna-i-preneoplasica\/\" \/>\n<meta property=\"og:locale\" content=\"ca_ES\" \/>\n<meta property=\"og:type\" content=\"article\" \/>\n<meta property=\"og:title\" content=\"Patologia mam\u00e0ria benigna i preneopl\u00e0sica - 2023 - Dexeus Campus\" \/>\n<meta property=\"og:description\" content=\"Curs online per a aprofundir (des dels seus aspectes cl\u00ednics generals, de diagn\u00f2stic i de tractament) en les lesions benignes de la mama m\u00e9s habituals.\" \/>\n<meta property=\"og:url\" content=\"https:\/\/www.dexeuscampus.com\/ca\/activitats\/patologia-mamaria-benigna-i-preneoplasica\/\" \/>\n<meta property=\"og:site_name\" content=\"Dexeus Campus\" \/>\n<meta property=\"article:publisher\" content=\"https:\/\/www.facebook.com\/CampusDexeus\" \/>\n<meta property=\"article:modified_time\" content=\"2024-03-21T16:13:21+00:00\" \/>\n<meta property=\"og:image\" content=\"https:\/\/www.dexeuscampus.com\/wp-content\/uploads\/2023\/09\/patologia-mamaria-benigna-preneoplasica-2023.png\" \/>\n\t<meta property=\"og:image:width\" content=\"666\" \/>\n\t<meta property=\"og:image:height\" content=\"501\" \/>\n\t<meta property=\"og:image:type\" content=\"image\/png\" \/>\n<meta name=\"twitter:card\" content=\"summary_large_image\" \/>\n<meta name=\"twitter:site\" content=\"@DexeusCampus\" \/>\n<meta name=\"twitter:label1\" content=\"Temps estimat de lectura\" \/>\n\t<meta name=\"twitter:data1\" content=\"9 minuts\" \/>\n<script type=\"application\/ld+json\" class=\"yoast-schema-graph\">{\"@context\":\"https:\\\/\\\/schema.org\",\"@graph\":[{\"@type\":\"WebPage\",\"@id\":\"https:\\\/\\\/www.dexeuscampus.com\\\/ca\\\/activitats\\\/patologia-mamaria-benigna-i-preneoplasica\\\/\",\"url\":\"https:\\\/\\\/www.dexeuscampus.com\\\/ca\\\/activitats\\\/patologia-mamaria-benigna-i-preneoplasica\\\/\",\"name\":\"Patologia mam\u00e0ria benigna i preneopl\u00e0sica - 2023 - Dexeus Campus\",\"isPartOf\":{\"@id\":\"https:\\\/\\\/www.dexeuscampus.com\\\/ca\\\/#website\"},\"primaryImageOfPage\":{\"@id\":\"https:\\\/\\\/www.dexeuscampus.com\\\/ca\\\/activitats\\\/patologia-mamaria-benigna-i-preneoplasica\\\/#primaryimage\"},\"image\":{\"@id\":\"https:\\\/\\\/www.dexeuscampus.com\\\/ca\\\/activitats\\\/patologia-mamaria-benigna-i-preneoplasica\\\/#primaryimage\"},\"thumbnailUrl\":\"https:\\\/\\\/www.dexeuscampus.com\\\/wp-content\\\/uploads\\\/2023\\\/09\\\/patologia-mamaria-benigna-preneoplasica-2023.png\",\"datePublished\":\"2023-09-12T11:30:36+00:00\",\"dateModified\":\"2024-03-21T16:13:21+00:00\",\"description\":\"Curs online per a aprofundir (des dels seus aspectes cl\u00ednics generals, de diagn\u00f2stic i de tractament) en les lesions benignes de la mama m\u00e9s habituals.\",\"breadcrumb\":{\"@id\":\"https:\\\/\\\/www.dexeuscampus.com\\\/ca\\\/activitats\\\/patologia-mamaria-benigna-i-preneoplasica\\\/#breadcrumb\"},\"inLanguage\":\"ca\",\"potentialAction\":[{\"@type\":\"ReadAction\",\"target\":[\"https:\\\/\\\/www.dexeuscampus.com\\\/ca\\\/activitats\\\/patologia-mamaria-benigna-i-preneoplasica\\\/\"]}]},{\"@type\":\"ImageObject\",\"inLanguage\":\"ca\",\"@id\":\"https:\\\/\\\/www.dexeuscampus.com\\\/ca\\\/activitats\\\/patologia-mamaria-benigna-i-preneoplasica\\\/#primaryimage\",\"url\":\"https:\\\/\\\/www.dexeuscampus.com\\\/wp-content\\\/uploads\\\/2023\\\/09\\\/patologia-mamaria-benigna-preneoplasica-2023.png\",\"contentUrl\":\"https:\\\/\\\/www.dexeuscampus.com\\\/wp-content\\\/uploads\\\/2023\\\/09\\\/patologia-mamaria-benigna-preneoplasica-2023.png\",\"width\":666,\"height\":501,\"caption\":\"Patolog\u00eda mamaria benigna y preneopl\u00e1sica\"},{\"@type\":\"BreadcrumbList\",\"@id\":\"https:\\\/\\\/www.dexeuscampus.com\\\/ca\\\/activitats\\\/patologia-mamaria-benigna-i-preneoplasica\\\/#breadcrumb\",\"itemListElement\":[{\"@type\":\"ListItem\",\"position\":1,\"name\":\"Portada\",\"item\":\"https:\\\/\\\/www.dexeuscampus.com\\\/ca\\\/inici\\\/\"},{\"@type\":\"ListItem\",\"position\":2,\"name\":\"Tienda\",\"item\":\"https:\\\/\\\/www.dexeuscampus.com\\\/ca\\\/tienda-2\\\/\"},{\"@type\":\"ListItem\",\"position\":3,\"name\":\"Patologia mam\u00e0ria benigna i preneopl\u00e0sica &#8211; 2023\"}]},{\"@type\":\"WebSite\",\"@id\":\"https:\\\/\\\/www.dexeuscampus.com\\\/ca\\\/#website\",\"url\":\"https:\\\/\\\/www.dexeuscampus.com\\\/ca\\\/\",\"name\":\"Dexeus Campus\",\"description\":\"Plataforma online dirigida a los profesionales especializados en obstetricia, ginecolog\u00eda y reproducci\u00f3n\",\"publisher\":{\"@id\":\"https:\\\/\\\/www.dexeuscampus.com\\\/ca\\\/#organization\"},\"potentialAction\":[{\"@type\":\"SearchAction\",\"target\":{\"@type\":\"EntryPoint\",\"urlTemplate\":\"https:\\\/\\\/www.dexeuscampus.com\\\/ca\\\/?s={search_term_string}\"},\"query-input\":{\"@type\":\"PropertyValueSpecification\",\"valueRequired\":true,\"valueName\":\"search_term_string\"}}],\"inLanguage\":\"ca\"},{\"@type\":\"Organization\",\"@id\":\"https:\\\/\\\/www.dexeuscampus.com\\\/ca\\\/#organization\",\"name\":\"DEXEUS CAMPUS. FUNDACI\u00d3 DEXEUS DONA\",\"url\":\"https:\\\/\\\/www.dexeuscampus.com\\\/ca\\\/\",\"logo\":{\"@type\":\"ImageObject\",\"inLanguage\":\"ca\",\"@id\":\"https:\\\/\\\/www.dexeuscampus.com\\\/ca\\\/#\\\/schema\\\/logo\\\/image\\\/\",\"url\":\"https:\\\/\\\/www.dexeuscampus.com\\\/wp-content\\\/uploads\\\/2021\\\/03\\\/Logo-Campus-Dexeus.png\",\"contentUrl\":\"https:\\\/\\\/www.dexeuscampus.com\\\/wp-content\\\/uploads\\\/2021\\\/03\\\/Logo-Campus-Dexeus.png\",\"width\":2068,\"height\":1773,\"caption\":\"DEXEUS CAMPUS. FUNDACI\u00d3 DEXEUS DONA\"},\"image\":{\"@id\":\"https:\\\/\\\/www.dexeuscampus.com\\\/ca\\\/#\\\/schema\\\/logo\\\/image\\\/\"},\"sameAs\":[\"https:\\\/\\\/www.facebook.com\\\/CampusDexeus\",\"https:\\\/\\\/x.com\\\/DexeusCampus\",\"https:\\\/\\\/www.youtube.com\\\/user\\\/DexeusCampus\",\"https:\\\/\\\/vimeo.com\\\/dexeuscampus\",\"https:\\\/\\\/www.linkedin.com\\\/company\\\/dexeusmujer\"]}]}<\/script>\n<!-- \/ Yoast SEO plugin. -->","yoast_head_json":{"title":"Patologia mam\u00e0ria benigna i preneopl\u00e0sica - 2023 - Dexeus Campus","description":"Curs online per a aprofundir (des dels seus aspectes cl\u00ednics generals, de diagn\u00f2stic i de tractament) en les lesions benignes de la mama m\u00e9s habituals.","robots":{"index":"index","follow":"follow","max-snippet":"max-snippet:-1","max-image-preview":"max-image-preview:large","max-video-preview":"max-video-preview:-1"},"canonical":"https:\/\/www.dexeuscampus.com\/ca\/activitats\/patologia-mamaria-benigna-i-preneoplasica\/","og_locale":"ca_ES","og_type":"article","og_title":"Patologia mam\u00e0ria benigna i preneopl\u00e0sica - 2023 - Dexeus Campus","og_description":"Curs online per a aprofundir (des dels seus aspectes cl\u00ednics generals, de diagn\u00f2stic i de tractament) en les lesions benignes de la mama m\u00e9s habituals.","og_url":"https:\/\/www.dexeuscampus.com\/ca\/activitats\/patologia-mamaria-benigna-i-preneoplasica\/","og_site_name":"Dexeus Campus","article_publisher":"https:\/\/www.facebook.com\/CampusDexeus","article_modified_time":"2024-03-21T16:13:21+00:00","og_image":[{"width":666,"height":501,"url":"https:\/\/www.dexeuscampus.com\/wp-content\/uploads\/2023\/09\/patologia-mamaria-benigna-preneoplasica-2023.png","type":"image\/png"}],"twitter_card":"summary_large_image","twitter_site":"@DexeusCampus","twitter_misc":{"Temps estimat de lectura":"9 minuts"},"schema":{"@context":"https:\/\/schema.org","@graph":[{"@type":"WebPage","@id":"https:\/\/www.dexeuscampus.com\/ca\/activitats\/patologia-mamaria-benigna-i-preneoplasica\/","url":"https:\/\/www.dexeuscampus.com\/ca\/activitats\/patologia-mamaria-benigna-i-preneoplasica\/","name":"Patologia mam\u00e0ria benigna i preneopl\u00e0sica - 2023 - Dexeus Campus","isPartOf":{"@id":"https:\/\/www.dexeuscampus.com\/ca\/#website"},"primaryImageOfPage":{"@id":"https:\/\/www.dexeuscampus.com\/ca\/activitats\/patologia-mamaria-benigna-i-preneoplasica\/#primaryimage"},"image":{"@id":"https:\/\/www.dexeuscampus.com\/ca\/activitats\/patologia-mamaria-benigna-i-preneoplasica\/#primaryimage"},"thumbnailUrl":"https:\/\/www.dexeuscampus.com\/wp-content\/uploads\/2023\/09\/patologia-mamaria-benigna-preneoplasica-2023.png","datePublished":"2023-09-12T11:30:36+00:00","dateModified":"2024-03-21T16:13:21+00:00","description":"Curs online per a aprofundir (des dels seus aspectes cl\u00ednics generals, de diagn\u00f2stic i de tractament) en les lesions benignes de la mama m\u00e9s habituals.","breadcrumb":{"@id":"https:\/\/www.dexeuscampus.com\/ca\/activitats\/patologia-mamaria-benigna-i-preneoplasica\/#breadcrumb"},"inLanguage":"ca","potentialAction":[{"@type":"ReadAction","target":["https:\/\/www.dexeuscampus.com\/ca\/activitats\/patologia-mamaria-benigna-i-preneoplasica\/"]}]},{"@type":"ImageObject","inLanguage":"ca","@id":"https:\/\/www.dexeuscampus.com\/ca\/activitats\/patologia-mamaria-benigna-i-preneoplasica\/#primaryimage","url":"https:\/\/www.dexeuscampus.com\/wp-content\/uploads\/2023\/09\/patologia-mamaria-benigna-preneoplasica-2023.png","contentUrl":"https:\/\/www.dexeuscampus.com\/wp-content\/uploads\/2023\/09\/patologia-mamaria-benigna-preneoplasica-2023.png","width":666,"height":501,"caption":"Patolog\u00eda mamaria benigna y preneopl\u00e1sica"},{"@type":"BreadcrumbList","@id":"https:\/\/www.dexeuscampus.com\/ca\/activitats\/patologia-mamaria-benigna-i-preneoplasica\/#breadcrumb","itemListElement":[{"@type":"ListItem","position":1,"name":"Portada","item":"https:\/\/www.dexeuscampus.com\/ca\/inici\/"},{"@type":"ListItem","position":2,"name":"Tienda","item":"https:\/\/www.dexeuscampus.com\/ca\/tienda-2\/"},{"@type":"ListItem","position":3,"name":"Patologia mam\u00e0ria benigna i preneopl\u00e0sica &#8211; 2023"}]},{"@type":"WebSite","@id":"https:\/\/www.dexeuscampus.com\/ca\/#website","url":"https:\/\/www.dexeuscampus.com\/ca\/","name":"Dexeus Campus","description":"Plataforma online dirigida a los profesionales especializados en obstetricia, ginecolog\u00eda y reproducci\u00f3n","publisher":{"@id":"https:\/\/www.dexeuscampus.com\/ca\/#organization"},"potentialAction":[{"@type":"SearchAction","target":{"@type":"EntryPoint","urlTemplate":"https:\/\/www.dexeuscampus.com\/ca\/?s={search_term_string}"},"query-input":{"@type":"PropertyValueSpecification","valueRequired":true,"valueName":"search_term_string"}}],"inLanguage":"ca"},{"@type":"Organization","@id":"https:\/\/www.dexeuscampus.com\/ca\/#organization","name":"DEXEUS CAMPUS. FUNDACI\u00d3 DEXEUS DONA","url":"https:\/\/www.dexeuscampus.com\/ca\/","logo":{"@type":"ImageObject","inLanguage":"ca","@id":"https:\/\/www.dexeuscampus.com\/ca\/#\/schema\/logo\/image\/","url":"https:\/\/www.dexeuscampus.com\/wp-content\/uploads\/2021\/03\/Logo-Campus-Dexeus.png","contentUrl":"https:\/\/www.dexeuscampus.com\/wp-content\/uploads\/2021\/03\/Logo-Campus-Dexeus.png","width":2068,"height":1773,"caption":"DEXEUS CAMPUS. FUNDACI\u00d3 DEXEUS DONA"},"image":{"@id":"https:\/\/www.dexeuscampus.com\/ca\/#\/schema\/logo\/image\/"},"sameAs":["https:\/\/www.facebook.com\/CampusDexeus","https:\/\/x.com\/DexeusCampus","https:\/\/www.youtube.com\/user\/DexeusCampus","https:\/\/vimeo.com\/dexeuscampus","https:\/\/www.linkedin.com\/company\/dexeusmujer"]}]}},"_links":{"self":[{"href":"https:\/\/www.dexeuscampus.com\/ca\/wp-json\/wp\/v2\/product\/26469","targetHints":{"allow":["GET"]}}],"collection":[{"href":"https:\/\/www.dexeuscampus.com\/ca\/wp-json\/wp\/v2\/product"}],"about":[{"href":"https:\/\/www.dexeuscampus.com\/ca\/wp-json\/wp\/v2\/types\/product"}],"replies":[{"embeddable":true,"href":"https:\/\/www.dexeuscampus.com\/ca\/wp-json\/wp\/v2\/comments?post=26469"}],"wp:featuredmedia":[{"embeddable":true,"href":"https:\/\/www.dexeuscampus.com\/ca\/wp-json\/wp\/v2\/media\/26957"}],"wp:attachment":[{"href":"https:\/\/www.dexeuscampus.com\/ca\/wp-json\/wp\/v2\/media?parent=26469"}],"wp:term":[{"taxonomy":"product_brand","embeddable":true,"href":"https:\/\/www.dexeuscampus.com\/ca\/wp-json\/wp\/v2\/product_brand?post=26469"},{"taxonomy":"product_cat","embeddable":true,"href":"https:\/\/www.dexeuscampus.com\/ca\/wp-json\/wp\/v2\/product_cat?post=26469"},{"taxonomy":"product_tag","embeddable":true,"href":"https:\/\/www.dexeuscampus.com\/ca\/wp-json\/wp\/v2\/product_tag?post=26469"},{"taxonomy":"modalidad","embeddable":true,"href":"https:\/\/www.dexeuscampus.com\/ca\/wp-json\/wp\/v2\/modalidad?post=26469"},{"taxonomy":"area","embeddable":true,"href":"https:\/\/www.dexeuscampus.com\/ca\/wp-json\/wp\/v2\/area?post=26469"},{"taxonomy":"idioma","embeddable":true,"href":"https:\/\/www.dexeuscampus.com\/ca\/wp-json\/wp\/v2\/idioma?post=26469"},{"taxonomy":"estado-del-curso","embeddable":true,"href":"https:\/\/www.dexeuscampus.com\/ca\/wp-json\/wp\/v2\/estado-del-curso?post=26469"}],"curies":[{"name":"wp","href":"https:\/\/api.w.org\/{rel}","templated":true}]}}