{"id":29893,"date":"2024-03-19T15:39:13","date_gmt":"2024-03-19T14:54:37","guid":{"rendered":"https:\/\/www.dexeuscampus.com\/curso\/diagnostico-por-la-imagen-de-la-patologia-mamaria-en-ginecologia\/"},"modified":"2024-10-09T14:20:21","modified_gmt":"2024-10-09T13:20:21","slug":"diagnostic-per-imatge-patologia-mamaria-ginecolegs","status":"publish","type":"product","link":"https:\/\/www.dexeuscampus.com\/ca\/activitats\/diagnostic-per-imatge-patologia-mamaria-ginecolegs\/","title":{"rendered":"Diagn\u00f2stic per la imatge de la Patologia mam\u00e0ria en Ginecologia -2024"},"content":{"rendered":"<p>El nostre objectiu \u00e9s <strong>transmetre, amb una metodologia did\u00e0ctica, el llenguatge superespecialitzat dels radi\u00f2legs al context de la consulta ginecol\u00f2gica.<\/strong><\/p>\n","protected":false},"excerpt":{"rendered":"<p>El nostre objectiu \u00e9s transmetre, amb una metodologia did\u00e0ctica, el llenguatge superespecialitzat dels radi\u00f2legs al context de la consulta ginecol\u00f2gica.<\/p>\n","protected":false},"featured_media":3700,"comment_status":"open","ping_status":"closed","template":"","meta":[],"product_brand":[],"product_cat":[27],"product_tag":[],"modalidad":[167],"area":[169],"idioma":[166],"estado-del-curso":[444],"class_list":{"0":"post-29893","1":"product","2":"type-product","3":"status-publish","4":"has-post-thumbnail","6":"product_cat-sense-categoria","7":"modalidad-online-ca","8":"area-diagnostic-ginecologic-per-la-imatge","9":"idioma-espanyol","10":"estado-del-curso-historico","12":"first","13":"instock","14":"virtual","15":"purchasable","16":"product-type-simple"},"yoast_head":"<!-- This site is optimized with the Yoast SEO plugin v27.3 - https:\/\/yoast.com\/product\/yoast-seo-wordpress\/ -->\n<title>Diagn\u00f2stic per la imatge de la Patologia mam\u00e0ria en Ginecologia -2024 - Dexeus Campus<\/title>\n<meta name=\"description\" content=\"El nostre objectiu \u00e9s transmetre, amb una metodologia did\u00e0ctica, el llenguatge superespecialitzat dels radi\u00f2legs al context de la consulta ginecol\u00f2gica.\" \/>\n<meta name=\"robots\" content=\"index, follow, max-snippet:-1, max-image-preview:large, max-video-preview:-1\" \/>\n<link rel=\"canonical\" href=\"https:\/\/www.dexeuscampus.com\/ca\/activitats\/diagnostic-per-imatge-patologia-mamaria-ginecolegs\/\" \/>\n<meta property=\"og:locale\" content=\"ca_ES\" \/>\n<meta property=\"og:type\" content=\"article\" \/>\n<meta property=\"og:title\" content=\"Diagn\u00f2stic per la imatge de la Patologia mam\u00e0ria en Ginecologia -2024 - Dexeus Campus\" \/>\n<meta property=\"og:description\" content=\"El nostre objectiu \u00e9s transmetre, amb una metodologia did\u00e0ctica, el llenguatge superespecialitzat dels radi\u00f2legs al context de la consulta ginecol\u00f2gica.\" \/>\n<meta property=\"og:url\" content=\"https:\/\/www.dexeuscampus.com\/ca\/activitats\/diagnostic-per-imatge-patologia-mamaria-ginecolegs\/\" \/>\n<meta property=\"og:site_name\" content=\"Dexeus Campus\" \/>\n<meta property=\"article:publisher\" content=\"https:\/\/www.facebook.com\/CampusDexeus\" \/>\n<meta property=\"article:modified_time\" content=\"2024-10-09T13:20:21+00:00\" \/>\n<meta property=\"og:image\" content=\"https:\/\/www.dexeuscampus.com\/wp-content\/uploads\/2021\/06\/Imagen-Ficha-Curso-Diagnostico-Pat-Mama-2021.jpg\" \/>\n\t<meta property=\"og:image:width\" content=\"580\" \/>\n\t<meta property=\"og:image:height\" content=\"383\" \/>\n\t<meta property=\"og:image:type\" content=\"image\/jpeg\" \/>\n<meta name=\"twitter:card\" content=\"summary_large_image\" \/>\n<meta name=\"twitter:site\" content=\"@DexeusCampus\" \/>\n<meta name=\"twitter:label1\" content=\"Temps estimat de lectura\" \/>\n\t<meta name=\"twitter:data1\" content=\"9 minuts\" \/>\n<script type=\"application\/ld+json\" class=\"yoast-schema-graph\">{\"@context\":\"https:\\\/\\\/schema.org\",\"@graph\":[{\"@type\":\"WebPage\",\"@id\":\"https:\\\/\\\/www.dexeuscampus.com\\\/ca\\\/activitats\\\/diagnostic-per-imatge-patologia-mamaria-ginecolegs\\\/\",\"url\":\"https:\\\/\\\/www.dexeuscampus.com\\\/ca\\\/activitats\\\/diagnostic-per-imatge-patologia-mamaria-ginecolegs\\\/\",\"name\":\"Diagn\u00f2stic per la imatge de la Patologia mam\u00e0ria en Ginecologia -2024 - Dexeus Campus\",\"isPartOf\":{\"@id\":\"https:\\\/\\\/www.dexeuscampus.com\\\/ca\\\/#website\"},\"primaryImageOfPage\":{\"@id\":\"https:\\\/\\\/www.dexeuscampus.com\\\/ca\\\/activitats\\\/diagnostic-per-imatge-patologia-mamaria-ginecolegs\\\/#primaryimage\"},\"image\":{\"@id\":\"https:\\\/\\\/www.dexeuscampus.com\\\/ca\\\/activitats\\\/diagnostic-per-imatge-patologia-mamaria-ginecolegs\\\/#primaryimage\"},\"thumbnailUrl\":\"https:\\\/\\\/www.dexeuscampus.com\\\/wp-content\\\/uploads\\\/2021\\\/06\\\/Imagen-Ficha-Curso-Diagnostico-Pat-Mama-2021.jpg\",\"datePublished\":\"2024-03-19T14:54:37+00:00\",\"dateModified\":\"2024-10-09T13:20:21+00:00\",\"description\":\"El nostre objectiu \u00e9s transmetre, amb una metodologia did\u00e0ctica, el llenguatge superespecialitzat dels radi\u00f2legs al context de la consulta ginecol\u00f2gica.\",\"breadcrumb\":{\"@id\":\"https:\\\/\\\/www.dexeuscampus.com\\\/ca\\\/activitats\\\/diagnostic-per-imatge-patologia-mamaria-ginecolegs\\\/#breadcrumb\"},\"inLanguage\":\"ca\",\"potentialAction\":[{\"@type\":\"ReadAction\",\"target\":[\"https:\\\/\\\/www.dexeuscampus.com\\\/ca\\\/activitats\\\/diagnostic-per-imatge-patologia-mamaria-ginecolegs\\\/\"]}]},{\"@type\":\"ImageObject\",\"inLanguage\":\"ca\",\"@id\":\"https:\\\/\\\/www.dexeuscampus.com\\\/ca\\\/activitats\\\/diagnostic-per-imatge-patologia-mamaria-ginecolegs\\\/#primaryimage\",\"url\":\"https:\\\/\\\/www.dexeuscampus.com\\\/wp-content\\\/uploads\\\/2021\\\/06\\\/Imagen-Ficha-Curso-Diagnostico-Pat-Mama-2021.jpg\",\"contentUrl\":\"https:\\\/\\\/www.dexeuscampus.com\\\/wp-content\\\/uploads\\\/2021\\\/06\\\/Imagen-Ficha-Curso-Diagnostico-Pat-Mama-2021.jpg\",\"width\":580,\"height\":383},{\"@type\":\"BreadcrumbList\",\"@id\":\"https:\\\/\\\/www.dexeuscampus.com\\\/ca\\\/activitats\\\/diagnostic-per-imatge-patologia-mamaria-ginecolegs\\\/#breadcrumb\",\"itemListElement\":[{\"@type\":\"ListItem\",\"position\":1,\"name\":\"Portada\",\"item\":\"https:\\\/\\\/www.dexeuscampus.com\\\/ca\\\/inici\\\/\"},{\"@type\":\"ListItem\",\"position\":2,\"name\":\"Tienda\",\"item\":\"https:\\\/\\\/www.dexeuscampus.com\\\/ca\\\/tienda-2\\\/\"},{\"@type\":\"ListItem\",\"position\":3,\"name\":\"Diagn\u00f2stic per la imatge de la Patologia mam\u00e0ria en Ginecologia -2024\"}]},{\"@type\":\"WebSite\",\"@id\":\"https:\\\/\\\/www.dexeuscampus.com\\\/ca\\\/#website\",\"url\":\"https:\\\/\\\/www.dexeuscampus.com\\\/ca\\\/\",\"name\":\"Dexeus Campus\",\"description\":\"Plataforma online dirigida a los profesionales especializados en obstetricia, ginecolog\u00eda y reproducci\u00f3n\",\"publisher\":{\"@id\":\"https:\\\/\\\/www.dexeuscampus.com\\\/ca\\\/#organization\"},\"potentialAction\":[{\"@type\":\"SearchAction\",\"target\":{\"@type\":\"EntryPoint\",\"urlTemplate\":\"https:\\\/\\\/www.dexeuscampus.com\\\/ca\\\/?s={search_term_string}\"},\"query-input\":{\"@type\":\"PropertyValueSpecification\",\"valueRequired\":true,\"valueName\":\"search_term_string\"}}],\"inLanguage\":\"ca\"},{\"@type\":\"Organization\",\"@id\":\"https:\\\/\\\/www.dexeuscampus.com\\\/ca\\\/#organization\",\"name\":\"DEXEUS CAMPUS. FUNDACI\u00d3 DEXEUS DONA\",\"url\":\"https:\\\/\\\/www.dexeuscampus.com\\\/ca\\\/\",\"logo\":{\"@type\":\"ImageObject\",\"inLanguage\":\"ca\",\"@id\":\"https:\\\/\\\/www.dexeuscampus.com\\\/ca\\\/#\\\/schema\\\/logo\\\/image\\\/\",\"url\":\"https:\\\/\\\/www.dexeuscampus.com\\\/wp-content\\\/uploads\\\/2021\\\/03\\\/Logo-Campus-Dexeus.png\",\"contentUrl\":\"https:\\\/\\\/www.dexeuscampus.com\\\/wp-content\\\/uploads\\\/2021\\\/03\\\/Logo-Campus-Dexeus.png\",\"width\":2068,\"height\":1773,\"caption\":\"DEXEUS CAMPUS. FUNDACI\u00d3 DEXEUS DONA\"},\"image\":{\"@id\":\"https:\\\/\\\/www.dexeuscampus.com\\\/ca\\\/#\\\/schema\\\/logo\\\/image\\\/\"},\"sameAs\":[\"https:\\\/\\\/www.facebook.com\\\/CampusDexeus\",\"https:\\\/\\\/x.com\\\/DexeusCampus\",\"https:\\\/\\\/www.youtube.com\\\/user\\\/DexeusCampus\",\"https:\\\/\\\/vimeo.com\\\/dexeuscampus\",\"https:\\\/\\\/www.linkedin.com\\\/company\\\/dexeusmujer\"]}]}<\/script>\n<!-- \/ Yoast SEO plugin. -->","yoast_head_json":{"title":"Diagn\u00f2stic per la imatge de la Patologia mam\u00e0ria en Ginecologia -2024 - Dexeus Campus","description":"El nostre objectiu \u00e9s transmetre, amb una metodologia did\u00e0ctica, el llenguatge superespecialitzat dels radi\u00f2legs al context de la consulta ginecol\u00f2gica.","robots":{"index":"index","follow":"follow","max-snippet":"max-snippet:-1","max-image-preview":"max-image-preview:large","max-video-preview":"max-video-preview:-1"},"canonical":"https:\/\/www.dexeuscampus.com\/ca\/activitats\/diagnostic-per-imatge-patologia-mamaria-ginecolegs\/","og_locale":"ca_ES","og_type":"article","og_title":"Diagn\u00f2stic per la imatge de la Patologia mam\u00e0ria en Ginecologia -2024 - Dexeus Campus","og_description":"El nostre objectiu \u00e9s transmetre, amb una metodologia did\u00e0ctica, el llenguatge superespecialitzat dels radi\u00f2legs al context de la consulta ginecol\u00f2gica.","og_url":"https:\/\/www.dexeuscampus.com\/ca\/activitats\/diagnostic-per-imatge-patologia-mamaria-ginecolegs\/","og_site_name":"Dexeus Campus","article_publisher":"https:\/\/www.facebook.com\/CampusDexeus","article_modified_time":"2024-10-09T13:20:21+00:00","og_image":[{"width":580,"height":383,"url":"https:\/\/www.dexeuscampus.com\/wp-content\/uploads\/2021\/06\/Imagen-Ficha-Curso-Diagnostico-Pat-Mama-2021.jpg","type":"image\/jpeg"}],"twitter_card":"summary_large_image","twitter_site":"@DexeusCampus","twitter_misc":{"Temps estimat de lectura":"9 minuts"},"schema":{"@context":"https:\/\/schema.org","@graph":[{"@type":"WebPage","@id":"https:\/\/www.dexeuscampus.com\/ca\/activitats\/diagnostic-per-imatge-patologia-mamaria-ginecolegs\/","url":"https:\/\/www.dexeuscampus.com\/ca\/activitats\/diagnostic-per-imatge-patologia-mamaria-ginecolegs\/","name":"Diagn\u00f2stic per la imatge de la Patologia mam\u00e0ria en Ginecologia -2024 - Dexeus Campus","isPartOf":{"@id":"https:\/\/www.dexeuscampus.com\/ca\/#website"},"primaryImageOfPage":{"@id":"https:\/\/www.dexeuscampus.com\/ca\/activitats\/diagnostic-per-imatge-patologia-mamaria-ginecolegs\/#primaryimage"},"image":{"@id":"https:\/\/www.dexeuscampus.com\/ca\/activitats\/diagnostic-per-imatge-patologia-mamaria-ginecolegs\/#primaryimage"},"thumbnailUrl":"https:\/\/www.dexeuscampus.com\/wp-content\/uploads\/2021\/06\/Imagen-Ficha-Curso-Diagnostico-Pat-Mama-2021.jpg","datePublished":"2024-03-19T14:54:37+00:00","dateModified":"2024-10-09T13:20:21+00:00","description":"El nostre objectiu \u00e9s transmetre, amb una metodologia did\u00e0ctica, el llenguatge superespecialitzat dels radi\u00f2legs al context de la consulta ginecol\u00f2gica.","breadcrumb":{"@id":"https:\/\/www.dexeuscampus.com\/ca\/activitats\/diagnostic-per-imatge-patologia-mamaria-ginecolegs\/#breadcrumb"},"inLanguage":"ca","potentialAction":[{"@type":"ReadAction","target":["https:\/\/www.dexeuscampus.com\/ca\/activitats\/diagnostic-per-imatge-patologia-mamaria-ginecolegs\/"]}]},{"@type":"ImageObject","inLanguage":"ca","@id":"https:\/\/www.dexeuscampus.com\/ca\/activitats\/diagnostic-per-imatge-patologia-mamaria-ginecolegs\/#primaryimage","url":"https:\/\/www.dexeuscampus.com\/wp-content\/uploads\/2021\/06\/Imagen-Ficha-Curso-Diagnostico-Pat-Mama-2021.jpg","contentUrl":"https:\/\/www.dexeuscampus.com\/wp-content\/uploads\/2021\/06\/Imagen-Ficha-Curso-Diagnostico-Pat-Mama-2021.jpg","width":580,"height":383},{"@type":"BreadcrumbList","@id":"https:\/\/www.dexeuscampus.com\/ca\/activitats\/diagnostic-per-imatge-patologia-mamaria-ginecolegs\/#breadcrumb","itemListElement":[{"@type":"ListItem","position":1,"name":"Portada","item":"https:\/\/www.dexeuscampus.com\/ca\/inici\/"},{"@type":"ListItem","position":2,"name":"Tienda","item":"https:\/\/www.dexeuscampus.com\/ca\/tienda-2\/"},{"@type":"ListItem","position":3,"name":"Diagn\u00f2stic per la imatge de la Patologia mam\u00e0ria en Ginecologia -2024"}]},{"@type":"WebSite","@id":"https:\/\/www.dexeuscampus.com\/ca\/#website","url":"https:\/\/www.dexeuscampus.com\/ca\/","name":"Dexeus Campus","description":"Plataforma online dirigida a los profesionales especializados en obstetricia, ginecolog\u00eda y reproducci\u00f3n","publisher":{"@id":"https:\/\/www.dexeuscampus.com\/ca\/#organization"},"potentialAction":[{"@type":"SearchAction","target":{"@type":"EntryPoint","urlTemplate":"https:\/\/www.dexeuscampus.com\/ca\/?s={search_term_string}"},"query-input":{"@type":"PropertyValueSpecification","valueRequired":true,"valueName":"search_term_string"}}],"inLanguage":"ca"},{"@type":"Organization","@id":"https:\/\/www.dexeuscampus.com\/ca\/#organization","name":"DEXEUS CAMPUS. FUNDACI\u00d3 DEXEUS DONA","url":"https:\/\/www.dexeuscampus.com\/ca\/","logo":{"@type":"ImageObject","inLanguage":"ca","@id":"https:\/\/www.dexeuscampus.com\/ca\/#\/schema\/logo\/image\/","url":"https:\/\/www.dexeuscampus.com\/wp-content\/uploads\/2021\/03\/Logo-Campus-Dexeus.png","contentUrl":"https:\/\/www.dexeuscampus.com\/wp-content\/uploads\/2021\/03\/Logo-Campus-Dexeus.png","width":2068,"height":1773,"caption":"DEXEUS CAMPUS. FUNDACI\u00d3 DEXEUS DONA"},"image":{"@id":"https:\/\/www.dexeuscampus.com\/ca\/#\/schema\/logo\/image\/"},"sameAs":["https:\/\/www.facebook.com\/CampusDexeus","https:\/\/x.com\/DexeusCampus","https:\/\/www.youtube.com\/user\/DexeusCampus","https:\/\/vimeo.com\/dexeuscampus","https:\/\/www.linkedin.com\/company\/dexeusmujer"]}]}},"_links":{"self":[{"href":"https:\/\/www.dexeuscampus.com\/ca\/wp-json\/wp\/v2\/product\/29893","targetHints":{"allow":["GET"]}}],"collection":[{"href":"https:\/\/www.dexeuscampus.com\/ca\/wp-json\/wp\/v2\/product"}],"about":[{"href":"https:\/\/www.dexeuscampus.com\/ca\/wp-json\/wp\/v2\/types\/product"}],"replies":[{"embeddable":true,"href":"https:\/\/www.dexeuscampus.com\/ca\/wp-json\/wp\/v2\/comments?post=29893"}],"wp:featuredmedia":[{"embeddable":true,"href":"https:\/\/www.dexeuscampus.com\/ca\/wp-json\/wp\/v2\/media\/3700"}],"wp:attachment":[{"href":"https:\/\/www.dexeuscampus.com\/ca\/wp-json\/wp\/v2\/media?parent=29893"}],"wp:term":[{"taxonomy":"product_brand","embeddable":true,"href":"https:\/\/www.dexeuscampus.com\/ca\/wp-json\/wp\/v2\/product_brand?post=29893"},{"taxonomy":"product_cat","embeddable":true,"href":"https:\/\/www.dexeuscampus.com\/ca\/wp-json\/wp\/v2\/product_cat?post=29893"},{"taxonomy":"product_tag","embeddable":true,"href":"https:\/\/www.dexeuscampus.com\/ca\/wp-json\/wp\/v2\/product_tag?post=29893"},{"taxonomy":"modalidad","embeddable":true,"href":"https:\/\/www.dexeuscampus.com\/ca\/wp-json\/wp\/v2\/modalidad?post=29893"},{"taxonomy":"area","embeddable":true,"href":"https:\/\/www.dexeuscampus.com\/ca\/wp-json\/wp\/v2\/area?post=29893"},{"taxonomy":"idioma","embeddable":true,"href":"https:\/\/www.dexeuscampus.com\/ca\/wp-json\/wp\/v2\/idioma?post=29893"},{"taxonomy":"estado-del-curso","embeddable":true,"href":"https:\/\/www.dexeuscampus.com\/ca\/wp-json\/wp\/v2\/estado-del-curso?post=29893"}],"curies":[{"name":"wp","href":"https:\/\/api.w.org\/{rel}","templated":true}]}}