{"id":31190,"date":"2024-05-15T11:54:08","date_gmt":"2024-05-15T11:18:09","guid":{"rendered":"https:\/\/www.dexeuscampus.com\/?post_type=product&#038;p=31190"},"modified":"2025-04-24T10:48:55","modified_gmt":"2025-04-24T09:48:55","slug":"fonaments-en-ecografia-morfologica-i-creixement-fetal","status":"publish","type":"product","link":"https:\/\/www.dexeuscampus.com\/ca\/activitats\/fonaments-en-ecografia-morfologica-i-creixement-fetal\/","title":{"rendered":"Fonaments en Ecografia morfol\u00f2gica i Creixement fetal"},"content":{"rendered":"<p>Visi\u00f3 global de diferents aspectes de l&#8217;ecografia morfol\u00f2gica fetal, del creixement fetal i de la seva relaci\u00f3 amb la disfunci\u00f3 placent\u00e0ria.<\/p>\n","protected":false},"excerpt":{"rendered":"<p>Visi\u00f3 global de diferents aspectes de l&#8217;ecografia morfol\u00f2gica fetal, del creixement fetal i de la seva relaci\u00f3 amb la disfunci\u00f3 placent\u00e0ria.<\/p>\n","protected":false},"featured_media":1344,"comment_status":"open","ping_status":"closed","template":"","meta":[],"product_brand":[],"product_cat":[27],"product_tag":[],"modalidad":[167],"area":[165],"idioma":[166],"estado-del-curso":[444],"class_list":{"0":"post-31190","1":"product","2":"type-product","3":"status-publish","4":"has-post-thumbnail","6":"product_cat-sense-categoria","7":"modalidad-online-ca","8":"area-obstetricia-ca","9":"idioma-espanyol","10":"estado-del-curso-historico","12":"first","13":"outofstock","14":"virtual","15":"purchasable","16":"product-type-simple"},"yoast_head":"<!-- This site is optimized with the Yoast SEO plugin v27.3 - https:\/\/yoast.com\/product\/yoast-seo-wordpress\/ -->\n<title>Fonaments en Ecografia morfol\u00f2gica i Creixement fetal - Dexeus Campus<\/title>\n<meta name=\"description\" content=\"Visi\u00f3 global de diferents aspectes de l&#039;ecografia morfol\u00f2gica fetal, del creixement fetal i de la seva relaci\u00f3 amb la disfunci\u00f3 placent\u00e0ria.\" \/>\n<meta name=\"robots\" content=\"index, follow, max-snippet:-1, max-image-preview:large, max-video-preview:-1\" \/>\n<link rel=\"canonical\" href=\"https:\/\/www.dexeuscampus.com\/ca\/activitats\/fonaments-en-ecografia-morfologica-i-creixement-fetal\/\" \/>\n<meta property=\"og:locale\" content=\"ca_ES\" \/>\n<meta property=\"og:type\" content=\"article\" \/>\n<meta property=\"og:title\" content=\"Fonaments en Ecografia morfol\u00f2gica i Creixement fetal - Dexeus Campus\" \/>\n<meta property=\"og:description\" content=\"Visi\u00f3 global de diferents aspectes de l&#039;ecografia morfol\u00f2gica fetal, del creixement fetal i de la seva relaci\u00f3 amb la disfunci\u00f3 placent\u00e0ria.\" \/>\n<meta property=\"og:url\" content=\"https:\/\/www.dexeuscampus.com\/ca\/activitats\/fonaments-en-ecografia-morfologica-i-creixement-fetal\/\" \/>\n<meta property=\"og:site_name\" content=\"Dexeus Campus\" \/>\n<meta property=\"article:publisher\" content=\"https:\/\/www.facebook.com\/CampusDexeus\" \/>\n<meta property=\"article:modified_time\" content=\"2025-04-24T09:48:55+00:00\" \/>\n<meta property=\"og:image\" content=\"https:\/\/www.dexeuscampus.com\/wp-content\/uploads\/2021\/04\/Actualizacion-Medicina-Fetal-2021.jpg\" \/>\n\t<meta property=\"og:image:width\" content=\"701\" \/>\n\t<meta property=\"og:image:height\" content=\"410\" \/>\n\t<meta property=\"og:image:type\" content=\"image\/jpeg\" \/>\n<meta name=\"twitter:card\" content=\"summary_large_image\" \/>\n<meta name=\"twitter:site\" content=\"@DexeusCampus\" \/>\n<meta name=\"twitter:label1\" content=\"Temps estimat de lectura\" \/>\n\t<meta name=\"twitter:data1\" content=\"7 minuts\" \/>\n<script type=\"application\/ld+json\" class=\"yoast-schema-graph\">{\"@context\":\"https:\\\/\\\/schema.org\",\"@graph\":[{\"@type\":\"WebPage\",\"@id\":\"https:\\\/\\\/www.dexeuscampus.com\\\/ca\\\/activitats\\\/fonaments-en-ecografia-morfologica-i-creixement-fetal\\\/\",\"url\":\"https:\\\/\\\/www.dexeuscampus.com\\\/ca\\\/activitats\\\/fonaments-en-ecografia-morfologica-i-creixement-fetal\\\/\",\"name\":\"Fonaments en Ecografia morfol\u00f2gica i Creixement fetal - Dexeus Campus\",\"isPartOf\":{\"@id\":\"https:\\\/\\\/www.dexeuscampus.com\\\/ca\\\/#website\"},\"primaryImageOfPage\":{\"@id\":\"https:\\\/\\\/www.dexeuscampus.com\\\/ca\\\/activitats\\\/fonaments-en-ecografia-morfologica-i-creixement-fetal\\\/#primaryimage\"},\"image\":{\"@id\":\"https:\\\/\\\/www.dexeuscampus.com\\\/ca\\\/activitats\\\/fonaments-en-ecografia-morfologica-i-creixement-fetal\\\/#primaryimage\"},\"thumbnailUrl\":\"https:\\\/\\\/www.dexeuscampus.com\\\/wp-content\\\/uploads\\\/2021\\\/04\\\/Actualizacion-Medicina-Fetal-2021.jpg\",\"datePublished\":\"2024-05-15T11:18:09+00:00\",\"dateModified\":\"2025-04-24T09:48:55+00:00\",\"description\":\"Visi\u00f3 global de diferents aspectes de l'ecografia morfol\u00f2gica fetal, del creixement fetal i de la seva relaci\u00f3 amb la disfunci\u00f3 placent\u00e0ria.\",\"breadcrumb\":{\"@id\":\"https:\\\/\\\/www.dexeuscampus.com\\\/ca\\\/activitats\\\/fonaments-en-ecografia-morfologica-i-creixement-fetal\\\/#breadcrumb\"},\"inLanguage\":\"ca\",\"potentialAction\":[{\"@type\":\"ReadAction\",\"target\":[\"https:\\\/\\\/www.dexeuscampus.com\\\/ca\\\/activitats\\\/fonaments-en-ecografia-morfologica-i-creixement-fetal\\\/\"]}]},{\"@type\":\"ImageObject\",\"inLanguage\":\"ca\",\"@id\":\"https:\\\/\\\/www.dexeuscampus.com\\\/ca\\\/activitats\\\/fonaments-en-ecografia-morfologica-i-creixement-fetal\\\/#primaryimage\",\"url\":\"https:\\\/\\\/www.dexeuscampus.com\\\/wp-content\\\/uploads\\\/2021\\\/04\\\/Actualizacion-Medicina-Fetal-2021.jpg\",\"contentUrl\":\"https:\\\/\\\/www.dexeuscampus.com\\\/wp-content\\\/uploads\\\/2021\\\/04\\\/Actualizacion-Medicina-Fetal-2021.jpg\",\"width\":701,\"height\":410},{\"@type\":\"BreadcrumbList\",\"@id\":\"https:\\\/\\\/www.dexeuscampus.com\\\/ca\\\/activitats\\\/fonaments-en-ecografia-morfologica-i-creixement-fetal\\\/#breadcrumb\",\"itemListElement\":[{\"@type\":\"ListItem\",\"position\":1,\"name\":\"Portada\",\"item\":\"https:\\\/\\\/www.dexeuscampus.com\\\/ca\\\/inici\\\/\"},{\"@type\":\"ListItem\",\"position\":2,\"name\":\"Tienda\",\"item\":\"https:\\\/\\\/www.dexeuscampus.com\\\/ca\\\/tienda-2\\\/\"},{\"@type\":\"ListItem\",\"position\":3,\"name\":\"Fonaments en Ecografia morfol\u00f2gica i Creixement fetal\"}]},{\"@type\":\"WebSite\",\"@id\":\"https:\\\/\\\/www.dexeuscampus.com\\\/ca\\\/#website\",\"url\":\"https:\\\/\\\/www.dexeuscampus.com\\\/ca\\\/\",\"name\":\"Dexeus Campus\",\"description\":\"Plataforma online dirigida a los profesionales especializados en obstetricia, ginecolog\u00eda y reproducci\u00f3n\",\"publisher\":{\"@id\":\"https:\\\/\\\/www.dexeuscampus.com\\\/ca\\\/#organization\"},\"potentialAction\":[{\"@type\":\"SearchAction\",\"target\":{\"@type\":\"EntryPoint\",\"urlTemplate\":\"https:\\\/\\\/www.dexeuscampus.com\\\/ca\\\/?s={search_term_string}\"},\"query-input\":{\"@type\":\"PropertyValueSpecification\",\"valueRequired\":true,\"valueName\":\"search_term_string\"}}],\"inLanguage\":\"ca\"},{\"@type\":\"Organization\",\"@id\":\"https:\\\/\\\/www.dexeuscampus.com\\\/ca\\\/#organization\",\"name\":\"DEXEUS CAMPUS. FUNDACI\u00d3 DEXEUS DONA\",\"url\":\"https:\\\/\\\/www.dexeuscampus.com\\\/ca\\\/\",\"logo\":{\"@type\":\"ImageObject\",\"inLanguage\":\"ca\",\"@id\":\"https:\\\/\\\/www.dexeuscampus.com\\\/ca\\\/#\\\/schema\\\/logo\\\/image\\\/\",\"url\":\"https:\\\/\\\/www.dexeuscampus.com\\\/wp-content\\\/uploads\\\/2021\\\/03\\\/Logo-Campus-Dexeus.png\",\"contentUrl\":\"https:\\\/\\\/www.dexeuscampus.com\\\/wp-content\\\/uploads\\\/2021\\\/03\\\/Logo-Campus-Dexeus.png\",\"width\":2068,\"height\":1773,\"caption\":\"DEXEUS CAMPUS. FUNDACI\u00d3 DEXEUS DONA\"},\"image\":{\"@id\":\"https:\\\/\\\/www.dexeuscampus.com\\\/ca\\\/#\\\/schema\\\/logo\\\/image\\\/\"},\"sameAs\":[\"https:\\\/\\\/www.facebook.com\\\/CampusDexeus\",\"https:\\\/\\\/x.com\\\/DexeusCampus\",\"https:\\\/\\\/www.youtube.com\\\/user\\\/DexeusCampus\",\"https:\\\/\\\/vimeo.com\\\/dexeuscampus\",\"https:\\\/\\\/www.linkedin.com\\\/company\\\/dexeusmujer\"]}]}<\/script>\n<!-- \/ Yoast SEO plugin. -->","yoast_head_json":{"title":"Fonaments en Ecografia morfol\u00f2gica i Creixement fetal - Dexeus Campus","description":"Visi\u00f3 global de diferents aspectes de l'ecografia morfol\u00f2gica fetal, del creixement fetal i de la seva relaci\u00f3 amb la disfunci\u00f3 placent\u00e0ria.","robots":{"index":"index","follow":"follow","max-snippet":"max-snippet:-1","max-image-preview":"max-image-preview:large","max-video-preview":"max-video-preview:-1"},"canonical":"https:\/\/www.dexeuscampus.com\/ca\/activitats\/fonaments-en-ecografia-morfologica-i-creixement-fetal\/","og_locale":"ca_ES","og_type":"article","og_title":"Fonaments en Ecografia morfol\u00f2gica i Creixement fetal - Dexeus Campus","og_description":"Visi\u00f3 global de diferents aspectes de l'ecografia morfol\u00f2gica fetal, del creixement fetal i de la seva relaci\u00f3 amb la disfunci\u00f3 placent\u00e0ria.","og_url":"https:\/\/www.dexeuscampus.com\/ca\/activitats\/fonaments-en-ecografia-morfologica-i-creixement-fetal\/","og_site_name":"Dexeus Campus","article_publisher":"https:\/\/www.facebook.com\/CampusDexeus","article_modified_time":"2025-04-24T09:48:55+00:00","og_image":[{"width":701,"height":410,"url":"https:\/\/www.dexeuscampus.com\/wp-content\/uploads\/2021\/04\/Actualizacion-Medicina-Fetal-2021.jpg","type":"image\/jpeg"}],"twitter_card":"summary_large_image","twitter_site":"@DexeusCampus","twitter_misc":{"Temps estimat de lectura":"7 minuts"},"schema":{"@context":"https:\/\/schema.org","@graph":[{"@type":"WebPage","@id":"https:\/\/www.dexeuscampus.com\/ca\/activitats\/fonaments-en-ecografia-morfologica-i-creixement-fetal\/","url":"https:\/\/www.dexeuscampus.com\/ca\/activitats\/fonaments-en-ecografia-morfologica-i-creixement-fetal\/","name":"Fonaments en Ecografia morfol\u00f2gica i Creixement fetal - Dexeus Campus","isPartOf":{"@id":"https:\/\/www.dexeuscampus.com\/ca\/#website"},"primaryImageOfPage":{"@id":"https:\/\/www.dexeuscampus.com\/ca\/activitats\/fonaments-en-ecografia-morfologica-i-creixement-fetal\/#primaryimage"},"image":{"@id":"https:\/\/www.dexeuscampus.com\/ca\/activitats\/fonaments-en-ecografia-morfologica-i-creixement-fetal\/#primaryimage"},"thumbnailUrl":"https:\/\/www.dexeuscampus.com\/wp-content\/uploads\/2021\/04\/Actualizacion-Medicina-Fetal-2021.jpg","datePublished":"2024-05-15T11:18:09+00:00","dateModified":"2025-04-24T09:48:55+00:00","description":"Visi\u00f3 global de diferents aspectes de l'ecografia morfol\u00f2gica fetal, del creixement fetal i de la seva relaci\u00f3 amb la disfunci\u00f3 placent\u00e0ria.","breadcrumb":{"@id":"https:\/\/www.dexeuscampus.com\/ca\/activitats\/fonaments-en-ecografia-morfologica-i-creixement-fetal\/#breadcrumb"},"inLanguage":"ca","potentialAction":[{"@type":"ReadAction","target":["https:\/\/www.dexeuscampus.com\/ca\/activitats\/fonaments-en-ecografia-morfologica-i-creixement-fetal\/"]}]},{"@type":"ImageObject","inLanguage":"ca","@id":"https:\/\/www.dexeuscampus.com\/ca\/activitats\/fonaments-en-ecografia-morfologica-i-creixement-fetal\/#primaryimage","url":"https:\/\/www.dexeuscampus.com\/wp-content\/uploads\/2021\/04\/Actualizacion-Medicina-Fetal-2021.jpg","contentUrl":"https:\/\/www.dexeuscampus.com\/wp-content\/uploads\/2021\/04\/Actualizacion-Medicina-Fetal-2021.jpg","width":701,"height":410},{"@type":"BreadcrumbList","@id":"https:\/\/www.dexeuscampus.com\/ca\/activitats\/fonaments-en-ecografia-morfologica-i-creixement-fetal\/#breadcrumb","itemListElement":[{"@type":"ListItem","position":1,"name":"Portada","item":"https:\/\/www.dexeuscampus.com\/ca\/inici\/"},{"@type":"ListItem","position":2,"name":"Tienda","item":"https:\/\/www.dexeuscampus.com\/ca\/tienda-2\/"},{"@type":"ListItem","position":3,"name":"Fonaments en Ecografia morfol\u00f2gica i Creixement fetal"}]},{"@type":"WebSite","@id":"https:\/\/www.dexeuscampus.com\/ca\/#website","url":"https:\/\/www.dexeuscampus.com\/ca\/","name":"Dexeus Campus","description":"Plataforma online dirigida a los profesionales especializados en obstetricia, ginecolog\u00eda y reproducci\u00f3n","publisher":{"@id":"https:\/\/www.dexeuscampus.com\/ca\/#organization"},"potentialAction":[{"@type":"SearchAction","target":{"@type":"EntryPoint","urlTemplate":"https:\/\/www.dexeuscampus.com\/ca\/?s={search_term_string}"},"query-input":{"@type":"PropertyValueSpecification","valueRequired":true,"valueName":"search_term_string"}}],"inLanguage":"ca"},{"@type":"Organization","@id":"https:\/\/www.dexeuscampus.com\/ca\/#organization","name":"DEXEUS CAMPUS. FUNDACI\u00d3 DEXEUS DONA","url":"https:\/\/www.dexeuscampus.com\/ca\/","logo":{"@type":"ImageObject","inLanguage":"ca","@id":"https:\/\/www.dexeuscampus.com\/ca\/#\/schema\/logo\/image\/","url":"https:\/\/www.dexeuscampus.com\/wp-content\/uploads\/2021\/03\/Logo-Campus-Dexeus.png","contentUrl":"https:\/\/www.dexeuscampus.com\/wp-content\/uploads\/2021\/03\/Logo-Campus-Dexeus.png","width":2068,"height":1773,"caption":"DEXEUS CAMPUS. FUNDACI\u00d3 DEXEUS DONA"},"image":{"@id":"https:\/\/www.dexeuscampus.com\/ca\/#\/schema\/logo\/image\/"},"sameAs":["https:\/\/www.facebook.com\/CampusDexeus","https:\/\/x.com\/DexeusCampus","https:\/\/www.youtube.com\/user\/DexeusCampus","https:\/\/vimeo.com\/dexeuscampus","https:\/\/www.linkedin.com\/company\/dexeusmujer"]}]}},"_links":{"self":[{"href":"https:\/\/www.dexeuscampus.com\/ca\/wp-json\/wp\/v2\/product\/31190","targetHints":{"allow":["GET"]}}],"collection":[{"href":"https:\/\/www.dexeuscampus.com\/ca\/wp-json\/wp\/v2\/product"}],"about":[{"href":"https:\/\/www.dexeuscampus.com\/ca\/wp-json\/wp\/v2\/types\/product"}],"replies":[{"embeddable":true,"href":"https:\/\/www.dexeuscampus.com\/ca\/wp-json\/wp\/v2\/comments?post=31190"}],"wp:featuredmedia":[{"embeddable":true,"href":"https:\/\/www.dexeuscampus.com\/ca\/wp-json\/wp\/v2\/media\/1344"}],"wp:attachment":[{"href":"https:\/\/www.dexeuscampus.com\/ca\/wp-json\/wp\/v2\/media?parent=31190"}],"wp:term":[{"taxonomy":"product_brand","embeddable":true,"href":"https:\/\/www.dexeuscampus.com\/ca\/wp-json\/wp\/v2\/product_brand?post=31190"},{"taxonomy":"product_cat","embeddable":true,"href":"https:\/\/www.dexeuscampus.com\/ca\/wp-json\/wp\/v2\/product_cat?post=31190"},{"taxonomy":"product_tag","embeddable":true,"href":"https:\/\/www.dexeuscampus.com\/ca\/wp-json\/wp\/v2\/product_tag?post=31190"},{"taxonomy":"modalidad","embeddable":true,"href":"https:\/\/www.dexeuscampus.com\/ca\/wp-json\/wp\/v2\/modalidad?post=31190"},{"taxonomy":"area","embeddable":true,"href":"https:\/\/www.dexeuscampus.com\/ca\/wp-json\/wp\/v2\/area?post=31190"},{"taxonomy":"idioma","embeddable":true,"href":"https:\/\/www.dexeuscampus.com\/ca\/wp-json\/wp\/v2\/idioma?post=31190"},{"taxonomy":"estado-del-curso","embeddable":true,"href":"https:\/\/www.dexeuscampus.com\/ca\/wp-json\/wp\/v2\/estado-del-curso?post=31190"}],"curies":[{"name":"wp","href":"https:\/\/api.w.org\/{rel}","templated":true}]}}