{"id":34495,"date":"2025-02-11T16:43:06","date_gmt":"2025-02-11T15:43:06","guid":{"rendered":"https:\/\/www.dexeuscampus.com\/actividades\/maneig-de-lalt-risc-obstetric-i-prematuritat-i-insuficiencia-placentaria\/"},"modified":"2026-03-20T19:19:27","modified_gmt":"2026-03-20T18:19:27","slug":"curs-maneig-alt-risc-obstetric-1","status":"publish","type":"product","link":"https:\/\/www.dexeuscampus.com\/ca\/activitats\/curs-maneig-alt-risc-obstetric-1\/","title":{"rendered":"Maneig de l&#8217;alt risc obst\u00e8tric I &#8211; Prematuritat i Insufici\u00e8ncia placent\u00e0ria"},"content":{"rendered":"<p>Ens centrarem en la prematuritat i en les patologies associades a la insufici\u00e8ncia placent\u00e0ria com la preecl\u00e0mpsia, el retard de creixement intrauter\u00ed o el \u00e9xitus fetal. Parlarem de predicci\u00f3, mesures preventives, diagn\u00f2stic i opcions terap\u00e8utiques de cadascuna de les patologies tractades. <\/p>\n","protected":false},"excerpt":{"rendered":"<p>Ens centrarem en la prematuritat i en les patologies associades a la insufici\u00e8ncia placent\u00e0ria com la preecl\u00e0mpsia, el retard de creixement intrauter\u00ed o el \u00e9xitus fetal. Parlarem de predicci\u00f3, mesures preventives, diagn\u00f2stic i opcions terap\u00e8utiques de cadascuna de les patologies tractades.<\/p>\n","protected":false},"featured_media":3852,"comment_status":"open","ping_status":"closed","template":"","meta":[],"product_brand":[],"product_cat":[27],"product_tag":[],"modalidad":[167],"area":[165],"idioma":[166],"estado-del-curso":[444],"class_list":{"0":"post-34495","1":"product","2":"type-product","3":"status-publish","4":"has-post-thumbnail","6":"product_cat-sense-categoria","7":"modalidad-online-ca","8":"area-obstetricia-ca","9":"idioma-espanyol","10":"estado-del-curso-historico","12":"first","13":"outofstock","14":"virtual","15":"purchasable","16":"product-type-simple"},"yoast_head":"<!-- This site is optimized with the Yoast SEO plugin v27.5 - https:\/\/yoast.com\/product\/yoast-seo-wordpress\/ -->\n<title>Maneig de l&#039;alt risc obst\u00e8tric I - Prematuritat i Insufici\u00e8ncia placent\u00e0ria - Dexeus Campus<\/title>\n<meta name=\"description\" content=\"Curs online per a optimitzar el diagn\u00f2stic, tractament i seguiment d&#039;embarassos d&#039;alt risc, amb un enfocament pr\u00e0ctic i basat en l&#039;evid\u00e8ncia.\" \/>\n<meta name=\"robots\" content=\"index, follow, max-snippet:-1, max-image-preview:large, max-video-preview:-1\" \/>\n<link rel=\"canonical\" href=\"https:\/\/www.dexeuscampus.com\/ca\/activitats\/curs-maneig-alt-risc-obstetric-1\/\" \/>\n<meta property=\"og:locale\" content=\"ca_ES\" \/>\n<meta property=\"og:type\" content=\"article\" \/>\n<meta property=\"og:title\" content=\"Maneig de l&#039;alt risc obst\u00e8tric I - Prematuritat i Insufici\u00e8ncia placent\u00e0ria - Dexeus Campus\" \/>\n<meta property=\"og:description\" content=\"Curs online per a optimitzar el diagn\u00f2stic, tractament i seguiment d&#039;embarassos d&#039;alt risc, amb un enfocament pr\u00e0ctic i basat en l&#039;evid\u00e8ncia.\" \/>\n<meta property=\"og:url\" content=\"https:\/\/www.dexeuscampus.com\/ca\/activitats\/curs-maneig-alt-risc-obstetric-1\/\" \/>\n<meta property=\"og:site_name\" content=\"Dexeus Campus\" \/>\n<meta property=\"article:publisher\" content=\"https:\/\/www.facebook.com\/CampusDexeus\" \/>\n<meta property=\"article:modified_time\" content=\"2026-03-20T18:19:27+00:00\" \/>\n<meta property=\"og:image\" content=\"https:\/\/www.dexeuscampus.com\/wp-content\/uploads\/2021\/06\/Imagen-Ficha-Curso-Alto-riesgo-obstetrico-2-2021.png\" \/>\n\t<meta property=\"og:image:width\" content=\"816\" \/>\n\t<meta property=\"og:image:height\" content=\"630\" \/>\n\t<meta property=\"og:image:type\" content=\"image\/png\" \/>\n<meta name=\"twitter:card\" content=\"summary_large_image\" \/>\n<meta name=\"twitter:site\" content=\"@DexeusCampus\" \/>\n<meta name=\"twitter:label1\" content=\"Temps estimat de lectura\" \/>\n\t<meta name=\"twitter:data1\" content=\"9 minuts\" \/>\n<script type=\"application\/ld+json\" class=\"yoast-schema-graph\">{\"@context\":\"https:\\\/\\\/schema.org\",\"@graph\":[{\"@type\":\"WebPage\",\"@id\":\"https:\\\/\\\/www.dexeuscampus.com\\\/ca\\\/activitats\\\/curs-maneig-alt-risc-obstetric-1\\\/\",\"url\":\"https:\\\/\\\/www.dexeuscampus.com\\\/ca\\\/activitats\\\/curs-maneig-alt-risc-obstetric-1\\\/\",\"name\":\"Maneig de l'alt risc obst\u00e8tric I - Prematuritat i Insufici\u00e8ncia placent\u00e0ria - Dexeus Campus\",\"isPartOf\":{\"@id\":\"https:\\\/\\\/www.dexeuscampus.com\\\/ca\\\/#website\"},\"primaryImageOfPage\":{\"@id\":\"https:\\\/\\\/www.dexeuscampus.com\\\/ca\\\/activitats\\\/curs-maneig-alt-risc-obstetric-1\\\/#primaryimage\"},\"image\":{\"@id\":\"https:\\\/\\\/www.dexeuscampus.com\\\/ca\\\/activitats\\\/curs-maneig-alt-risc-obstetric-1\\\/#primaryimage\"},\"thumbnailUrl\":\"https:\\\/\\\/www.dexeuscampus.com\\\/wp-content\\\/uploads\\\/2021\\\/06\\\/Imagen-Ficha-Curso-Alto-riesgo-obstetrico-2-2021.png\",\"datePublished\":\"2025-02-11T15:43:06+00:00\",\"dateModified\":\"2026-03-20T18:19:27+00:00\",\"description\":\"Curs online per a optimitzar el diagn\u00f2stic, tractament i seguiment d'embarassos d'alt risc, amb un enfocament pr\u00e0ctic i basat en l'evid\u00e8ncia.\",\"breadcrumb\":{\"@id\":\"https:\\\/\\\/www.dexeuscampus.com\\\/ca\\\/activitats\\\/curs-maneig-alt-risc-obstetric-1\\\/#breadcrumb\"},\"inLanguage\":\"ca\",\"potentialAction\":[{\"@type\":\"ReadAction\",\"target\":[\"https:\\\/\\\/www.dexeuscampus.com\\\/ca\\\/activitats\\\/curs-maneig-alt-risc-obstetric-1\\\/\"]}]},{\"@type\":\"ImageObject\",\"inLanguage\":\"ca\",\"@id\":\"https:\\\/\\\/www.dexeuscampus.com\\\/ca\\\/activitats\\\/curs-maneig-alt-risc-obstetric-1\\\/#primaryimage\",\"url\":\"https:\\\/\\\/www.dexeuscampus.com\\\/wp-content\\\/uploads\\\/2021\\\/06\\\/Imagen-Ficha-Curso-Alto-riesgo-obstetrico-2-2021.png\",\"contentUrl\":\"https:\\\/\\\/www.dexeuscampus.com\\\/wp-content\\\/uploads\\\/2021\\\/06\\\/Imagen-Ficha-Curso-Alto-riesgo-obstetrico-2-2021.png\",\"width\":816,\"height\":630},{\"@type\":\"BreadcrumbList\",\"@id\":\"https:\\\/\\\/www.dexeuscampus.com\\\/ca\\\/activitats\\\/curs-maneig-alt-risc-obstetric-1\\\/#breadcrumb\",\"itemListElement\":[{\"@type\":\"ListItem\",\"position\":1,\"name\":\"Portada\",\"item\":\"https:\\\/\\\/www.dexeuscampus.com\\\/ca\\\/inici\\\/\"},{\"@type\":\"ListItem\",\"position\":2,\"name\":\"Tienda\",\"item\":\"https:\\\/\\\/www.dexeuscampus.com\\\/ca\\\/tienda-2\\\/\"},{\"@type\":\"ListItem\",\"position\":3,\"name\":\"Maneig de l&#8217;alt risc obst\u00e8tric I &#8211; Prematuritat i Insufici\u00e8ncia placent\u00e0ria\"}]},{\"@type\":\"WebSite\",\"@id\":\"https:\\\/\\\/www.dexeuscampus.com\\\/ca\\\/#website\",\"url\":\"https:\\\/\\\/www.dexeuscampus.com\\\/ca\\\/\",\"name\":\"Dexeus Campus\",\"description\":\"Plataforma online dirigida a los profesionales especializados en obstetricia, ginecolog\u00eda y reproducci\u00f3n\",\"publisher\":{\"@id\":\"https:\\\/\\\/www.dexeuscampus.com\\\/ca\\\/#organization\"},\"potentialAction\":[{\"@type\":\"SearchAction\",\"target\":{\"@type\":\"EntryPoint\",\"urlTemplate\":\"https:\\\/\\\/www.dexeuscampus.com\\\/ca\\\/?s={search_term_string}\"},\"query-input\":{\"@type\":\"PropertyValueSpecification\",\"valueRequired\":true,\"valueName\":\"search_term_string\"}}],\"inLanguage\":\"ca\"},{\"@type\":\"Organization\",\"@id\":\"https:\\\/\\\/www.dexeuscampus.com\\\/ca\\\/#organization\",\"name\":\"DEXEUS CAMPUS. FUNDACI\u00d3 DEXEUS DONA\",\"url\":\"https:\\\/\\\/www.dexeuscampus.com\\\/ca\\\/\",\"logo\":{\"@type\":\"ImageObject\",\"inLanguage\":\"ca\",\"@id\":\"https:\\\/\\\/www.dexeuscampus.com\\\/ca\\\/#\\\/schema\\\/logo\\\/image\\\/\",\"url\":\"https:\\\/\\\/www.dexeuscampus.com\\\/wp-content\\\/uploads\\\/2021\\\/03\\\/Logo-Campus-Dexeus.png\",\"contentUrl\":\"https:\\\/\\\/www.dexeuscampus.com\\\/wp-content\\\/uploads\\\/2021\\\/03\\\/Logo-Campus-Dexeus.png\",\"width\":2068,\"height\":1773,\"caption\":\"DEXEUS CAMPUS. FUNDACI\u00d3 DEXEUS DONA\"},\"image\":{\"@id\":\"https:\\\/\\\/www.dexeuscampus.com\\\/ca\\\/#\\\/schema\\\/logo\\\/image\\\/\"},\"sameAs\":[\"https:\\\/\\\/www.facebook.com\\\/CampusDexeus\",\"https:\\\/\\\/x.com\\\/DexeusCampus\",\"https:\\\/\\\/www.youtube.com\\\/user\\\/DexeusCampus\",\"https:\\\/\\\/vimeo.com\\\/dexeuscampus\",\"https:\\\/\\\/www.linkedin.com\\\/company\\\/dexeusmujer\"]}]}<\/script>\n<!-- \/ Yoast SEO plugin. -->","yoast_head_json":{"title":"Maneig de l'alt risc obst\u00e8tric I - Prematuritat i Insufici\u00e8ncia placent\u00e0ria - Dexeus Campus","description":"Curs online per a optimitzar el diagn\u00f2stic, tractament i seguiment d'embarassos d'alt risc, amb un enfocament pr\u00e0ctic i basat en l'evid\u00e8ncia.","robots":{"index":"index","follow":"follow","max-snippet":"max-snippet:-1","max-image-preview":"max-image-preview:large","max-video-preview":"max-video-preview:-1"},"canonical":"https:\/\/www.dexeuscampus.com\/ca\/activitats\/curs-maneig-alt-risc-obstetric-1\/","og_locale":"ca_ES","og_type":"article","og_title":"Maneig de l'alt risc obst\u00e8tric I - Prematuritat i Insufici\u00e8ncia placent\u00e0ria - Dexeus Campus","og_description":"Curs online per a optimitzar el diagn\u00f2stic, tractament i seguiment d'embarassos d'alt risc, amb un enfocament pr\u00e0ctic i basat en l'evid\u00e8ncia.","og_url":"https:\/\/www.dexeuscampus.com\/ca\/activitats\/curs-maneig-alt-risc-obstetric-1\/","og_site_name":"Dexeus Campus","article_publisher":"https:\/\/www.facebook.com\/CampusDexeus","article_modified_time":"2026-03-20T18:19:27+00:00","og_image":[{"width":816,"height":630,"url":"https:\/\/www.dexeuscampus.com\/wp-content\/uploads\/2021\/06\/Imagen-Ficha-Curso-Alto-riesgo-obstetrico-2-2021.png","type":"image\/png"}],"twitter_card":"summary_large_image","twitter_site":"@DexeusCampus","twitter_misc":{"Temps estimat de lectura":"9 minuts"},"schema":{"@context":"https:\/\/schema.org","@graph":[{"@type":"WebPage","@id":"https:\/\/www.dexeuscampus.com\/ca\/activitats\/curs-maneig-alt-risc-obstetric-1\/","url":"https:\/\/www.dexeuscampus.com\/ca\/activitats\/curs-maneig-alt-risc-obstetric-1\/","name":"Maneig de l'alt risc obst\u00e8tric I - Prematuritat i Insufici\u00e8ncia placent\u00e0ria - Dexeus Campus","isPartOf":{"@id":"https:\/\/www.dexeuscampus.com\/ca\/#website"},"primaryImageOfPage":{"@id":"https:\/\/www.dexeuscampus.com\/ca\/activitats\/curs-maneig-alt-risc-obstetric-1\/#primaryimage"},"image":{"@id":"https:\/\/www.dexeuscampus.com\/ca\/activitats\/curs-maneig-alt-risc-obstetric-1\/#primaryimage"},"thumbnailUrl":"https:\/\/www.dexeuscampus.com\/wp-content\/uploads\/2021\/06\/Imagen-Ficha-Curso-Alto-riesgo-obstetrico-2-2021.png","datePublished":"2025-02-11T15:43:06+00:00","dateModified":"2026-03-20T18:19:27+00:00","description":"Curs online per a optimitzar el diagn\u00f2stic, tractament i seguiment d'embarassos d'alt risc, amb un enfocament pr\u00e0ctic i basat en l'evid\u00e8ncia.","breadcrumb":{"@id":"https:\/\/www.dexeuscampus.com\/ca\/activitats\/curs-maneig-alt-risc-obstetric-1\/#breadcrumb"},"inLanguage":"ca","potentialAction":[{"@type":"ReadAction","target":["https:\/\/www.dexeuscampus.com\/ca\/activitats\/curs-maneig-alt-risc-obstetric-1\/"]}]},{"@type":"ImageObject","inLanguage":"ca","@id":"https:\/\/www.dexeuscampus.com\/ca\/activitats\/curs-maneig-alt-risc-obstetric-1\/#primaryimage","url":"https:\/\/www.dexeuscampus.com\/wp-content\/uploads\/2021\/06\/Imagen-Ficha-Curso-Alto-riesgo-obstetrico-2-2021.png","contentUrl":"https:\/\/www.dexeuscampus.com\/wp-content\/uploads\/2021\/06\/Imagen-Ficha-Curso-Alto-riesgo-obstetrico-2-2021.png","width":816,"height":630},{"@type":"BreadcrumbList","@id":"https:\/\/www.dexeuscampus.com\/ca\/activitats\/curs-maneig-alt-risc-obstetric-1\/#breadcrumb","itemListElement":[{"@type":"ListItem","position":1,"name":"Portada","item":"https:\/\/www.dexeuscampus.com\/ca\/inici\/"},{"@type":"ListItem","position":2,"name":"Tienda","item":"https:\/\/www.dexeuscampus.com\/ca\/tienda-2\/"},{"@type":"ListItem","position":3,"name":"Maneig de l&#8217;alt risc obst\u00e8tric I &#8211; Prematuritat i Insufici\u00e8ncia placent\u00e0ria"}]},{"@type":"WebSite","@id":"https:\/\/www.dexeuscampus.com\/ca\/#website","url":"https:\/\/www.dexeuscampus.com\/ca\/","name":"Dexeus Campus","description":"Plataforma online dirigida a los profesionales especializados en obstetricia, ginecolog\u00eda y reproducci\u00f3n","publisher":{"@id":"https:\/\/www.dexeuscampus.com\/ca\/#organization"},"potentialAction":[{"@type":"SearchAction","target":{"@type":"EntryPoint","urlTemplate":"https:\/\/www.dexeuscampus.com\/ca\/?s={search_term_string}"},"query-input":{"@type":"PropertyValueSpecification","valueRequired":true,"valueName":"search_term_string"}}],"inLanguage":"ca"},{"@type":"Organization","@id":"https:\/\/www.dexeuscampus.com\/ca\/#organization","name":"DEXEUS CAMPUS. FUNDACI\u00d3 DEXEUS DONA","url":"https:\/\/www.dexeuscampus.com\/ca\/","logo":{"@type":"ImageObject","inLanguage":"ca","@id":"https:\/\/www.dexeuscampus.com\/ca\/#\/schema\/logo\/image\/","url":"https:\/\/www.dexeuscampus.com\/wp-content\/uploads\/2021\/03\/Logo-Campus-Dexeus.png","contentUrl":"https:\/\/www.dexeuscampus.com\/wp-content\/uploads\/2021\/03\/Logo-Campus-Dexeus.png","width":2068,"height":1773,"caption":"DEXEUS CAMPUS. FUNDACI\u00d3 DEXEUS DONA"},"image":{"@id":"https:\/\/www.dexeuscampus.com\/ca\/#\/schema\/logo\/image\/"},"sameAs":["https:\/\/www.facebook.com\/CampusDexeus","https:\/\/x.com\/DexeusCampus","https:\/\/www.youtube.com\/user\/DexeusCampus","https:\/\/vimeo.com\/dexeuscampus","https:\/\/www.linkedin.com\/company\/dexeusmujer"]}]}},"_links":{"self":[{"href":"https:\/\/www.dexeuscampus.com\/ca\/wp-json\/wp\/v2\/product\/34495","targetHints":{"allow":["GET"]}}],"collection":[{"href":"https:\/\/www.dexeuscampus.com\/ca\/wp-json\/wp\/v2\/product"}],"about":[{"href":"https:\/\/www.dexeuscampus.com\/ca\/wp-json\/wp\/v2\/types\/product"}],"replies":[{"embeddable":true,"href":"https:\/\/www.dexeuscampus.com\/ca\/wp-json\/wp\/v2\/comments?post=34495"}],"wp:featuredmedia":[{"embeddable":true,"href":"https:\/\/www.dexeuscampus.com\/ca\/wp-json\/wp\/v2\/media\/3852"}],"wp:attachment":[{"href":"https:\/\/www.dexeuscampus.com\/ca\/wp-json\/wp\/v2\/media?parent=34495"}],"wp:term":[{"taxonomy":"product_brand","embeddable":true,"href":"https:\/\/www.dexeuscampus.com\/ca\/wp-json\/wp\/v2\/product_brand?post=34495"},{"taxonomy":"product_cat","embeddable":true,"href":"https:\/\/www.dexeuscampus.com\/ca\/wp-json\/wp\/v2\/product_cat?post=34495"},{"taxonomy":"product_tag","embeddable":true,"href":"https:\/\/www.dexeuscampus.com\/ca\/wp-json\/wp\/v2\/product_tag?post=34495"},{"taxonomy":"modalidad","embeddable":true,"href":"https:\/\/www.dexeuscampus.com\/ca\/wp-json\/wp\/v2\/modalidad?post=34495"},{"taxonomy":"area","embeddable":true,"href":"https:\/\/www.dexeuscampus.com\/ca\/wp-json\/wp\/v2\/area?post=34495"},{"taxonomy":"idioma","embeddable":true,"href":"https:\/\/www.dexeuscampus.com\/ca\/wp-json\/wp\/v2\/idioma?post=34495"},{"taxonomy":"estado-del-curso","embeddable":true,"href":"https:\/\/www.dexeuscampus.com\/ca\/wp-json\/wp\/v2\/estado-del-curso?post=34495"}],"curies":[{"name":"wp","href":"https:\/\/api.w.org\/{rel}","templated":true}]}}