{"id":36144,"date":"2025-06-04T16:35:14","date_gmt":"2025-06-04T15:35:14","guid":{"rendered":"https:\/\/www.dexeuscampus.com\/actividades\/iniciacio-a-lobstetricia-curs-taller-semipresencial-basat-en-simulacio-per-a-residents-de-ginecologia-de-primer-any\/"},"modified":"2026-03-20T19:18:04","modified_gmt":"2026-03-20T18:18:04","slug":"iniciacio-obstetricia-curs-taller-simulacio-r1","status":"publish","type":"product","link":"https:\/\/www.dexeuscampus.com\/ca\/activitats\/iniciacio-obstetricia-curs-taller-simulacio-r1\/","title":{"rendered":"Iniciaci\u00f3 a l&#8217;Obstetr\u00edcia \u2013 Curs-taller semipresencial basat en simulaci\u00f3 per a Residents de Ginecologia de primer any"},"content":{"rendered":"<p>Curs-Taller de simulaci\u00f3, dissenyat espec\u00edficament per a metges residents a l&#8217;inici de la seva especialitzaci\u00f3 en ginecologia.<br data-mce-bogus=\"1\"><\/p>\n","protected":false},"excerpt":{"rendered":"<p>Curs-Taller de simulaci\u00f3, dissenyat espec\u00edficament per a metges residents a l&#8217;inici de la seva especialitzaci\u00f3 en ginecologia.<\/p>\n","protected":false},"featured_media":36107,"comment_status":"open","ping_status":"closed","template":"","meta":[],"product_brand":[],"product_cat":[27],"product_tag":[],"modalidad":[410],"area":[165],"idioma":[166],"estado-del-curso":[444],"class_list":{"0":"post-36144","1":"product","2":"type-product","3":"status-publish","4":"has-post-thumbnail","6":"product_cat-sense-categoria","7":"modalidad-simulacio-clinica","8":"area-obstetricia-ca","9":"idioma-espanyol","10":"estado-del-curso-historico","12":"first","13":"outofstock","14":"virtual","15":"purchasable","16":"product-type-simple"},"yoast_head":"<!-- This site is optimized with the Yoast SEO plugin v27.5 - https:\/\/yoast.com\/product\/yoast-seo-wordpress\/ -->\n<title>Iniciaci\u00f3 a l&#039;Obstetr\u00edcia \u2013 Curs-taller semipresencial basat en simulaci\u00f3 per a Residents de Ginecologia de primer any - Dexeus Campus<\/title>\n<meta name=\"description\" content=\"Curs-Taller de simulaci\u00f3, dissenyat espec\u00edficament per a metges residents a l&#039;inici de la seva especialitzaci\u00f3 en ginecologia.\" \/>\n<meta name=\"robots\" content=\"index, follow, max-snippet:-1, max-image-preview:large, max-video-preview:-1\" \/>\n<link rel=\"canonical\" href=\"https:\/\/www.dexeuscampus.com\/ca\/activitats\/iniciacio-obstetricia-curs-taller-simulacio-r1\/\" \/>\n<meta property=\"og:locale\" content=\"ca_ES\" \/>\n<meta property=\"og:type\" content=\"article\" \/>\n<meta property=\"og:title\" content=\"Iniciaci\u00f3 a l&#039;Obstetr\u00edcia \u2013 Curs-taller semipresencial basat en simulaci\u00f3 per a Residents de Ginecologia de primer any - Dexeus Campus\" \/>\n<meta property=\"og:description\" content=\"Curs-Taller de simulaci\u00f3, dissenyat espec\u00edficament per a metges residents a l&#039;inici de la seva especialitzaci\u00f3 en ginecologia.\" \/>\n<meta property=\"og:url\" content=\"https:\/\/www.dexeuscampus.com\/ca\/activitats\/iniciacio-obstetricia-curs-taller-simulacio-r1\/\" \/>\n<meta property=\"og:site_name\" content=\"Dexeus Campus\" \/>\n<meta property=\"article:publisher\" content=\"https:\/\/www.facebook.com\/CampusDexeus\" \/>\n<meta property=\"article:modified_time\" content=\"2026-03-20T18:18:04+00:00\" \/>\n<meta property=\"og:image\" content=\"https:\/\/www.dexeuscampus.com\/wp-content\/uploads\/2025\/06\/Programa-scaled.jpg\" \/>\n\t<meta property=\"og:image:width\" content=\"2560\" \/>\n\t<meta property=\"og:image:height\" content=\"1684\" \/>\n\t<meta property=\"og:image:type\" content=\"image\/jpeg\" \/>\n<meta name=\"twitter:card\" content=\"summary_large_image\" \/>\n<meta name=\"twitter:site\" content=\"@DexeusCampus\" \/>\n<meta name=\"twitter:label1\" content=\"Temps estimat de lectura\" \/>\n\t<meta name=\"twitter:data1\" content=\"7 minuts\" \/>\n<script type=\"application\/ld+json\" class=\"yoast-schema-graph\">{\"@context\":\"https:\\\/\\\/schema.org\",\"@graph\":[{\"@type\":\"WebPage\",\"@id\":\"https:\\\/\\\/www.dexeuscampus.com\\\/ca\\\/activitats\\\/iniciacio-obstetricia-curs-taller-simulacio-r1\\\/\",\"url\":\"https:\\\/\\\/www.dexeuscampus.com\\\/ca\\\/activitats\\\/iniciacio-obstetricia-curs-taller-simulacio-r1\\\/\",\"name\":\"Iniciaci\u00f3 a l'Obstetr\u00edcia \u2013 Curs-taller semipresencial basat en simulaci\u00f3 per a Residents de Ginecologia de primer any - Dexeus Campus\",\"isPartOf\":{\"@id\":\"https:\\\/\\\/www.dexeuscampus.com\\\/ca\\\/#website\"},\"primaryImageOfPage\":{\"@id\":\"https:\\\/\\\/www.dexeuscampus.com\\\/ca\\\/activitats\\\/iniciacio-obstetricia-curs-taller-simulacio-r1\\\/#primaryimage\"},\"image\":{\"@id\":\"https:\\\/\\\/www.dexeuscampus.com\\\/ca\\\/activitats\\\/iniciacio-obstetricia-curs-taller-simulacio-r1\\\/#primaryimage\"},\"thumbnailUrl\":\"https:\\\/\\\/www.dexeuscampus.com\\\/wp-content\\\/uploads\\\/2025\\\/06\\\/Programa-scaled.jpg\",\"datePublished\":\"2025-06-04T15:35:14+00:00\",\"dateModified\":\"2026-03-20T18:18:04+00:00\",\"description\":\"Curs-Taller de simulaci\u00f3, dissenyat espec\u00edficament per a metges residents a l'inici de la seva especialitzaci\u00f3 en ginecologia.\",\"breadcrumb\":{\"@id\":\"https:\\\/\\\/www.dexeuscampus.com\\\/ca\\\/activitats\\\/iniciacio-obstetricia-curs-taller-simulacio-r1\\\/#breadcrumb\"},\"inLanguage\":\"ca\",\"potentialAction\":[{\"@type\":\"ReadAction\",\"target\":[\"https:\\\/\\\/www.dexeuscampus.com\\\/ca\\\/activitats\\\/iniciacio-obstetricia-curs-taller-simulacio-r1\\\/\"]}]},{\"@type\":\"ImageObject\",\"inLanguage\":\"ca\",\"@id\":\"https:\\\/\\\/www.dexeuscampus.com\\\/ca\\\/activitats\\\/iniciacio-obstetricia-curs-taller-simulacio-r1\\\/#primaryimage\",\"url\":\"https:\\\/\\\/www.dexeuscampus.com\\\/wp-content\\\/uploads\\\/2025\\\/06\\\/Programa-scaled.jpg\",\"contentUrl\":\"https:\\\/\\\/www.dexeuscampus.com\\\/wp-content\\\/uploads\\\/2025\\\/06\\\/Programa-scaled.jpg\",\"width\":2560,\"height\":1684},{\"@type\":\"BreadcrumbList\",\"@id\":\"https:\\\/\\\/www.dexeuscampus.com\\\/ca\\\/activitats\\\/iniciacio-obstetricia-curs-taller-simulacio-r1\\\/#breadcrumb\",\"itemListElement\":[{\"@type\":\"ListItem\",\"position\":1,\"name\":\"Portada\",\"item\":\"https:\\\/\\\/www.dexeuscampus.com\\\/ca\\\/inici\\\/\"},{\"@type\":\"ListItem\",\"position\":2,\"name\":\"Tienda\",\"item\":\"https:\\\/\\\/www.dexeuscampus.com\\\/ca\\\/tienda-2\\\/\"},{\"@type\":\"ListItem\",\"position\":3,\"name\":\"Iniciaci\u00f3 a l&#8217;Obstetr\u00edcia \u2013 Curs-taller semipresencial basat en simulaci\u00f3 per a Residents de Ginecologia de primer any\"}]},{\"@type\":\"WebSite\",\"@id\":\"https:\\\/\\\/www.dexeuscampus.com\\\/ca\\\/#website\",\"url\":\"https:\\\/\\\/www.dexeuscampus.com\\\/ca\\\/\",\"name\":\"Dexeus Campus\",\"description\":\"Plataforma online dirigida a los profesionales especializados en obstetricia, ginecolog\u00eda y reproducci\u00f3n\",\"publisher\":{\"@id\":\"https:\\\/\\\/www.dexeuscampus.com\\\/ca\\\/#organization\"},\"potentialAction\":[{\"@type\":\"SearchAction\",\"target\":{\"@type\":\"EntryPoint\",\"urlTemplate\":\"https:\\\/\\\/www.dexeuscampus.com\\\/ca\\\/?s={search_term_string}\"},\"query-input\":{\"@type\":\"PropertyValueSpecification\",\"valueRequired\":true,\"valueName\":\"search_term_string\"}}],\"inLanguage\":\"ca\"},{\"@type\":\"Organization\",\"@id\":\"https:\\\/\\\/www.dexeuscampus.com\\\/ca\\\/#organization\",\"name\":\"DEXEUS CAMPUS. FUNDACI\u00d3 DEXEUS DONA\",\"url\":\"https:\\\/\\\/www.dexeuscampus.com\\\/ca\\\/\",\"logo\":{\"@type\":\"ImageObject\",\"inLanguage\":\"ca\",\"@id\":\"https:\\\/\\\/www.dexeuscampus.com\\\/ca\\\/#\\\/schema\\\/logo\\\/image\\\/\",\"url\":\"https:\\\/\\\/www.dexeuscampus.com\\\/wp-content\\\/uploads\\\/2021\\\/03\\\/Logo-Campus-Dexeus.png\",\"contentUrl\":\"https:\\\/\\\/www.dexeuscampus.com\\\/wp-content\\\/uploads\\\/2021\\\/03\\\/Logo-Campus-Dexeus.png\",\"width\":2068,\"height\":1773,\"caption\":\"DEXEUS CAMPUS. FUNDACI\u00d3 DEXEUS DONA\"},\"image\":{\"@id\":\"https:\\\/\\\/www.dexeuscampus.com\\\/ca\\\/#\\\/schema\\\/logo\\\/image\\\/\"},\"sameAs\":[\"https:\\\/\\\/www.facebook.com\\\/CampusDexeus\",\"https:\\\/\\\/x.com\\\/DexeusCampus\",\"https:\\\/\\\/www.youtube.com\\\/user\\\/DexeusCampus\",\"https:\\\/\\\/vimeo.com\\\/dexeuscampus\",\"https:\\\/\\\/www.linkedin.com\\\/company\\\/dexeusmujer\"]}]}<\/script>\n<!-- \/ Yoast SEO plugin. -->","yoast_head_json":{"title":"Iniciaci\u00f3 a l'Obstetr\u00edcia \u2013 Curs-taller semipresencial basat en simulaci\u00f3 per a Residents de Ginecologia de primer any - Dexeus Campus","description":"Curs-Taller de simulaci\u00f3, dissenyat espec\u00edficament per a metges residents a l'inici de la seva especialitzaci\u00f3 en ginecologia.","robots":{"index":"index","follow":"follow","max-snippet":"max-snippet:-1","max-image-preview":"max-image-preview:large","max-video-preview":"max-video-preview:-1"},"canonical":"https:\/\/www.dexeuscampus.com\/ca\/activitats\/iniciacio-obstetricia-curs-taller-simulacio-r1\/","og_locale":"ca_ES","og_type":"article","og_title":"Iniciaci\u00f3 a l'Obstetr\u00edcia \u2013 Curs-taller semipresencial basat en simulaci\u00f3 per a Residents de Ginecologia de primer any - Dexeus Campus","og_description":"Curs-Taller de simulaci\u00f3, dissenyat espec\u00edficament per a metges residents a l'inici de la seva especialitzaci\u00f3 en ginecologia.","og_url":"https:\/\/www.dexeuscampus.com\/ca\/activitats\/iniciacio-obstetricia-curs-taller-simulacio-r1\/","og_site_name":"Dexeus Campus","article_publisher":"https:\/\/www.facebook.com\/CampusDexeus","article_modified_time":"2026-03-20T18:18:04+00:00","og_image":[{"width":2560,"height":1684,"url":"https:\/\/www.dexeuscampus.com\/wp-content\/uploads\/2025\/06\/Programa-scaled.jpg","type":"image\/jpeg"}],"twitter_card":"summary_large_image","twitter_site":"@DexeusCampus","twitter_misc":{"Temps estimat de lectura":"7 minuts"},"schema":{"@context":"https:\/\/schema.org","@graph":[{"@type":"WebPage","@id":"https:\/\/www.dexeuscampus.com\/ca\/activitats\/iniciacio-obstetricia-curs-taller-simulacio-r1\/","url":"https:\/\/www.dexeuscampus.com\/ca\/activitats\/iniciacio-obstetricia-curs-taller-simulacio-r1\/","name":"Iniciaci\u00f3 a l'Obstetr\u00edcia \u2013 Curs-taller semipresencial basat en simulaci\u00f3 per a Residents de Ginecologia de primer any - Dexeus Campus","isPartOf":{"@id":"https:\/\/www.dexeuscampus.com\/ca\/#website"},"primaryImageOfPage":{"@id":"https:\/\/www.dexeuscampus.com\/ca\/activitats\/iniciacio-obstetricia-curs-taller-simulacio-r1\/#primaryimage"},"image":{"@id":"https:\/\/www.dexeuscampus.com\/ca\/activitats\/iniciacio-obstetricia-curs-taller-simulacio-r1\/#primaryimage"},"thumbnailUrl":"https:\/\/www.dexeuscampus.com\/wp-content\/uploads\/2025\/06\/Programa-scaled.jpg","datePublished":"2025-06-04T15:35:14+00:00","dateModified":"2026-03-20T18:18:04+00:00","description":"Curs-Taller de simulaci\u00f3, dissenyat espec\u00edficament per a metges residents a l'inici de la seva especialitzaci\u00f3 en ginecologia.","breadcrumb":{"@id":"https:\/\/www.dexeuscampus.com\/ca\/activitats\/iniciacio-obstetricia-curs-taller-simulacio-r1\/#breadcrumb"},"inLanguage":"ca","potentialAction":[{"@type":"ReadAction","target":["https:\/\/www.dexeuscampus.com\/ca\/activitats\/iniciacio-obstetricia-curs-taller-simulacio-r1\/"]}]},{"@type":"ImageObject","inLanguage":"ca","@id":"https:\/\/www.dexeuscampus.com\/ca\/activitats\/iniciacio-obstetricia-curs-taller-simulacio-r1\/#primaryimage","url":"https:\/\/www.dexeuscampus.com\/wp-content\/uploads\/2025\/06\/Programa-scaled.jpg","contentUrl":"https:\/\/www.dexeuscampus.com\/wp-content\/uploads\/2025\/06\/Programa-scaled.jpg","width":2560,"height":1684},{"@type":"BreadcrumbList","@id":"https:\/\/www.dexeuscampus.com\/ca\/activitats\/iniciacio-obstetricia-curs-taller-simulacio-r1\/#breadcrumb","itemListElement":[{"@type":"ListItem","position":1,"name":"Portada","item":"https:\/\/www.dexeuscampus.com\/ca\/inici\/"},{"@type":"ListItem","position":2,"name":"Tienda","item":"https:\/\/www.dexeuscampus.com\/ca\/tienda-2\/"},{"@type":"ListItem","position":3,"name":"Iniciaci\u00f3 a l&#8217;Obstetr\u00edcia \u2013 Curs-taller semipresencial basat en simulaci\u00f3 per a Residents de Ginecologia de primer any"}]},{"@type":"WebSite","@id":"https:\/\/www.dexeuscampus.com\/ca\/#website","url":"https:\/\/www.dexeuscampus.com\/ca\/","name":"Dexeus Campus","description":"Plataforma online dirigida a los profesionales especializados en obstetricia, ginecolog\u00eda y reproducci\u00f3n","publisher":{"@id":"https:\/\/www.dexeuscampus.com\/ca\/#organization"},"potentialAction":[{"@type":"SearchAction","target":{"@type":"EntryPoint","urlTemplate":"https:\/\/www.dexeuscampus.com\/ca\/?s={search_term_string}"},"query-input":{"@type":"PropertyValueSpecification","valueRequired":true,"valueName":"search_term_string"}}],"inLanguage":"ca"},{"@type":"Organization","@id":"https:\/\/www.dexeuscampus.com\/ca\/#organization","name":"DEXEUS CAMPUS. FUNDACI\u00d3 DEXEUS DONA","url":"https:\/\/www.dexeuscampus.com\/ca\/","logo":{"@type":"ImageObject","inLanguage":"ca","@id":"https:\/\/www.dexeuscampus.com\/ca\/#\/schema\/logo\/image\/","url":"https:\/\/www.dexeuscampus.com\/wp-content\/uploads\/2021\/03\/Logo-Campus-Dexeus.png","contentUrl":"https:\/\/www.dexeuscampus.com\/wp-content\/uploads\/2021\/03\/Logo-Campus-Dexeus.png","width":2068,"height":1773,"caption":"DEXEUS CAMPUS. FUNDACI\u00d3 DEXEUS DONA"},"image":{"@id":"https:\/\/www.dexeuscampus.com\/ca\/#\/schema\/logo\/image\/"},"sameAs":["https:\/\/www.facebook.com\/CampusDexeus","https:\/\/x.com\/DexeusCampus","https:\/\/www.youtube.com\/user\/DexeusCampus","https:\/\/vimeo.com\/dexeuscampus","https:\/\/www.linkedin.com\/company\/dexeusmujer"]}]}},"_links":{"self":[{"href":"https:\/\/www.dexeuscampus.com\/ca\/wp-json\/wp\/v2\/product\/36144","targetHints":{"allow":["GET"]}}],"collection":[{"href":"https:\/\/www.dexeuscampus.com\/ca\/wp-json\/wp\/v2\/product"}],"about":[{"href":"https:\/\/www.dexeuscampus.com\/ca\/wp-json\/wp\/v2\/types\/product"}],"replies":[{"embeddable":true,"href":"https:\/\/www.dexeuscampus.com\/ca\/wp-json\/wp\/v2\/comments?post=36144"}],"wp:featuredmedia":[{"embeddable":true,"href":"https:\/\/www.dexeuscampus.com\/ca\/wp-json\/wp\/v2\/media\/36107"}],"wp:attachment":[{"href":"https:\/\/www.dexeuscampus.com\/ca\/wp-json\/wp\/v2\/media?parent=36144"}],"wp:term":[{"taxonomy":"product_brand","embeddable":true,"href":"https:\/\/www.dexeuscampus.com\/ca\/wp-json\/wp\/v2\/product_brand?post=36144"},{"taxonomy":"product_cat","embeddable":true,"href":"https:\/\/www.dexeuscampus.com\/ca\/wp-json\/wp\/v2\/product_cat?post=36144"},{"taxonomy":"product_tag","embeddable":true,"href":"https:\/\/www.dexeuscampus.com\/ca\/wp-json\/wp\/v2\/product_tag?post=36144"},{"taxonomy":"modalidad","embeddable":true,"href":"https:\/\/www.dexeuscampus.com\/ca\/wp-json\/wp\/v2\/modalidad?post=36144"},{"taxonomy":"area","embeddable":true,"href":"https:\/\/www.dexeuscampus.com\/ca\/wp-json\/wp\/v2\/area?post=36144"},{"taxonomy":"idioma","embeddable":true,"href":"https:\/\/www.dexeuscampus.com\/ca\/wp-json\/wp\/v2\/idioma?post=36144"},{"taxonomy":"estado-del-curso","embeddable":true,"href":"https:\/\/www.dexeuscampus.com\/ca\/wp-json\/wp\/v2\/estado-del-curso?post=36144"}],"curies":[{"name":"wp","href":"https:\/\/api.w.org\/{rel}","templated":true}]}}