{"id":15885,"date":"2022-06-14T18:19:39","date_gmt":"2022-06-14T17:19:39","guid":{"rendered":"https:\/\/www.dexeuscampus.com\/?post_type=product&#038;p=15885"},"modified":"2024-03-21T17:29:01","modified_gmt":"2024-03-21T16:29:01","slug":"colposcopy-pathology-lower-genital-tract-2022","status":"publish","type":"product","link":"https:\/\/www.dexeuscampus.com\/en\/activities\/colposcopy-pathology-lower-genital-tract-2022\/","title":{"rendered":"Colposcopy and lower genital tract pathology update &#8211; 2022"},"content":{"rendered":"<p>The course aims to provide<strong> an overview of <\/strong><strong>colposcopy and pathology of the lower genital tract.<\/strong> La modificaci\u00f3n del instrumental, la introducci\u00f3n de nuevas t\u00e9cnicas e indicaciones, as\u00ed como la incorporaci\u00f3n de nuevos algoritmos tanto en la prevenci\u00f3n como en el diagn\u00f3stico y el tratamiento comportan cambios sustanciales que deben ser conocidos en profundidad para aplicarlos en la pr\u00e1ctica diaria. Tambi\u00e9n, dada su importancia en el futuro en la ginecolog\u00eda moderna, se ha incluido un tema sobre el <strong>papel de la ginecolog\u00eda reparativa<\/strong> en esta \u00e1rea<strong>.<\/strong> <\/p>\n","protected":false},"excerpt":{"rendered":"<p>The course aims to provide an overview of colposcopy and pathology of the lower genital tract. La modificaci\u00f3n del instrumental, la introducci\u00f3n de nuevas t\u00e9cnicas e indicaciones, as\u00ed como la incorporaci\u00f3n de nuevos algoritmos tanto en la prevenci\u00f3n como en el diagn\u00f3stico y el tratamiento comportan cambios sustanciales que deben ser conocidos en profundidad para [&hellip;]<\/p>\n","protected":false},"featured_media":18332,"comment_status":"open","ping_status":"closed","template":"","meta":[],"product_brand":[],"product_cat":[28],"product_tag":[],"modalidad":[177],"area":[179],"idioma":[176],"estado-del-curso":[445],"class_list":{"0":"post-15885","1":"product","2":"type-product","3":"status-publish","4":"has-post-thumbnail","6":"product_cat-uncategorized","7":"modalidad-online-en","8":"area-gynaecology","9":"idioma-spanish","10":"estado-del-curso-historico","12":"first","13":"outofstock","14":"featured","15":"virtual","16":"purchasable","17":"product-type-simple"},"yoast_head":"<!-- This site is optimized with the Yoast SEO plugin v27.3 - https:\/\/yoast.com\/product\/yoast-seo-wordpress\/ -->\n<title>Colposcopy and lower genital tract pathology update - 2022 - Dexeus Campus<\/title>\n<meta name=\"description\" content=\"The course aims to provide an overview of colposcopy and pathology of the lower genital tract. La modificaci\u00f3n del instrumental, la introducci\u00f3n de nuevas\" \/>\n<meta name=\"robots\" content=\"index, follow, max-snippet:-1, max-image-preview:large, max-video-preview:-1\" \/>\n<link rel=\"canonical\" href=\"https:\/\/www.dexeuscampus.com\/en\/activities\/colposcopy-pathology-lower-genital-tract-2022\/\" \/>\n<meta property=\"og:locale\" content=\"en_US\" \/>\n<meta property=\"og:type\" content=\"article\" \/>\n<meta property=\"og:title\" content=\"Colposcopy and lower genital tract pathology update - 2022 - Dexeus Campus\" \/>\n<meta property=\"og:description\" content=\"The course aims to provide an overview of colposcopy and pathology of the lower genital tract. La modificaci\u00f3n del instrumental, la introducci\u00f3n de nuevas\" \/>\n<meta property=\"og:url\" content=\"https:\/\/www.dexeuscampus.com\/en\/activities\/colposcopy-pathology-lower-genital-tract-2022\/\" \/>\n<meta property=\"og:site_name\" content=\"Dexeus Campus\" \/>\n<meta property=\"article:publisher\" content=\"https:\/\/www.facebook.com\/CampusDexeus\" \/>\n<meta property=\"article:modified_time\" content=\"2024-03-21T16:29:01+00:00\" \/>\n<meta property=\"og:image\" content=\"https:\/\/www.dexeuscampus.com\/wp-content\/uploads\/2022\/06\/colposcopia-patologia-cervical-2022-ok.jpg\" \/>\n\t<meta property=\"og:image:width\" content=\"452\" \/>\n\t<meta property=\"og:image:height\" content=\"567\" \/>\n\t<meta property=\"og:image:type\" content=\"image\/jpeg\" \/>\n<meta name=\"twitter:card\" content=\"summary_large_image\" \/>\n<meta name=\"twitter:site\" content=\"@DexeusCampus\" \/>\n<meta name=\"twitter:label1\" content=\"Est. reading time\" \/>\n\t<meta name=\"twitter:data1\" content=\"4 minutes\" \/>\n<script type=\"application\/ld+json\" class=\"yoast-schema-graph\">{\"@context\":\"https:\\\/\\\/schema.org\",\"@graph\":[{\"@type\":\"WebPage\",\"@id\":\"https:\\\/\\\/www.dexeuscampus.com\\\/en\\\/activities\\\/colposcopy-pathology-lower-genital-tract-2022\\\/\",\"url\":\"https:\\\/\\\/www.dexeuscampus.com\\\/en\\\/activities\\\/colposcopy-pathology-lower-genital-tract-2022\\\/\",\"name\":\"Colposcopy and lower genital tract pathology update - 2022 - Dexeus Campus\",\"isPartOf\":{\"@id\":\"https:\\\/\\\/www.dexeuscampus.com\\\/en\\\/#website\"},\"primaryImageOfPage\":{\"@id\":\"https:\\\/\\\/www.dexeuscampus.com\\\/en\\\/activities\\\/colposcopy-pathology-lower-genital-tract-2022\\\/#primaryimage\"},\"image\":{\"@id\":\"https:\\\/\\\/www.dexeuscampus.com\\\/en\\\/activities\\\/colposcopy-pathology-lower-genital-tract-2022\\\/#primaryimage\"},\"thumbnailUrl\":\"https:\\\/\\\/www.dexeuscampus.com\\\/wp-content\\\/uploads\\\/2022\\\/06\\\/colposcopia-patologia-cervical-2022-ok.jpg\",\"datePublished\":\"2022-06-14T17:19:39+00:00\",\"dateModified\":\"2024-03-21T16:29:01+00:00\",\"description\":\"The course aims to provide an overview of colposcopy and pathology of the lower genital tract. La modificaci\u00f3n del instrumental, la introducci\u00f3n de nuevas\",\"breadcrumb\":{\"@id\":\"https:\\\/\\\/www.dexeuscampus.com\\\/en\\\/activities\\\/colposcopy-pathology-lower-genital-tract-2022\\\/#breadcrumb\"},\"inLanguage\":\"en-US\",\"potentialAction\":[{\"@type\":\"ReadAction\",\"target\":[\"https:\\\/\\\/www.dexeuscampus.com\\\/en\\\/activities\\\/colposcopy-pathology-lower-genital-tract-2022\\\/\"]}]},{\"@type\":\"ImageObject\",\"inLanguage\":\"en-US\",\"@id\":\"https:\\\/\\\/www.dexeuscampus.com\\\/en\\\/activities\\\/colposcopy-pathology-lower-genital-tract-2022\\\/#primaryimage\",\"url\":\"https:\\\/\\\/www.dexeuscampus.com\\\/wp-content\\\/uploads\\\/2022\\\/06\\\/colposcopia-patologia-cervical-2022-ok.jpg\",\"contentUrl\":\"https:\\\/\\\/www.dexeuscampus.com\\\/wp-content\\\/uploads\\\/2022\\\/06\\\/colposcopia-patologia-cervical-2022-ok.jpg\",\"width\":452,\"height\":567},{\"@type\":\"BreadcrumbList\",\"@id\":\"https:\\\/\\\/www.dexeuscampus.com\\\/en\\\/activities\\\/colposcopy-pathology-lower-genital-tract-2022\\\/#breadcrumb\",\"itemListElement\":[{\"@type\":\"ListItem\",\"position\":1,\"name\":\"Portada\",\"item\":\"https:\\\/\\\/www.dexeuscampus.com\\\/en\\\/home\\\/\"},{\"@type\":\"ListItem\",\"position\":2,\"name\":\"Shop\",\"item\":\"https:\\\/\\\/www.dexeuscampus.com\\\/en\\\/shop\\\/\"},{\"@type\":\"ListItem\",\"position\":3,\"name\":\"Colposcopy and lower genital tract pathology update &#8211; 2022\"}]},{\"@type\":\"WebSite\",\"@id\":\"https:\\\/\\\/www.dexeuscampus.com\\\/en\\\/#website\",\"url\":\"https:\\\/\\\/www.dexeuscampus.com\\\/en\\\/\",\"name\":\"Dexeus Campus\",\"description\":\"Plataforma online dirigida a los profesionales especializados en obstetricia, ginecolog\u00eda y reproducci\u00f3n\",\"publisher\":{\"@id\":\"https:\\\/\\\/www.dexeuscampus.com\\\/en\\\/#organization\"},\"potentialAction\":[{\"@type\":\"SearchAction\",\"target\":{\"@type\":\"EntryPoint\",\"urlTemplate\":\"https:\\\/\\\/www.dexeuscampus.com\\\/en\\\/?s={search_term_string}\"},\"query-input\":{\"@type\":\"PropertyValueSpecification\",\"valueRequired\":true,\"valueName\":\"search_term_string\"}}],\"inLanguage\":\"en-US\"},{\"@type\":\"Organization\",\"@id\":\"https:\\\/\\\/www.dexeuscampus.com\\\/en\\\/#organization\",\"name\":\"DEXEUS CAMPUS. FUNDACION DEXEUS MUJER\",\"url\":\"https:\\\/\\\/www.dexeuscampus.com\\\/en\\\/\",\"logo\":{\"@type\":\"ImageObject\",\"inLanguage\":\"en-US\",\"@id\":\"https:\\\/\\\/www.dexeuscampus.com\\\/en\\\/#\\\/schema\\\/logo\\\/image\\\/\",\"url\":\"https:\\\/\\\/www.dexeuscampus.com\\\/wp-content\\\/uploads\\\/2021\\\/03\\\/Logo-Campus-Dexeus.png\",\"contentUrl\":\"https:\\\/\\\/www.dexeuscampus.com\\\/wp-content\\\/uploads\\\/2021\\\/03\\\/Logo-Campus-Dexeus.png\",\"width\":2068,\"height\":1773,\"caption\":\"DEXEUS CAMPUS. FUNDACION DEXEUS MUJER\"},\"image\":{\"@id\":\"https:\\\/\\\/www.dexeuscampus.com\\\/en\\\/#\\\/schema\\\/logo\\\/image\\\/\"},\"sameAs\":[\"https:\\\/\\\/www.facebook.com\\\/CampusDexeus\",\"https:\\\/\\\/x.com\\\/DexeusCampus\",\"https:\\\/\\\/www.youtube.com\\\/user\\\/DexeusCampus\",\"https:\\\/\\\/vimeo.com\\\/dexeuscampus\",\"https:\\\/\\\/www.linkedin.com\\\/company\\\/dexeusmujer\"]}]}<\/script>\n<!-- \/ Yoast SEO plugin. -->","yoast_head_json":{"title":"Colposcopy and lower genital tract pathology update - 2022 - Dexeus Campus","description":"The course aims to provide an overview of colposcopy and pathology of the lower genital tract. La modificaci\u00f3n del instrumental, la introducci\u00f3n de nuevas","robots":{"index":"index","follow":"follow","max-snippet":"max-snippet:-1","max-image-preview":"max-image-preview:large","max-video-preview":"max-video-preview:-1"},"canonical":"https:\/\/www.dexeuscampus.com\/en\/activities\/colposcopy-pathology-lower-genital-tract-2022\/","og_locale":"en_US","og_type":"article","og_title":"Colposcopy and lower genital tract pathology update - 2022 - Dexeus Campus","og_description":"The course aims to provide an overview of colposcopy and pathology of the lower genital tract. La modificaci\u00f3n del instrumental, la introducci\u00f3n de nuevas","og_url":"https:\/\/www.dexeuscampus.com\/en\/activities\/colposcopy-pathology-lower-genital-tract-2022\/","og_site_name":"Dexeus Campus","article_publisher":"https:\/\/www.facebook.com\/CampusDexeus","article_modified_time":"2024-03-21T16:29:01+00:00","og_image":[{"width":452,"height":567,"url":"https:\/\/www.dexeuscampus.com\/wp-content\/uploads\/2022\/06\/colposcopia-patologia-cervical-2022-ok.jpg","type":"image\/jpeg"}],"twitter_card":"summary_large_image","twitter_site":"@DexeusCampus","twitter_misc":{"Est. reading time":"4 minutes"},"schema":{"@context":"https:\/\/schema.org","@graph":[{"@type":"WebPage","@id":"https:\/\/www.dexeuscampus.com\/en\/activities\/colposcopy-pathology-lower-genital-tract-2022\/","url":"https:\/\/www.dexeuscampus.com\/en\/activities\/colposcopy-pathology-lower-genital-tract-2022\/","name":"Colposcopy and lower genital tract pathology update - 2022 - Dexeus Campus","isPartOf":{"@id":"https:\/\/www.dexeuscampus.com\/en\/#website"},"primaryImageOfPage":{"@id":"https:\/\/www.dexeuscampus.com\/en\/activities\/colposcopy-pathology-lower-genital-tract-2022\/#primaryimage"},"image":{"@id":"https:\/\/www.dexeuscampus.com\/en\/activities\/colposcopy-pathology-lower-genital-tract-2022\/#primaryimage"},"thumbnailUrl":"https:\/\/www.dexeuscampus.com\/wp-content\/uploads\/2022\/06\/colposcopia-patologia-cervical-2022-ok.jpg","datePublished":"2022-06-14T17:19:39+00:00","dateModified":"2024-03-21T16:29:01+00:00","description":"The course aims to provide an overview of colposcopy and pathology of the lower genital tract. La modificaci\u00f3n del instrumental, la introducci\u00f3n de nuevas","breadcrumb":{"@id":"https:\/\/www.dexeuscampus.com\/en\/activities\/colposcopy-pathology-lower-genital-tract-2022\/#breadcrumb"},"inLanguage":"en-US","potentialAction":[{"@type":"ReadAction","target":["https:\/\/www.dexeuscampus.com\/en\/activities\/colposcopy-pathology-lower-genital-tract-2022\/"]}]},{"@type":"ImageObject","inLanguage":"en-US","@id":"https:\/\/www.dexeuscampus.com\/en\/activities\/colposcopy-pathology-lower-genital-tract-2022\/#primaryimage","url":"https:\/\/www.dexeuscampus.com\/wp-content\/uploads\/2022\/06\/colposcopia-patologia-cervical-2022-ok.jpg","contentUrl":"https:\/\/www.dexeuscampus.com\/wp-content\/uploads\/2022\/06\/colposcopia-patologia-cervical-2022-ok.jpg","width":452,"height":567},{"@type":"BreadcrumbList","@id":"https:\/\/www.dexeuscampus.com\/en\/activities\/colposcopy-pathology-lower-genital-tract-2022\/#breadcrumb","itemListElement":[{"@type":"ListItem","position":1,"name":"Portada","item":"https:\/\/www.dexeuscampus.com\/en\/home\/"},{"@type":"ListItem","position":2,"name":"Shop","item":"https:\/\/www.dexeuscampus.com\/en\/shop\/"},{"@type":"ListItem","position":3,"name":"Colposcopy and lower genital tract pathology update &#8211; 2022"}]},{"@type":"WebSite","@id":"https:\/\/www.dexeuscampus.com\/en\/#website","url":"https:\/\/www.dexeuscampus.com\/en\/","name":"Dexeus Campus","description":"Plataforma online dirigida a los profesionales especializados en obstetricia, ginecolog\u00eda y reproducci\u00f3n","publisher":{"@id":"https:\/\/www.dexeuscampus.com\/en\/#organization"},"potentialAction":[{"@type":"SearchAction","target":{"@type":"EntryPoint","urlTemplate":"https:\/\/www.dexeuscampus.com\/en\/?s={search_term_string}"},"query-input":{"@type":"PropertyValueSpecification","valueRequired":true,"valueName":"search_term_string"}}],"inLanguage":"en-US"},{"@type":"Organization","@id":"https:\/\/www.dexeuscampus.com\/en\/#organization","name":"DEXEUS CAMPUS. FUNDACION DEXEUS MUJER","url":"https:\/\/www.dexeuscampus.com\/en\/","logo":{"@type":"ImageObject","inLanguage":"en-US","@id":"https:\/\/www.dexeuscampus.com\/en\/#\/schema\/logo\/image\/","url":"https:\/\/www.dexeuscampus.com\/wp-content\/uploads\/2021\/03\/Logo-Campus-Dexeus.png","contentUrl":"https:\/\/www.dexeuscampus.com\/wp-content\/uploads\/2021\/03\/Logo-Campus-Dexeus.png","width":2068,"height":1773,"caption":"DEXEUS CAMPUS. FUNDACION DEXEUS MUJER"},"image":{"@id":"https:\/\/www.dexeuscampus.com\/en\/#\/schema\/logo\/image\/"},"sameAs":["https:\/\/www.facebook.com\/CampusDexeus","https:\/\/x.com\/DexeusCampus","https:\/\/www.youtube.com\/user\/DexeusCampus","https:\/\/vimeo.com\/dexeuscampus","https:\/\/www.linkedin.com\/company\/dexeusmujer"]}]}},"_links":{"self":[{"href":"https:\/\/www.dexeuscampus.com\/en\/wp-json\/wp\/v2\/product\/15885","targetHints":{"allow":["GET"]}}],"collection":[{"href":"https:\/\/www.dexeuscampus.com\/en\/wp-json\/wp\/v2\/product"}],"about":[{"href":"https:\/\/www.dexeuscampus.com\/en\/wp-json\/wp\/v2\/types\/product"}],"replies":[{"embeddable":true,"href":"https:\/\/www.dexeuscampus.com\/en\/wp-json\/wp\/v2\/comments?post=15885"}],"wp:featuredmedia":[{"embeddable":true,"href":"https:\/\/www.dexeuscampus.com\/en\/wp-json\/wp\/v2\/media\/18332"}],"wp:attachment":[{"href":"https:\/\/www.dexeuscampus.com\/en\/wp-json\/wp\/v2\/media?parent=15885"}],"wp:term":[{"taxonomy":"product_brand","embeddable":true,"href":"https:\/\/www.dexeuscampus.com\/en\/wp-json\/wp\/v2\/product_brand?post=15885"},{"taxonomy":"product_cat","embeddable":true,"href":"https:\/\/www.dexeuscampus.com\/en\/wp-json\/wp\/v2\/product_cat?post=15885"},{"taxonomy":"product_tag","embeddable":true,"href":"https:\/\/www.dexeuscampus.com\/en\/wp-json\/wp\/v2\/product_tag?post=15885"},{"taxonomy":"modalidad","embeddable":true,"href":"https:\/\/www.dexeuscampus.com\/en\/wp-json\/wp\/v2\/modalidad?post=15885"},{"taxonomy":"area","embeddable":true,"href":"https:\/\/www.dexeuscampus.com\/en\/wp-json\/wp\/v2\/area?post=15885"},{"taxonomy":"idioma","embeddable":true,"href":"https:\/\/www.dexeuscampus.com\/en\/wp-json\/wp\/v2\/idioma?post=15885"},{"taxonomy":"estado-del-curso","embeddable":true,"href":"https:\/\/www.dexeuscampus.com\/en\/wp-json\/wp\/v2\/estado-del-curso?post=15885"}],"curies":[{"name":"wp","href":"https:\/\/api.w.org\/{rel}","templated":true}]}}