{"id":9946,"date":"2021-05-03T09:54:57","date_gmt":"2021-05-03T07:54:57","guid":{"rendered":"https:\/\/www.dexeuscampus.com\/curso\/actualizacion-en-menopausia-vision-global\/"},"modified":"2025-02-03T15:50:09","modified_gmt":"2025-02-03T14:50:09","slug":"menopause-update-overview","status":"publish","type":"product","link":"https:\/\/www.dexeuscampus.com\/en\/activities\/menopause-update-overview\/","title":{"rendered":"Menopause Update &#8211; Global Vision &#8211; 2022"},"content":{"rendered":"<p class=\"p1\">El curso pretende aportar <strong>una visi\u00f3n global sobre la menopausia<\/strong>, repasando las alteraciones que acontecen con m\u00e1s frecuencia, los tratamientos espec\u00edficos para esta etapa, sin olvidar el concepto de salud relacionado con las consecuencias de la postmenopausia a medio y largo plazo.<\/p>\n","protected":false},"excerpt":{"rendered":"<p>El curso pretende aportar una visi\u00f3n global sobre la menopausia, repasando las alteraciones que acontecen con m\u00e1s frecuencia, los tratamientos espec\u00edficos para esta etapa, sin olvidar el concepto de salud relacionado con las consecuencias de la postmenopausia a medio y largo plazo.<\/p>\n","protected":false},"featured_media":1461,"comment_status":"open","ping_status":"closed","template":"","meta":[],"product_brand":[],"product_cat":[28],"product_tag":[],"modalidad":[177],"area":[179],"idioma":[176],"estado-del-curso":[445],"class_list":{"0":"post-9946","1":"product","2":"type-product","3":"status-publish","4":"has-post-thumbnail","6":"product_cat-uncategorized","7":"modalidad-online-en","8":"area-gynaecology","9":"idioma-spanish","10":"estado-del-curso-historico","12":"first","13":"outofstock","14":"featured","15":"virtual","16":"purchasable","17":"product-type-simple"},"yoast_head":"<!-- This site is optimized with the Yoast SEO plugin v27.4 - https:\/\/yoast.com\/product\/yoast-seo-wordpress\/ -->\n<title>Menopause Update - Global Vision - 2022 - Dexeus Campus<\/title>\n<meta name=\"description\" content=\"El curso pretende aportar una visi\u00f3n global sobre la menopausia, repasando las alteraciones que acontecen con m\u00e1s frecuencia, los tratamientos espec\u00edficos\" \/>\n<meta name=\"robots\" content=\"index, follow, max-snippet:-1, max-image-preview:large, max-video-preview:-1\" \/>\n<link rel=\"canonical\" href=\"https:\/\/www.dexeuscampus.com\/en\/activities\/menopause-update-overview\/\" \/>\n<meta property=\"og:locale\" content=\"en_US\" \/>\n<meta property=\"og:type\" content=\"article\" \/>\n<meta property=\"og:title\" content=\"Menopause Update - Global Vision - 2022 - Dexeus Campus\" \/>\n<meta property=\"og:description\" content=\"El curso pretende aportar una visi\u00f3n global sobre la menopausia, repasando las alteraciones que acontecen con m\u00e1s frecuencia, los tratamientos espec\u00edficos\" \/>\n<meta property=\"og:url\" content=\"https:\/\/www.dexeuscampus.com\/en\/activities\/menopause-update-overview\/\" \/>\n<meta property=\"og:site_name\" content=\"Dexeus Campus\" \/>\n<meta property=\"article:publisher\" content=\"https:\/\/www.facebook.com\/CampusDexeus\" \/>\n<meta property=\"article:modified_time\" content=\"2025-02-03T14:50:09+00:00\" \/>\n<meta property=\"og:image\" content=\"https:\/\/www.dexeuscampus.com\/wp-content\/uploads\/2021\/05\/Curso-Menopausia-2021-scaled.jpg\" \/>\n\t<meta property=\"og:image:width\" content=\"2560\" \/>\n\t<meta property=\"og:image:height\" content=\"1651\" \/>\n\t<meta property=\"og:image:type\" content=\"image\/jpeg\" \/>\n<meta name=\"twitter:card\" content=\"summary_large_image\" \/>\n<meta name=\"twitter:site\" content=\"@DexeusCampus\" \/>\n<meta name=\"twitter:label1\" content=\"Est. reading time\" \/>\n\t<meta name=\"twitter:data1\" content=\"3 minutes\" \/>\n<script type=\"application\/ld+json\" class=\"yoast-schema-graph\">{\"@context\":\"https:\\\/\\\/schema.org\",\"@graph\":[{\"@type\":\"WebPage\",\"@id\":\"https:\\\/\\\/www.dexeuscampus.com\\\/en\\\/activities\\\/menopause-update-overview\\\/\",\"url\":\"https:\\\/\\\/www.dexeuscampus.com\\\/en\\\/activities\\\/menopause-update-overview\\\/\",\"name\":\"Menopause Update - Global Vision - 2022 - Dexeus Campus\",\"isPartOf\":{\"@id\":\"https:\\\/\\\/www.dexeuscampus.com\\\/en\\\/#website\"},\"primaryImageOfPage\":{\"@id\":\"https:\\\/\\\/www.dexeuscampus.com\\\/en\\\/activities\\\/menopause-update-overview\\\/#primaryimage\"},\"image\":{\"@id\":\"https:\\\/\\\/www.dexeuscampus.com\\\/en\\\/activities\\\/menopause-update-overview\\\/#primaryimage\"},\"thumbnailUrl\":\"https:\\\/\\\/www.dexeuscampus.com\\\/wp-content\\\/uploads\\\/2021\\\/05\\\/Curso-Menopausia-2021-scaled.jpg\",\"datePublished\":\"2021-05-03T07:54:57+00:00\",\"dateModified\":\"2025-02-03T14:50:09+00:00\",\"description\":\"El curso pretende aportar una visi\u00f3n global sobre la menopausia, repasando las alteraciones que acontecen con m\u00e1s frecuencia, los tratamientos espec\u00edficos\",\"breadcrumb\":{\"@id\":\"https:\\\/\\\/www.dexeuscampus.com\\\/en\\\/activities\\\/menopause-update-overview\\\/#breadcrumb\"},\"inLanguage\":\"en-US\",\"potentialAction\":[{\"@type\":\"ReadAction\",\"target\":[\"https:\\\/\\\/www.dexeuscampus.com\\\/en\\\/activities\\\/menopause-update-overview\\\/\"]}]},{\"@type\":\"ImageObject\",\"inLanguage\":\"en-US\",\"@id\":\"https:\\\/\\\/www.dexeuscampus.com\\\/en\\\/activities\\\/menopause-update-overview\\\/#primaryimage\",\"url\":\"https:\\\/\\\/www.dexeuscampus.com\\\/wp-content\\\/uploads\\\/2021\\\/05\\\/Curso-Menopausia-2021-scaled.jpg\",\"contentUrl\":\"https:\\\/\\\/www.dexeuscampus.com\\\/wp-content\\\/uploads\\\/2021\\\/05\\\/Curso-Menopausia-2021-scaled.jpg\",\"width\":2560,\"height\":1651},{\"@type\":\"BreadcrumbList\",\"@id\":\"https:\\\/\\\/www.dexeuscampus.com\\\/en\\\/activities\\\/menopause-update-overview\\\/#breadcrumb\",\"itemListElement\":[{\"@type\":\"ListItem\",\"position\":1,\"name\":\"Portada\",\"item\":\"https:\\\/\\\/www.dexeuscampus.com\\\/en\\\/home\\\/\"},{\"@type\":\"ListItem\",\"position\":2,\"name\":\"Shop\",\"item\":\"https:\\\/\\\/www.dexeuscampus.com\\\/en\\\/shop\\\/\"},{\"@type\":\"ListItem\",\"position\":3,\"name\":\"Menopause Update &#8211; Global Vision &#8211; 2022\"}]},{\"@type\":\"WebSite\",\"@id\":\"https:\\\/\\\/www.dexeuscampus.com\\\/en\\\/#website\",\"url\":\"https:\\\/\\\/www.dexeuscampus.com\\\/en\\\/\",\"name\":\"Dexeus Campus\",\"description\":\"Plataforma online dirigida a los profesionales especializados en obstetricia, ginecolog\u00eda y reproducci\u00f3n\",\"publisher\":{\"@id\":\"https:\\\/\\\/www.dexeuscampus.com\\\/en\\\/#organization\"},\"potentialAction\":[{\"@type\":\"SearchAction\",\"target\":{\"@type\":\"EntryPoint\",\"urlTemplate\":\"https:\\\/\\\/www.dexeuscampus.com\\\/en\\\/?s={search_term_string}\"},\"query-input\":{\"@type\":\"PropertyValueSpecification\",\"valueRequired\":true,\"valueName\":\"search_term_string\"}}],\"inLanguage\":\"en-US\"},{\"@type\":\"Organization\",\"@id\":\"https:\\\/\\\/www.dexeuscampus.com\\\/en\\\/#organization\",\"name\":\"DEXEUS CAMPUS. FUNDACION DEXEUS MUJER\",\"url\":\"https:\\\/\\\/www.dexeuscampus.com\\\/en\\\/\",\"logo\":{\"@type\":\"ImageObject\",\"inLanguage\":\"en-US\",\"@id\":\"https:\\\/\\\/www.dexeuscampus.com\\\/en\\\/#\\\/schema\\\/logo\\\/image\\\/\",\"url\":\"https:\\\/\\\/www.dexeuscampus.com\\\/wp-content\\\/uploads\\\/2021\\\/03\\\/Logo-Campus-Dexeus.png\",\"contentUrl\":\"https:\\\/\\\/www.dexeuscampus.com\\\/wp-content\\\/uploads\\\/2021\\\/03\\\/Logo-Campus-Dexeus.png\",\"width\":2068,\"height\":1773,\"caption\":\"DEXEUS CAMPUS. FUNDACION DEXEUS MUJER\"},\"image\":{\"@id\":\"https:\\\/\\\/www.dexeuscampus.com\\\/en\\\/#\\\/schema\\\/logo\\\/image\\\/\"},\"sameAs\":[\"https:\\\/\\\/www.facebook.com\\\/CampusDexeus\",\"https:\\\/\\\/x.com\\\/DexeusCampus\",\"https:\\\/\\\/www.youtube.com\\\/user\\\/DexeusCampus\",\"https:\\\/\\\/vimeo.com\\\/dexeuscampus\",\"https:\\\/\\\/www.linkedin.com\\\/company\\\/dexeusmujer\"]}]}<\/script>\n<!-- \/ Yoast SEO plugin. -->","yoast_head_json":{"title":"Menopause Update - Global Vision - 2022 - Dexeus Campus","description":"El curso pretende aportar una visi\u00f3n global sobre la menopausia, repasando las alteraciones que acontecen con m\u00e1s frecuencia, los tratamientos espec\u00edficos","robots":{"index":"index","follow":"follow","max-snippet":"max-snippet:-1","max-image-preview":"max-image-preview:large","max-video-preview":"max-video-preview:-1"},"canonical":"https:\/\/www.dexeuscampus.com\/en\/activities\/menopause-update-overview\/","og_locale":"en_US","og_type":"article","og_title":"Menopause Update - Global Vision - 2022 - Dexeus Campus","og_description":"El curso pretende aportar una visi\u00f3n global sobre la menopausia, repasando las alteraciones que acontecen con m\u00e1s frecuencia, los tratamientos espec\u00edficos","og_url":"https:\/\/www.dexeuscampus.com\/en\/activities\/menopause-update-overview\/","og_site_name":"Dexeus Campus","article_publisher":"https:\/\/www.facebook.com\/CampusDexeus","article_modified_time":"2025-02-03T14:50:09+00:00","og_image":[{"width":2560,"height":1651,"url":"https:\/\/www.dexeuscampus.com\/wp-content\/uploads\/2021\/05\/Curso-Menopausia-2021-scaled.jpg","type":"image\/jpeg"}],"twitter_card":"summary_large_image","twitter_site":"@DexeusCampus","twitter_misc":{"Est. reading time":"3 minutes"},"schema":{"@context":"https:\/\/schema.org","@graph":[{"@type":"WebPage","@id":"https:\/\/www.dexeuscampus.com\/en\/activities\/menopause-update-overview\/","url":"https:\/\/www.dexeuscampus.com\/en\/activities\/menopause-update-overview\/","name":"Menopause Update - Global Vision - 2022 - Dexeus Campus","isPartOf":{"@id":"https:\/\/www.dexeuscampus.com\/en\/#website"},"primaryImageOfPage":{"@id":"https:\/\/www.dexeuscampus.com\/en\/activities\/menopause-update-overview\/#primaryimage"},"image":{"@id":"https:\/\/www.dexeuscampus.com\/en\/activities\/menopause-update-overview\/#primaryimage"},"thumbnailUrl":"https:\/\/www.dexeuscampus.com\/wp-content\/uploads\/2021\/05\/Curso-Menopausia-2021-scaled.jpg","datePublished":"2021-05-03T07:54:57+00:00","dateModified":"2025-02-03T14:50:09+00:00","description":"El curso pretende aportar una visi\u00f3n global sobre la menopausia, repasando las alteraciones que acontecen con m\u00e1s frecuencia, los tratamientos espec\u00edficos","breadcrumb":{"@id":"https:\/\/www.dexeuscampus.com\/en\/activities\/menopause-update-overview\/#breadcrumb"},"inLanguage":"en-US","potentialAction":[{"@type":"ReadAction","target":["https:\/\/www.dexeuscampus.com\/en\/activities\/menopause-update-overview\/"]}]},{"@type":"ImageObject","inLanguage":"en-US","@id":"https:\/\/www.dexeuscampus.com\/en\/activities\/menopause-update-overview\/#primaryimage","url":"https:\/\/www.dexeuscampus.com\/wp-content\/uploads\/2021\/05\/Curso-Menopausia-2021-scaled.jpg","contentUrl":"https:\/\/www.dexeuscampus.com\/wp-content\/uploads\/2021\/05\/Curso-Menopausia-2021-scaled.jpg","width":2560,"height":1651},{"@type":"BreadcrumbList","@id":"https:\/\/www.dexeuscampus.com\/en\/activities\/menopause-update-overview\/#breadcrumb","itemListElement":[{"@type":"ListItem","position":1,"name":"Portada","item":"https:\/\/www.dexeuscampus.com\/en\/home\/"},{"@type":"ListItem","position":2,"name":"Shop","item":"https:\/\/www.dexeuscampus.com\/en\/shop\/"},{"@type":"ListItem","position":3,"name":"Menopause Update &#8211; Global Vision &#8211; 2022"}]},{"@type":"WebSite","@id":"https:\/\/www.dexeuscampus.com\/en\/#website","url":"https:\/\/www.dexeuscampus.com\/en\/","name":"Dexeus Campus","description":"Plataforma online dirigida a los profesionales especializados en obstetricia, ginecolog\u00eda y reproducci\u00f3n","publisher":{"@id":"https:\/\/www.dexeuscampus.com\/en\/#organization"},"potentialAction":[{"@type":"SearchAction","target":{"@type":"EntryPoint","urlTemplate":"https:\/\/www.dexeuscampus.com\/en\/?s={search_term_string}"},"query-input":{"@type":"PropertyValueSpecification","valueRequired":true,"valueName":"search_term_string"}}],"inLanguage":"en-US"},{"@type":"Organization","@id":"https:\/\/www.dexeuscampus.com\/en\/#organization","name":"DEXEUS CAMPUS. FUNDACION DEXEUS MUJER","url":"https:\/\/www.dexeuscampus.com\/en\/","logo":{"@type":"ImageObject","inLanguage":"en-US","@id":"https:\/\/www.dexeuscampus.com\/en\/#\/schema\/logo\/image\/","url":"https:\/\/www.dexeuscampus.com\/wp-content\/uploads\/2021\/03\/Logo-Campus-Dexeus.png","contentUrl":"https:\/\/www.dexeuscampus.com\/wp-content\/uploads\/2021\/03\/Logo-Campus-Dexeus.png","width":2068,"height":1773,"caption":"DEXEUS CAMPUS. FUNDACION DEXEUS MUJER"},"image":{"@id":"https:\/\/www.dexeuscampus.com\/en\/#\/schema\/logo\/image\/"},"sameAs":["https:\/\/www.facebook.com\/CampusDexeus","https:\/\/x.com\/DexeusCampus","https:\/\/www.youtube.com\/user\/DexeusCampus","https:\/\/vimeo.com\/dexeuscampus","https:\/\/www.linkedin.com\/company\/dexeusmujer"]}]}},"_links":{"self":[{"href":"https:\/\/www.dexeuscampus.com\/en\/wp-json\/wp\/v2\/product\/9946","targetHints":{"allow":["GET"]}}],"collection":[{"href":"https:\/\/www.dexeuscampus.com\/en\/wp-json\/wp\/v2\/product"}],"about":[{"href":"https:\/\/www.dexeuscampus.com\/en\/wp-json\/wp\/v2\/types\/product"}],"replies":[{"embeddable":true,"href":"https:\/\/www.dexeuscampus.com\/en\/wp-json\/wp\/v2\/comments?post=9946"}],"wp:featuredmedia":[{"embeddable":true,"href":"https:\/\/www.dexeuscampus.com\/en\/wp-json\/wp\/v2\/media\/1461"}],"wp:attachment":[{"href":"https:\/\/www.dexeuscampus.com\/en\/wp-json\/wp\/v2\/media?parent=9946"}],"wp:term":[{"taxonomy":"product_brand","embeddable":true,"href":"https:\/\/www.dexeuscampus.com\/en\/wp-json\/wp\/v2\/product_brand?post=9946"},{"taxonomy":"product_cat","embeddable":true,"href":"https:\/\/www.dexeuscampus.com\/en\/wp-json\/wp\/v2\/product_cat?post=9946"},{"taxonomy":"product_tag","embeddable":true,"href":"https:\/\/www.dexeuscampus.com\/en\/wp-json\/wp\/v2\/product_tag?post=9946"},{"taxonomy":"modalidad","embeddable":true,"href":"https:\/\/www.dexeuscampus.com\/en\/wp-json\/wp\/v2\/modalidad?post=9946"},{"taxonomy":"area","embeddable":true,"href":"https:\/\/www.dexeuscampus.com\/en\/wp-json\/wp\/v2\/area?post=9946"},{"taxonomy":"idioma","embeddable":true,"href":"https:\/\/www.dexeuscampus.com\/en\/wp-json\/wp\/v2\/idioma?post=9946"},{"taxonomy":"estado-del-curso","embeddable":true,"href":"https:\/\/www.dexeuscampus.com\/en\/wp-json\/wp\/v2\/estado-del-curso?post=9946"}],"curies":[{"name":"wp","href":"https:\/\/api.w.org\/{rel}","templated":true}]}}